{"id":3974,"date":"2023-10-10T03:49:52","date_gmt":"2023-10-10T03:49:52","guid":{"rendered":"https:\/\/atlasfitnes.com\/?post_type=product&#038;p=3974"},"modified":"2024-07-11T12:30:12","modified_gmt":"2024-07-11T12:30:12","slug":"womens-advanced-programme","status":"publish","type":"product","link":"https:\/\/atlasfitnes.com\/sv\/produkt\/avancerat-program-for-kvinnor\/","title":{"rendered":"AVANCERAT PROGRAM F\u00d6R KVINNOR"},"content":{"rendered":"<p>ATLAS AVANCERAD<\/p>\n<p>V\u00e5rt avancerade program \u00e4r utformat f\u00f6r att \u00f6vervinna plat\u00e5er. Det \u00e4r avsett f\u00f6r alla som redan har erfarenhet av fitness och som vill ta sin h\u00e4lsa och figur till n\u00e4sta niv\u00e5. Det finns avancerade program f\u00f6r kvinnor och m\u00e4n tillg\u00e4ngliga. \u00c4r du redo f\u00f6r 12-veckorsutmaningen? Kom ig\u00e5ng redan idag!<\/p>\n<p>Grunderna f\u00f6r programmet:<\/p>\n<p><strong>Utbildning<\/strong><\/p>\n<p>Programmet erbjuder en resurs f\u00f6r utbildning i h\u00e4lsa och fitness, regenerering och allm\u00e4nt v\u00e4lbefinnande. Det l\u00e4r deltagarna att g\u00f6ra varaktiga livsstilsf\u00f6r\u00e4ndringar som h\u00e5ller i sig \u00e4ven efter programmets slut.<\/p>\n<p><strong>Mat<\/strong><\/p>\n<p>Den ger en avancerad f\u00f6rst\u00e5else f\u00f6r h\u00e4lsosam kost tillsammans med en handbok med nya, h\u00e4lsosamma och enkla recept.<\/p>\n<p><strong>Riktade program<\/strong><\/p>\n<p>Den \u00e4r utformad f\u00f6r att optimera din resa till din dr\u00f6mfigur och h\u00e4lsa. Den \u00e4r baserad p\u00e5 fakta som bevisats \u00f6ver tid och nya r\u00f6n.<a id=\"remove-post-thumbnail\" href=\"https:\/\/atlasfitnes.com\/wp-admin\/post.php?post=3974&amp;action=edit#\">Ta bort produktbild<\/a><\/p>\n<p><strong>Framsteg<\/strong><\/p>\n<p>Det avancerade programmet fungerar som en spr\u00e5ngbr\u00e4da till n\u00e4sta niv\u00e5. Det \u00e4r utformat f\u00f6r att testa dig sj\u00e4lv och se vad du \u00e4r kapabel att uppn\u00e5. Stagnera inte, g\u00f6r framsteg!<\/p>","protected":false},"excerpt":{"rendered":"<p>Endast en g\u00e5ng 99,99 euro!<\/p>\n<p>Avancerat program ing\u00e5r:<\/p>\n<ul>\n<li>Avancerat 12-veckors tr\u00e4ningsprogram<\/li>\n<li>Videor f\u00f6r demonstration av \u00f6vningar<\/li>\n<li>Avancerat program \"Fundamentals of Fitness\"<\/li>\n<li>En samling enkla, h\u00e4lsosamma och l\u00e4ckra recept<\/li>\n<li>Ink\u00f6pslista<\/li>\n<\/ul>","protected":false},"featured_media":7783,"comment_status":"open","ping_status":"closed","template":"","meta":{"ocean_post_layout":"","ocean_both_sidebars_style":"","ocean_both_sidebars_content_width":0,"ocean_both_sidebars_sidebars_width":0,"ocean_sidebar":"0","ocean_second_sidebar":"0","ocean_disable_margins":"enable","ocean_add_body_class":"","ocean_shortcode_before_top_bar":"","ocean_shortcode_after_top_bar":"","ocean_shortcode_before_header":"","ocean_shortcode_after_header":"","ocean_has_shortcode":"","ocean_shortcode_after_title":"","ocean_shortcode_before_footer_widgets":"","ocean_shortcode_after_footer_widgets":"","ocean_shortcode_before_footer_bottom":"","ocean_shortcode_after_footer_bottom":"","ocean_display_top_bar":"default","ocean_display_header":"default","ocean_header_style":"","ocean_center_header_left_menu":"0","ocean_custom_header_template":"0","ocean_custom_logo":0,"ocean_custom_retina_logo":0,"ocean_custom_logo_max_width":0,"ocean_custom_logo_tablet_max_width":0,"ocean_custom_logo_mobile_max_width":0,"ocean_custom_logo_max_height":0,"ocean_custom_logo_tablet_max_height":0,"ocean_custom_logo_mobile_max_height":0,"ocean_header_custom_menu":"0","ocean_menu_typo_font_family":"0","ocean_menu_typo_font_subset":"","ocean_menu_typo_font_size":0,"ocean_menu_typo_font_size_tablet":0,"ocean_menu_typo_font_size_mobile":0,"ocean_menu_typo_font_size_unit":"px","ocean_menu_typo_font_weight":"","ocean_menu_typo_font_weight_tablet":"","ocean_menu_typo_font_weight_mobile":"","ocean_menu_typo_transform":"","ocean_menu_typo_transform_tablet":"","ocean_menu_typo_transform_mobile":"","ocean_menu_typo_line_height":0,"ocean_menu_typo_line_height_tablet":0,"ocean_menu_typo_line_height_mobile":0,"ocean_menu_typo_line_height_unit":"","ocean_menu_typo_spacing":0,"ocean_menu_typo_spacing_tablet":0,"ocean_menu_typo_spacing_mobile":0,"ocean_menu_typo_spacing_unit":"","ocean_menu_link_color":"","ocean_menu_link_color_hover":"","ocean_menu_link_color_active":"","ocean_menu_link_background":"","ocean_menu_link_hover_background":"","ocean_menu_link_active_background":"","ocean_menu_social_links_bg":"","ocean_menu_social_hover_links_bg":"","ocean_menu_social_links_color":"","ocean_menu_social_hover_links_color":"","ocean_disable_title":"default","ocean_disable_heading":"default","ocean_post_title":"","ocean_post_subheading":"","ocean_post_title_style":"","ocean_post_title_background_color":"","ocean_post_title_background":0,"ocean_post_title_bg_image_position":"","ocean_post_title_bg_image_attachment":"","ocean_post_title_bg_image_repeat":"","ocean_post_title_bg_image_size":"","ocean_post_title_height":0,"ocean_post_title_bg_overlay":0.5,"ocean_post_title_bg_overlay_color":"","ocean_disable_breadcrumbs":"default","ocean_breadcrumbs_color":"","ocean_breadcrumbs_separator_color":"","ocean_breadcrumbs_links_color":"","ocean_breadcrumbs_links_hover_color":"","ocean_display_footer_widgets":"default","ocean_display_footer_bottom":"default","ocean_custom_footer_template":"0","osh_disable_topbar_sticky":"default","osh_disable_header_sticky":"default","osh_sticky_header_style":"default","osh_sticky_header_effect":"","osh_custom_sticky_logo":0,"osh_custom_retina_sticky_logo":0,"osh_custom_sticky_logo_height":0,"osh_background_color":"","osh_links_color":"","osh_links_hover_color":"","osh_links_active_color":"","osh_links_bg_color":"","osh_links_hover_bg_color":"","osh_links_active_bg_color":"","osh_menu_social_links_color":"","osh_menu_social_hover_links_color":""},"product_cat":[44],"product_tag":[],"yoast_head":"<!-- This site is optimized with the Yoast SEO Premium plugin v23.4 (Yoast SEO v23.4) - https:\/\/yoast.com\/wordpress\/plugins\/seo\/ -->\n<title>WOMEN&#039;S ADVANCED PROGRAMME - Atlas Fitnes<\/title>\n<meta name=\"description\" content=\"WOMEN&#039;S ADVANCED PROGRAMME - Atlas Fitnes\" \/>\n<meta name=\"robots\" content=\"index, follow, max-snippet:-1, max-image-preview:large, max-video-preview:-1\" \/>\n<link rel=\"canonical\" href=\"https:\/\/atlasfitnes.com\/sv\/produkt\/avancerat-program-for-kvinnor\/\" \/>\n<meta property=\"og:locale\" content=\"sv_SE\" \/>\n<meta property=\"og:type\" content=\"article\" \/>\n<meta property=\"og:title\" content=\"WOMEN&#039;S ADVANCED PROGRAMME\" \/>\n<meta property=\"og:description\" content=\"WOMEN&#039;S ADVANCED PROGRAMME - Atlas Fitnes\" \/>\n<meta property=\"og:url\" content=\"https:\/\/atlasfitnes.com\/sv\/produkt\/avancerat-program-for-kvinnor\/\" \/>\n<meta property=\"og:site_name\" content=\"Atlas Fitnes\" \/>\n<meta property=\"article:modified_time\" content=\"2024-07-11T12:30:12+00:00\" \/>\n<meta property=\"og:image\" content=\"https:\/\/atlasfitnes.com\/wp-content\/uploads\/2023\/10\/advanced-programe-women.jpg\" \/>\n\t<meta property=\"og:image:width\" content=\"1080\" \/>\n\t<meta property=\"og:image:height\" content=\"1068\" \/>\n\t<meta property=\"og:image:type\" content=\"image\/jpeg\" \/>\n<meta name=\"twitter:card\" content=\"summary_large_image\" \/>\n<meta name=\"twitter:label1\" content=\"Ber\u00e4knad l\u00e4stid\" \/>\n\t<meta name=\"twitter:data1\" content=\"1 minut\" \/>\n<script type=\"application\/ld+json\" class=\"yoast-schema-graph\">{\"@context\":\"https:\/\/schema.org\",\"@graph\":[{\"@type\":\"WebPage\",\"@id\":\"https:\/\/atlasfitnes.com\/product\/womens-advanced-programme\/\",\"url\":\"https:\/\/atlasfitnes.com\/product\/womens-advanced-programme\/\",\"name\":\"WOMEN'S ADVANCED PROGRAMME - Atlas Fitnes\",\"isPartOf\":{\"@id\":\"https:\/\/atlasfitnes.com\/#website\"},\"primaryImageOfPage\":{\"@id\":\"https:\/\/atlasfitnes.com\/product\/womens-advanced-programme\/#primaryimage\"},\"image\":{\"@id\":\"https:\/\/atlasfitnes.com\/product\/womens-advanced-programme\/#primaryimage\"},\"thumbnailUrl\":\"https:\/\/atlasfitnes.com\/wp-content\/uploads\/2023\/10\/advanced-programe-women.jpg\",\"datePublished\":\"2023-10-10T03:49:52+00:00\",\"dateModified\":\"2024-07-11T12:30:12+00:00\",\"description\":\"WOMEN'S ADVANCED PROGRAMME - Atlas Fitnes\",\"breadcrumb\":{\"@id\":\"https:\/\/atlasfitnes.com\/product\/womens-advanced-programme\/#breadcrumb\"},\"inLanguage\":\"sv-SE\",\"potentialAction\":[{\"@type\":\"ReadAction\",\"target\":[\"https:\/\/atlasfitnes.com\/product\/womens-advanced-programme\/\"]}]},{\"@type\":\"ImageObject\",\"inLanguage\":\"sv-SE\",\"@id\":\"https:\/\/atlasfitnes.com\/product\/womens-advanced-programme\/#primaryimage\",\"url\":\"https:\/\/atlasfitnes.com\/wp-content\/uploads\/2023\/10\/advanced-programe-women.jpg\",\"contentUrl\":\"https:\/\/atlasfitnes.com\/wp-content\/uploads\/2023\/10\/advanced-programe-women.jpg\",\"width\":1080,\"height\":1068,\"caption\":\"Atlasfitnes -advanced programme\"},{\"@type\":\"BreadcrumbList\",\"@id\":\"https:\/\/atlasfitnes.com\/product\/womens-advanced-programme\/#breadcrumb\",\"itemListElement\":[{\"@type\":\"ListItem\",\"position\":1,\"name\":\"Home\",\"item\":\"https:\/\/atlasfitnes.com\/es\/\"},{\"@type\":\"ListItem\",\"position\":2,\"name\":\"Shop\",\"item\":\"https:\/\/atlasfitnes.com\/shop\/\"},{\"@type\":\"ListItem\",\"position\":3,\"name\":\"WOMEN&#8217;S ADVANCED PROGRAMME\"}]},{\"@type\":\"WebSite\",\"@id\":\"https:\/\/atlasfitnes.com\/#website\",\"url\":\"https:\/\/atlasfitnes.com\/\",\"name\":\"Atlas Fitnes\",\"description\":\"atlasfitnes.com\",\"publisher\":{\"@id\":\"https:\/\/atlasfitnes.com\/#organization\"},\"potentialAction\":[{\"@type\":\"SearchAction\",\"target\":{\"@type\":\"EntryPoint\",\"urlTemplate\":\"https:\/\/atlasfitnes.com\/?s={search_term_string}\"},\"query-input\":{\"@type\":\"PropertyValueSpecification\",\"valueRequired\":true,\"valueName\":\"search_term_string\"}}],\"inLanguage\":\"sv-SE\"},{\"@type\":\"Organization\",\"@id\":\"https:\/\/atlasfitnes.com\/#organization\",\"name\":\"Atlas Fitnes\",\"url\":\"https:\/\/atlasfitnes.com\/\",\"logo\":{\"@type\":\"ImageObject\",\"inLanguage\":\"sv-SE\",\"@id\":\"https:\/\/atlasfitnes.com\/#\/schema\/logo\/image\/\",\"url\":\"https:\/\/atlasfitnes.com\/wp-content\/uploads\/2024\/07\/logo-atlasfitnes-1.png\",\"contentUrl\":\"https:\/\/atlasfitnes.com\/wp-content\/uploads\/2024\/07\/logo-atlasfitnes-1.png\",\"width\":400,\"height\":138,\"caption\":\"Atlas Fitnes\"},\"image\":{\"@id\":\"https:\/\/atlasfitnes.com\/#\/schema\/logo\/image\/\"}}]}<\/script>\n<!-- \/ Yoast SEO Premium plugin. -->","yoast_head_json":{"title":"WOMEN'S ADVANCED PROGRAMME - Atlas Fitnes","description":"WOMEN'S ADVANCED PROGRAMME - Atlas Fitnes","robots":{"index":"index","follow":"follow","max-snippet":"max-snippet:-1","max-image-preview":"max-image-preview:large","max-video-preview":"max-video-preview:-1"},"canonical":"https:\/\/atlasfitnes.com\/sv\/produkt\/avancerat-program-for-kvinnor\/","og_locale":"sv_SE","og_type":"article","og_title":"WOMEN'S ADVANCED PROGRAMME","og_description":"WOMEN'S ADVANCED PROGRAMME - Atlas Fitnes","og_url":"https:\/\/atlasfitnes.com\/sv\/produkt\/avancerat-program-for-kvinnor\/","og_site_name":"Atlas Fitnes","article_modified_time":"2024-07-11T12:30:12+00:00","og_image":[{"width":1080,"height":1068,"url":"https:\/\/atlasfitnes.com\/wp-content\/uploads\/2023\/10\/advanced-programe-women.jpg","type":"image\/jpeg"}],"twitter_card":"summary_large_image","twitter_misc":{"Ber\u00e4knad l\u00e4stid":"1 minut"},"schema":{"@context":"https:\/\/schema.org","@graph":[{"@type":"WebPage","@id":"https:\/\/atlasfitnes.com\/product\/womens-advanced-programme\/","url":"https:\/\/atlasfitnes.com\/product\/womens-advanced-programme\/","name":"WOMEN'S ADVANCED PROGRAMME - Atlas Fitnes","isPartOf":{"@id":"https:\/\/atlasfitnes.com\/#website"},"primaryImageOfPage":{"@id":"https:\/\/atlasfitnes.com\/product\/womens-advanced-programme\/#primaryimage"},"image":{"@id":"https:\/\/atlasfitnes.com\/product\/womens-advanced-programme\/#primaryimage"},"thumbnailUrl":"https:\/\/atlasfitnes.com\/wp-content\/uploads\/2023\/10\/advanced-programe-women.jpg","datePublished":"2023-10-10T03:49:52+00:00","dateModified":"2024-07-11T12:30:12+00:00","description":"WOMEN'S ADVANCED PROGRAMME - Atlas Fitnes","breadcrumb":{"@id":"https:\/\/atlasfitnes.com\/product\/womens-advanced-programme\/#breadcrumb"},"inLanguage":"sv-SE","potentialAction":[{"@type":"ReadAction","target":["https:\/\/atlasfitnes.com\/product\/womens-advanced-programme\/"]}]},{"@type":"ImageObject","inLanguage":"sv-SE","@id":"https:\/\/atlasfitnes.com\/product\/womens-advanced-programme\/#primaryimage","url":"https:\/\/atlasfitnes.com\/wp-content\/uploads\/2023\/10\/advanced-programe-women.jpg","contentUrl":"https:\/\/atlasfitnes.com\/wp-content\/uploads\/2023\/10\/advanced-programe-women.jpg","width":1080,"height":1068,"caption":"Atlasfitnes -advanced programme"},{"@type":"BreadcrumbList","@id":"https:\/\/atlasfitnes.com\/product\/womens-advanced-programme\/#breadcrumb","itemListElement":[{"@type":"ListItem","position":1,"name":"Home","item":"https:\/\/atlasfitnes.com\/es\/"},{"@type":"ListItem","position":2,"name":"Shop","item":"https:\/\/atlasfitnes.com\/shop\/"},{"@type":"ListItem","position":3,"name":"WOMEN&#8217;S ADVANCED PROGRAMME"}]},{"@type":"WebSite","@id":"https:\/\/atlasfitnes.com\/#website","url":"https:\/\/atlasfitnes.com\/","name":"Atlas Fitnes","description":"atlasfitnes.com","publisher":{"@id":"https:\/\/atlasfitnes.com\/#organization"},"potentialAction":[{"@type":"SearchAction","target":{"@type":"EntryPoint","urlTemplate":"https:\/\/atlasfitnes.com\/?s={search_term_string}"},"query-input":{"@type":"PropertyValueSpecification","valueRequired":true,"valueName":"search_term_string"}}],"inLanguage":"sv-SE"},{"@type":"Organization","@id":"https:\/\/atlasfitnes.com\/#organization","name":"Atlas Fitnes","url":"https:\/\/atlasfitnes.com\/","logo":{"@type":"ImageObject","inLanguage":"sv-SE","@id":"https:\/\/atlasfitnes.com\/#\/schema\/logo\/image\/","url":"https:\/\/atlasfitnes.com\/wp-content\/uploads\/2024\/07\/logo-atlasfitnes-1.png","contentUrl":"https:\/\/atlasfitnes.com\/wp-content\/uploads\/2024\/07\/logo-atlasfitnes-1.png","width":400,"height":138,"caption":"Atlas Fitnes"},"image":{"@id":"https:\/\/atlasfitnes.com\/#\/schema\/logo\/image\/"}}]}},"_links":{"self":[{"href":"https:\/\/atlasfitnes.com\/sv\/wp-json\/wp\/v2\/product\/3974"}],"collection":[{"href":"https:\/\/atlasfitnes.com\/sv\/wp-json\/wp\/v2\/product"}],"about":[{"href":"https:\/\/atlasfitnes.com\/sv\/wp-json\/wp\/v2\/types\/product"}],"replies":[{"embeddable":true,"href":"https:\/\/atlasfitnes.com\/sv\/wp-json\/wp\/v2\/comments?post=3974"}],"version-history":[{"count":0,"href":"https:\/\/atlasfitnes.com\/sv\/wp-json\/wp\/v2\/product\/3974\/revisions"}],"wp:featuredmedia":[{"embeddable":true,"href":"https:\/\/atlasfitnes.com\/sv\/wp-json\/wp\/v2\/media\/7783"}],"wp:attachment":[{"href":"https:\/\/atlasfitnes.com\/sv\/wp-json\/wp\/v2\/media?parent=3974"}],"wp:term":[{"taxonomy":"product_cat","embeddable":true,"href":"https:\/\/atlasfitnes.com\/sv\/wp-json\/wp\/v2\/product_cat?post=3974"},{"taxonomy":"product_tag","embeddable":true,"href":"https:\/\/atlasfitnes.com\/sv\/wp-json\/wp\/v2\/product_tag?post=3974"}],"curies":[{"name":"wp","href":"https:\/\/api.w.org\/{rel}","templated":true}]}}