{"id":4114,"date":"2023-10-17T07:09:04","date_gmt":"2023-10-17T07:09:04","guid":{"rendered":"https:\/\/atlasfitnes.com\/?page_id=4114"},"modified":"2024-06-14T06:23:43","modified_gmt":"2024-06-14T06:23:43","slug":"privacy-notice","status":"publish","type":"page","link":"https:\/\/atlasfitnes.com\/sv\/sekretessmeddelande\/","title":{"rendered":"Meddelande om integritet"},"content":{"rendered":"<div data-elementor-type=\"wp-page\" data-elementor-id=\"4114\" class=\"elementor elementor-4114\" data-elementor-post-type=\"page\">\n\t\t\t\t\t\t<section class=\"elementor-section elementor-top-section elementor-element elementor-element-5443b19b elementor-section-boxed elementor-section-height-default elementor-section-height-default\" data-id=\"5443b19b\" data-element_type=\"section\">\n\t\t\t\t\t\t<div class=\"elementor-container elementor-column-gap-default\">\n\t\t\t\t\t<div class=\"elementor-column elementor-col-100 elementor-top-column elementor-element elementor-element-37f772ab\" data-id=\"37f772ab\" data-element_type=\"column\">\n\t\t\t<div class=\"elementor-widget-wrap elementor-element-populated\">\n\t\t\t\t\t\t<div class=\"elementor-element elementor-element-69a8104b elementor-widget elementor-widget-text-editor\" data-id=\"69a8104b\" data-element_type=\"widget\" data-widget_type=\"text-editor.default\">\n\t\t\t\t<div class=\"elementor-widget-container\">\n\t\t\t\t\t\t\t<p><strong>VAD VI BEH\u00d6VER<\/strong><\/p><p>V\u00e5r integritetspolicy reglerar anv\u00e4ndning och lagring av personuppgifter. Du kan se integritetspolicyn p\u00e5 sidan med integritetsmeddelandet (bilaga nedan). BOREAS d.o.o., Nazorjeva ul. 19, 3000 Celje \u00e4r personuppgiftsansvarig f\u00f6r de personuppgifter som den tillhandah\u00e5ller (registrerad: du, kund, bes\u00f6kare etc.). Vi samlar in f\u00f6ljande typer av personuppgifter:<\/p><ul><li>E-postadress;<\/li><li>F\u00f6r- och efternamn,<\/li><li>Adress, e-postadress och telefonnummer;<\/li><li>Betalningsuppgifter s\u00e5som kredit- eller betalkortsuppgifter, Paypal och andra betalningsmetoder;<\/li><li>Kopior av personliga dokument som bekr\u00e4ftar att personuppgifterna \u00e4r korrekta;<\/li><li>Kakor;<\/li><li>Google Analytics och Yandex och Cloudflare bes\u00f6kssp\u00e5rning;<\/li><li>L\u00e4nkar till personliga profiler p\u00e5 sociala grupper.<\/li><\/ul><p>Vi inh\u00e4mtar varje typ av personuppgifter utifr\u00e5n n\u00f6dv\u00e4ndighet och med separat samtycke.<\/p><p><strong>VARF\u00d6R VI BEH\u00d6VER DEM<\/strong><\/p><p>Vi beh\u00f6ver dina personuppgifter f\u00f6r f\u00f6ljande tj\u00e4nster:<\/p><ul><li>E-postadress f\u00f6r att svara p\u00e5 dina e-postmeddelanden eller meddelanden som skickas via kontaktformul\u00e4r;<\/li><li>E-postadress f\u00f6r utskick av erbjudanden och nyhetsbrev;<\/li><li>Namn, adress, e-postadress och telefonnummer f\u00f6r att ta emot bokningar, f\u00f6rfr\u00e5gningar och skicka erbjudanden eller i samband med att uppfylla dina andra \u00f6nskem\u00e5l;<\/li><li>Namn, adress, e-postadress och telefonnummer f\u00f6r k\u00f6p av presentkort, v\u00e4rdecheckar eller tj\u00e4nster och varor i samband med v\u00e5rt erbjudande;<\/li><li>Betalningsuppgifter och kopior av identitetshandlingar f\u00f6r utf\u00f6randet av Tj\u00e4nsterna;<\/li><li>E-postadress f\u00f6r automatiserad marknadsf\u00f6ring (bokningsbekr\u00e4ftelser, tackbrev f\u00f6r registreringar etc.);<\/li><li>Cookies f\u00f6r driften av webbplatsen;<\/li><li>Kommunikation via sociala grupper med personliga profiler som bekr\u00e4ftar en koppling till oss;<\/li><li>Namn, adress, e-postadress och telefonnummer f\u00f6r enstaka lotterier eller andra kampanjer med ditt f\u00f6rhandstillst\u00e5nd;<\/li><li>Aggregerad data fr\u00e5n Google Analytics eller Yandex Direct och Cloudflare f\u00f6r bes\u00f6kssp\u00e5rning och intern analys f\u00f6r att f\u00f6rb\u00e4ttra v\u00e5rt inneh\u00e5ll.<\/li><\/ul><p><strong>VAD VI G\u00d6R MED PERSONUPPGIFTER<\/strong><\/p><p>Dina personuppgifter behandlas av BOREAS d.o.o., Nazorjeva ul. 19, 3000 Celje, som \u00e4r bel\u00e4get i Slovenien. Uppgifterna hostas och lagras av https:\/\/atlasfitnes.com, som \u00e4r bel\u00e4get i ett land inom Europeiska unionen (Tyskland).<\/p><p>Ingen tredjepartsleverant\u00f6r har tillg\u00e5ng till dina uppgifter, s\u00e5vida det inte kr\u00e4vs enligt lag.<\/p><p><strong>HUR L\u00c4NGE VI BEH\u00c5LLER DEN<\/strong><\/p><p>Vi anv\u00e4nder permanenta cookies p\u00e5 v\u00e5r webbplats f\u00f6r att l\u00e4nka till sociala tj\u00e4nster och andra \"delnings\"-leverant\u00f6rer, och cookies f\u00f6r att hj\u00e4lpa dig att komma \u00e5t ditt mest popul\u00e4ra inneh\u00e5ll p\u00e5 v\u00e5r webbplats om och om igen.<\/p><p><strong>VILKA \u00c4R DINA R\u00c4TTIGHETER?<\/strong><\/p><p>Om du anser att de personuppgifter vi har om dig \u00e4r felaktiga eller ofullst\u00e4ndiga, har du m\u00f6jlighet att skicka in en beg\u00e4ran om att granska, korrigera eller radera den informationen. V\u00e4nligen kontakta oss via (Data Access Request Form). Om du vill klaga p\u00e5 hur vi har behandlat dina personuppgifter, v\u00e4nligen kontakta dataskyddsombudet eller dataskyddskontakten (DPC) p\u00e5 info@atlasfitnes.com eller skriftligen till BOREAS d.o.o., Nazorjeva ul. 19, 3000 Celje.<\/p><p>V\u00e5r DPC kommer sedan att utreda ditt klagom\u00e5l och informera dig om hur \u00e4rendet har l\u00f6sts. Om du fortfarande anser att dina personuppgifter inte har behandlats p\u00e5 ett korrekt s\u00e4tt i enlighet med lagen kan du kontakta Information Commissioner och l\u00e4mna in ett klagom\u00e5l till honom. Du kan beg\u00e4ra att f\u00e5 tillg\u00e5ng till sekretessrelaterade policyer och dokument genom att anv\u00e4nda ett s\u00e4rskilt formul\u00e4r som finns p\u00e5 sidan Sekretessmeddelande.<\/p><p>Relaterade dokument:<\/p><p>Policy f\u00f6r skydd av personuppgifter<br \/>Policy f\u00f6r bevarande av personuppgifter (p\u00e5 beg\u00e4ran via e-post eller personligen)<br \/>Lagringsschema f\u00f6r personuppgifter (p\u00e5 beg\u00e4ran via e-post eller personligen)<br \/>Meddelande om integritet<br \/>Allm\u00e4nna villkor och best\u00e4mmelser<br \/>Samtyckesblankett<br \/>\u00c5terkallande av samtyckesblankett<\/p><p>Celje, 27.08.2023, Ver. Dokument: 1.0<\/p>\t\t\t\t\t\t<\/div>\n\t\t\t\t<\/div>\n\t\t\t\t\t<\/div>\n\t\t<\/div>\n\t\t\t\t\t<\/div>\n\t\t<\/section>\n\t\t\t\t<\/div>","protected":false},"excerpt":{"rendered":"<p>WHAT WE NEED Our privacy policy governs the use and storage of personal data. You can view the Privacy Policy on the Privacy Notice page (attachment below). BOREAS d.o.o., Nazorjeva ul. 19, 3000 Celje is the controller of the personal data it provides (data subject: you, customer, visitor, etc.). We collect the following types of [&hellip;]<\/p>","protected":false},"author":3,"featured_media":0,"parent":0,"menu_order":0,"comment_status":"closed","ping_status":"closed","template":"","meta":{"ocean_post_layout":"","ocean_both_sidebars_style":"","ocean_both_sidebars_content_width":0,"ocean_both_sidebars_sidebars_width":0,"ocean_sidebar":"0","ocean_second_sidebar":"0","ocean_disable_margins":"enable","ocean_add_body_class":"","ocean_shortcode_before_top_bar":"","ocean_shortcode_after_top_bar":"","ocean_shortcode_before_header":"","ocean_shortcode_after_header":"","ocean_has_shortcode":"","ocean_shortcode_after_title":"","ocean_shortcode_before_footer_widgets":"","ocean_shortcode_after_footer_widgets":"","ocean_shortcode_before_footer_bottom":"","ocean_shortcode_after_footer_bottom":"","ocean_display_top_bar":"default","ocean_display_header":"default","ocean_header_style":"","ocean_center_header_left_menu":"0","ocean_custom_header_template":"0","ocean_custom_logo":0,"ocean_custom_retina_logo":0,"ocean_custom_logo_max_width":0,"ocean_custom_logo_tablet_max_width":0,"ocean_custom_logo_mobile_max_width":0,"ocean_custom_logo_max_height":0,"ocean_custom_logo_tablet_max_height":0,"ocean_custom_logo_mobile_max_height":0,"ocean_header_custom_menu":"0","ocean_menu_typo_font_family":"0","ocean_menu_typo_font_subset":"","ocean_menu_typo_font_size":0,"ocean_menu_typo_font_size_tablet":0,"ocean_menu_typo_font_size_mobile":0,"ocean_menu_typo_font_size_unit":"px","ocean_menu_typo_font_weight":"","ocean_menu_typo_font_weight_tablet":"","ocean_menu_typo_font_weight_mobile":"","ocean_menu_typo_transform":"","ocean_menu_typo_transform_tablet":"","ocean_menu_typo_transform_mobile":"","ocean_menu_typo_line_height":0,"ocean_menu_typo_line_height_tablet":0,"ocean_menu_typo_line_height_mobile":0,"ocean_menu_typo_line_height_unit":"","ocean_menu_typo_spacing":0,"ocean_menu_typo_spacing_tablet":0,"ocean_menu_typo_spacing_mobile":0,"ocean_menu_typo_spacing_unit":"","ocean_menu_link_color":"","ocean_menu_link_color_hover":"","ocean_menu_link_color_active":"","ocean_menu_link_background":"","ocean_menu_link_hover_background":"","ocean_menu_link_active_background":"","ocean_menu_social_links_bg":"","ocean_menu_social_hover_links_bg":"","ocean_menu_social_links_color":"","ocean_menu_social_hover_links_color":"","ocean_disable_title":"enable","ocean_disable_heading":"default","ocean_post_title":"","ocean_post_subheading":"","ocean_post_title_style":"","ocean_post_title_background_color":"","ocean_post_title_background":0,"ocean_post_title_bg_image_position":"","ocean_post_title_bg_image_attachment":"","ocean_post_title_bg_image_repeat":"","ocean_post_title_bg_image_size":"","ocean_post_title_height":0,"ocean_post_title_bg_overlay":0.5,"ocean_post_title_bg_overlay_color":"","ocean_disable_breadcrumbs":"default","ocean_breadcrumbs_color":"","ocean_breadcrumbs_separator_color":"","ocean_breadcrumbs_links_color":"","ocean_breadcrumbs_links_hover_color":"","ocean_display_footer_widgets":"default","ocean_display_footer_bottom":"default","ocean_custom_footer_template":"0","osh_disable_topbar_sticky":"default","osh_disable_header_sticky":"default","osh_sticky_header_style":"default","osh_sticky_header_effect":"","osh_custom_sticky_logo":0,"osh_custom_retina_sticky_logo":0,"osh_custom_sticky_logo_height":0,"osh_background_color":"","osh_links_color":"","osh_links_hover_color":"","osh_links_active_color":"","osh_links_bg_color":"","osh_links_hover_bg_color":"","osh_links_active_bg_color":"","osh_menu_social_links_color":"","osh_menu_social_hover_links_color":"","footnotes":""},"yoast_head":"<!-- This site is optimized with the Yoast SEO Premium plugin v23.4 (Yoast SEO v23.4) - https:\/\/yoast.com\/wordpress\/plugins\/seo\/ -->\n<title>Privacy Notice - Atlas Fitnes<\/title>\n<meta name=\"description\" content=\"Privacy Notice - Atlas Fitnes\" \/>\n<meta name=\"robots\" content=\"index, follow, max-snippet:-1, max-image-preview:large, max-video-preview:-1\" \/>\n<link rel=\"canonical\" href=\"https:\/\/atlasfitnes.com\/sv\/sekretessmeddelande\/\" \/>\n<meta property=\"og:locale\" content=\"sv_SE\" \/>\n<meta property=\"og:type\" content=\"article\" \/>\n<meta property=\"og:title\" content=\"Privacy Notice\" \/>\n<meta property=\"og:description\" content=\"Privacy Notice - Atlas Fitnes\" \/>\n<meta property=\"og:url\" content=\"https:\/\/atlasfitnes.com\/sv\/sekretessmeddelande\/\" \/>\n<meta property=\"og:site_name\" content=\"Atlas Fitnes\" \/>\n<meta property=\"article:modified_time\" content=\"2024-06-14T06:23:43+00:00\" \/>\n<meta name=\"twitter:card\" content=\"summary_large_image\" \/>\n<meta name=\"twitter:label1\" content=\"Ber\u00e4knad l\u00e4stid\" \/>\n\t<meta name=\"twitter:data1\" content=\"3 minuter\" \/>\n<script type=\"application\/ld+json\" class=\"yoast-schema-graph\">{\"@context\":\"https:\/\/schema.org\",\"@graph\":[{\"@type\":\"WebPage\",\"@id\":\"https:\/\/atlasfitnes.com\/privacy-notice\/\",\"url\":\"https:\/\/atlasfitnes.com\/privacy-notice\/\",\"name\":\"Privacy Notice - Atlas Fitnes\",\"isPartOf\":{\"@id\":\"https:\/\/atlasfitnes.com\/#website\"},\"datePublished\":\"2023-10-17T07:09:04+00:00\",\"dateModified\":\"2024-06-14T06:23:43+00:00\",\"description\":\"Privacy Notice - Atlas Fitnes\",\"breadcrumb\":{\"@id\":\"https:\/\/atlasfitnes.com\/privacy-notice\/#breadcrumb\"},\"inLanguage\":\"sv-SE\",\"potentialAction\":[{\"@type\":\"ReadAction\",\"target\":[\"https:\/\/atlasfitnes.com\/privacy-notice\/\"]}]},{\"@type\":\"BreadcrumbList\",\"@id\":\"https:\/\/atlasfitnes.com\/privacy-notice\/#breadcrumb\",\"itemListElement\":[{\"@type\":\"ListItem\",\"position\":1,\"name\":\"Home\",\"item\":\"https:\/\/atlasfitnes.com\/es\/\"},{\"@type\":\"ListItem\",\"position\":2,\"name\":\"Privacy Notice\"}]},{\"@type\":\"WebSite\",\"@id\":\"https:\/\/atlasfitnes.com\/#website\",\"url\":\"https:\/\/atlasfitnes.com\/\",\"name\":\"Atlas Fitnes\",\"description\":\"atlasfitnes.com\",\"publisher\":{\"@id\":\"https:\/\/atlasfitnes.com\/#organization\"},\"potentialAction\":[{\"@type\":\"SearchAction\",\"target\":{\"@type\":\"EntryPoint\",\"urlTemplate\":\"https:\/\/atlasfitnes.com\/?s={search_term_string}\"},\"query-input\":{\"@type\":\"PropertyValueSpecification\",\"valueRequired\":true,\"valueName\":\"search_term_string\"}}],\"inLanguage\":\"sv-SE\"},{\"@type\":\"Organization\",\"@id\":\"https:\/\/atlasfitnes.com\/#organization\",\"name\":\"Atlas Fitnes\",\"url\":\"https:\/\/atlasfitnes.com\/\",\"logo\":{\"@type\":\"ImageObject\",\"inLanguage\":\"sv-SE\",\"@id\":\"https:\/\/atlasfitnes.com\/#\/schema\/logo\/image\/\",\"url\":\"https:\/\/atlasfitnes.com\/wp-content\/uploads\/2024\/07\/logo-atlasfitnes-1.png\",\"contentUrl\":\"https:\/\/atlasfitnes.com\/wp-content\/uploads\/2024\/07\/logo-atlasfitnes-1.png\",\"width\":400,\"height\":138,\"caption\":\"Atlas Fitnes\"},\"image\":{\"@id\":\"https:\/\/atlasfitnes.com\/#\/schema\/logo\/image\/\"}}]}<\/script>\n<!-- \/ Yoast SEO Premium plugin. -->","yoast_head_json":{"title":"Privacy Notice - Atlas Fitnes","description":"Privacy Notice - Atlas Fitnes","robots":{"index":"index","follow":"follow","max-snippet":"max-snippet:-1","max-image-preview":"max-image-preview:large","max-video-preview":"max-video-preview:-1"},"canonical":"https:\/\/atlasfitnes.com\/sv\/sekretessmeddelande\/","og_locale":"sv_SE","og_type":"article","og_title":"Privacy Notice","og_description":"Privacy Notice - Atlas Fitnes","og_url":"https:\/\/atlasfitnes.com\/sv\/sekretessmeddelande\/","og_site_name":"Atlas Fitnes","article_modified_time":"2024-06-14T06:23:43+00:00","twitter_card":"summary_large_image","twitter_misc":{"Ber\u00e4knad l\u00e4stid":"3 minuter"},"schema":{"@context":"https:\/\/schema.org","@graph":[{"@type":"WebPage","@id":"https:\/\/atlasfitnes.com\/privacy-notice\/","url":"https:\/\/atlasfitnes.com\/privacy-notice\/","name":"Privacy Notice - Atlas Fitnes","isPartOf":{"@id":"https:\/\/atlasfitnes.com\/#website"},"datePublished":"2023-10-17T07:09:04+00:00","dateModified":"2024-06-14T06:23:43+00:00","description":"Privacy Notice - Atlas Fitnes","breadcrumb":{"@id":"https:\/\/atlasfitnes.com\/privacy-notice\/#breadcrumb"},"inLanguage":"sv-SE","potentialAction":[{"@type":"ReadAction","target":["https:\/\/atlasfitnes.com\/privacy-notice\/"]}]},{"@type":"BreadcrumbList","@id":"https:\/\/atlasfitnes.com\/privacy-notice\/#breadcrumb","itemListElement":[{"@type":"ListItem","position":1,"name":"Home","item":"https:\/\/atlasfitnes.com\/es\/"},{"@type":"ListItem","position":2,"name":"Privacy Notice"}]},{"@type":"WebSite","@id":"https:\/\/atlasfitnes.com\/#website","url":"https:\/\/atlasfitnes.com\/","name":"Atlas Fitnes","description":"atlasfitnes.com","publisher":{"@id":"https:\/\/atlasfitnes.com\/#organization"},"potentialAction":[{"@type":"SearchAction","target":{"@type":"EntryPoint","urlTemplate":"https:\/\/atlasfitnes.com\/?s={search_term_string}"},"query-input":{"@type":"PropertyValueSpecification","valueRequired":true,"valueName":"search_term_string"}}],"inLanguage":"sv-SE"},{"@type":"Organization","@id":"https:\/\/atlasfitnes.com\/#organization","name":"Atlas Fitnes","url":"https:\/\/atlasfitnes.com\/","logo":{"@type":"ImageObject","inLanguage":"sv-SE","@id":"https:\/\/atlasfitnes.com\/#\/schema\/logo\/image\/","url":"https:\/\/atlasfitnes.com\/wp-content\/uploads\/2024\/07\/logo-atlasfitnes-1.png","contentUrl":"https:\/\/atlasfitnes.com\/wp-content\/uploads\/2024\/07\/logo-atlasfitnes-1.png","width":400,"height":138,"caption":"Atlas Fitnes"},"image":{"@id":"https:\/\/atlasfitnes.com\/#\/schema\/logo\/image\/"}}]}},"_links":{"self":[{"href":"https:\/\/atlasfitnes.com\/sv\/wp-json\/wp\/v2\/pages\/4114"}],"collection":[{"href":"https:\/\/atlasfitnes.com\/sv\/wp-json\/wp\/v2\/pages"}],"about":[{"href":"https:\/\/atlasfitnes.com\/sv\/wp-json\/wp\/v2\/types\/page"}],"author":[{"embeddable":true,"href":"https:\/\/atlasfitnes.com\/sv\/wp-json\/wp\/v2\/users\/3"}],"replies":[{"embeddable":true,"href":"https:\/\/atlasfitnes.com\/sv\/wp-json\/wp\/v2\/comments?post=4114"}],"version-history":[{"count":0,"href":"https:\/\/atlasfitnes.com\/sv\/wp-json\/wp\/v2\/pages\/4114\/revisions"}],"wp:attachment":[{"href":"https:\/\/atlasfitnes.com\/sv\/wp-json\/wp\/v2\/media?parent=4114"}],"curies":[{"name":"wp","href":"https:\/\/api.w.org\/{rel}","templated":true}]}}