{"id":1456,"date":"2023-08-27T10:45:24","date_gmt":"2023-08-27T10:45:24","guid":{"rendered":"https:\/\/atlasfitnes.com\/?page_id=1456"},"modified":"2024-06-14T06:19:09","modified_gmt":"2024-06-14T06:19:09","slug":"colophon","status":"publish","type":"page","link":"https:\/\/atlasfitnes.com\/sv\/kolofon\/","title":{"rendered":"Impressum"},"content":{"rendered":"<p>Webbplatserna har utvecklats av oss och v\u00e5r webbtj\u00e4nstleverant\u00f6r.<\/p>\n<p><strong>Syftet med webbplatserna<\/strong><\/p>\n<p>Informationen p\u00e5 webbplatsen \u00e4r av presentationskarakt\u00e4r inom ramen f\u00f6r den k\u00e4rnverksamhet som vi \u00e4r registrerade f\u00f6r. Vi \u00e5tar oss att informationen p\u00e5 webbplatsen \u00e4r sann, tillf\u00f6rlitlig och av h\u00f6g kvalitet.<br \/>Vi ansvarar inte f\u00f6r eventuella typografiska fel och f\u00f6rbeh\u00e5ller oss r\u00e4tten att n\u00e4r som helst och utan f\u00f6reg\u00e5ende meddelande \u00e4ndra inneh\u00e5llet om det inte \u00f6verensst\u00e4mmer med v\u00e5r f\u00f6retagspolicy.<\/p>\n<p><strong>Nyttjander\u00e4tt<\/strong><\/p>\n<p>Webbplatsen och allt dess inneh\u00e5ll \u00e4r skyddat av industriell och immateriell \u00e4gander\u00e4tt. All information, text, bilder eller annan grafik som finns p\u00e5 denna webbplats f\u00e5r endast anv\u00e4ndas f\u00f6r personligt, icke-kommersiellt bruk och f\u00e5r inte reproduceras, modifieras, distribueras, licensieras eller ges ut i publikationsform, helt eller delvis, f\u00f6r n\u00e5got annat \u00e4ndam\u00e5l \u00e4n visning, utan f\u00f6reg\u00e5ende skriftligt tillst\u00e5nd fr\u00e5n administrat\u00f6ren.<\/p>\n<p><strong>Ansvarsfriskrivning<\/strong><\/p>\n<p>Vid utformningen av denna webbplats str\u00e4var vi efter att h\u00e5lla informationen uppdaterad och korrekt. Vi garanterar inte att den \u00e4r korrekt eller fullst\u00e4ndig och tar inte p\u00e5 oss n\u00e5got ansvar f\u00f6r dess anv\u00e4ndning. Alla anv\u00e4ndare anv\u00e4nder det publicerade inneh\u00e5llet p\u00e5 egen risk.<br \/>Vi f\u00f6rbeh\u00e5ller oss r\u00e4tten att \u00e4ndra inneh\u00e5llet p\u00e5 v\u00e5ra webbplatser n\u00e4r som helst, p\u00e5 vilket s\u00e4tt som helst, av vilken anledning som helst och utan f\u00f6reg\u00e5ende meddelande.<\/p>\n<p><strong>Teknologiskt genomf\u00f6rande<\/strong><\/p>\n<p>Den tekniska implementeringen har utf\u00f6rts av en programmerings- och designbyr\u00e5 i samarbete med v\u00e5rt f\u00f6retag.<\/p>\n<p>F\u00f6retagets namn: BOREAS d.o.o.<br \/>Adress: Nazorjeva ul: Nazorjeva ul. 19, 3000 Celje<br \/>E-post: info@atlasfitnes.com<br \/>Webbplats: https:\/\/atlasfitnes.com<\/p>\n<p>Celje, 27.08.2023<\/p>\n<p>\u00a0<\/p>","protected":false},"excerpt":{"rendered":"<p>Webbplatserna har utvecklats av oss och v\u00e5r webbtj\u00e4nstleverant\u00f6r. Syftet med webbplatserna Informationen p\u00e5 webbplatsen \u00e4r av presentationskarakt\u00e4r inom ramen f\u00f6r den k\u00e4rnverksamhet som vi \u00e4r registrerade f\u00f6r. Vi \u00e5tar oss att informationen p\u00e5 webbplatsen \u00e4r sann, tillf\u00f6rlitlig och av h\u00f6g kvalitet. Vi \u00e4r inte [...]<\/p>","protected":false},"author":3,"featured_media":0,"parent":0,"menu_order":0,"comment_status":"closed","ping_status":"closed","template":"","meta":{"ocean_post_layout":"","ocean_both_sidebars_style":"","ocean_both_sidebars_content_width":0,"ocean_both_sidebars_sidebars_width":0,"ocean_sidebar":"0","ocean_second_sidebar":"0","ocean_disable_margins":"enable","ocean_add_body_class":"","ocean_shortcode_before_top_bar":"","ocean_shortcode_after_top_bar":"","ocean_shortcode_before_header":"","ocean_shortcode_after_header":"","ocean_has_shortcode":"","ocean_shortcode_after_title":"","ocean_shortcode_before_footer_widgets":"","ocean_shortcode_after_footer_widgets":"","ocean_shortcode_before_footer_bottom":"","ocean_shortcode_after_footer_bottom":"","ocean_display_top_bar":"default","ocean_display_header":"default","ocean_header_style":"","ocean_center_header_left_menu":"0","ocean_custom_header_template":"0","ocean_custom_logo":0,"ocean_custom_retina_logo":0,"ocean_custom_logo_max_width":0,"ocean_custom_logo_tablet_max_width":0,"ocean_custom_logo_mobile_max_width":0,"ocean_custom_logo_max_height":0,"ocean_custom_logo_tablet_max_height":0,"ocean_custom_logo_mobile_max_height":0,"ocean_header_custom_menu":"0","ocean_menu_typo_font_family":"0","ocean_menu_typo_font_subset":"","ocean_menu_typo_font_size":0,"ocean_menu_typo_font_size_tablet":0,"ocean_menu_typo_font_size_mobile":0,"ocean_menu_typo_font_size_unit":"px","ocean_menu_typo_font_weight":"","ocean_menu_typo_font_weight_tablet":"","ocean_menu_typo_font_weight_mobile":"","ocean_menu_typo_transform":"","ocean_menu_typo_transform_tablet":"","ocean_menu_typo_transform_mobile":"","ocean_menu_typo_line_height":0,"ocean_menu_typo_line_height_tablet":0,"ocean_menu_typo_line_height_mobile":0,"ocean_menu_typo_line_height_unit":"","ocean_menu_typo_spacing":0,"ocean_menu_typo_spacing_tablet":0,"ocean_menu_typo_spacing_mobile":0,"ocean_menu_typo_spacing_unit":"","ocean_menu_link_color":"","ocean_menu_link_color_hover":"","ocean_menu_link_color_active":"","ocean_menu_link_background":"","ocean_menu_link_hover_background":"","ocean_menu_link_active_background":"","ocean_menu_social_links_bg":"","ocean_menu_social_hover_links_bg":"","ocean_menu_social_links_color":"","ocean_menu_social_hover_links_color":"","ocean_disable_title":"enable","ocean_disable_heading":"default","ocean_post_title":"","ocean_post_subheading":"","ocean_post_title_style":"","ocean_post_title_background_color":"","ocean_post_title_background":0,"ocean_post_title_bg_image_position":"","ocean_post_title_bg_image_attachment":"","ocean_post_title_bg_image_repeat":"","ocean_post_title_bg_image_size":"","ocean_post_title_height":0,"ocean_post_title_bg_overlay":0.5,"ocean_post_title_bg_overlay_color":"","ocean_disable_breadcrumbs":"default","ocean_breadcrumbs_color":"","ocean_breadcrumbs_separator_color":"","ocean_breadcrumbs_links_color":"","ocean_breadcrumbs_links_hover_color":"","ocean_display_footer_widgets":"default","ocean_display_footer_bottom":"default","ocean_custom_footer_template":"0","osh_disable_topbar_sticky":"default","osh_disable_header_sticky":"default","osh_sticky_header_style":"default","osh_sticky_header_effect":"","osh_custom_sticky_logo":0,"osh_custom_retina_sticky_logo":0,"osh_custom_sticky_logo_height":0,"osh_background_color":"","osh_links_color":"","osh_links_hover_color":"","osh_links_active_color":"","osh_links_bg_color":"","osh_links_hover_bg_color":"","osh_links_active_bg_color":"","osh_menu_social_links_color":"","osh_menu_social_hover_links_color":"","footnotes":""},"yoast_head":"<!-- This site is optimized with the Yoast SEO Premium plugin v23.4 (Yoast SEO v23.4) - https:\/\/yoast.com\/wordpress\/plugins\/seo\/ -->\n<title>Impressum - Atlas Fitnes<\/title>\n<meta name=\"description\" content=\"Impressum - Atlas Fitnes\" \/>\n<meta name=\"robots\" content=\"index, follow, max-snippet:-1, max-image-preview:large, max-video-preview:-1\" \/>\n<link rel=\"canonical\" href=\"https:\/\/atlasfitnes.com\/sv\/kolofon\/\" \/>\n<meta property=\"og:locale\" content=\"sv_SE\" \/>\n<meta property=\"og:type\" content=\"article\" \/>\n<meta property=\"og:title\" content=\"Impressum\" \/>\n<meta property=\"og:description\" content=\"Impressum - Atlas Fitnes\" \/>\n<meta property=\"og:url\" content=\"https:\/\/atlasfitnes.com\/sv\/kolofon\/\" \/>\n<meta property=\"og:site_name\" content=\"Atlas Fitnes\" \/>\n<meta property=\"article:modified_time\" content=\"2024-06-14T06:19:09+00:00\" \/>\n<meta name=\"twitter:card\" content=\"summary_large_image\" \/>\n<meta name=\"twitter:label1\" content=\"Ber\u00e4knad l\u00e4stid\" \/>\n\t<meta name=\"twitter:data1\" content=\"1 minut\" \/>\n<script type=\"application\/ld+json\" class=\"yoast-schema-graph\">{\"@context\":\"https:\/\/schema.org\",\"@graph\":[{\"@type\":\"WebPage\",\"@id\":\"https:\/\/atlasfitnes.com\/colophon\/\",\"url\":\"https:\/\/atlasfitnes.com\/colophon\/\",\"name\":\"Impressum - Atlas Fitnes\",\"isPartOf\":{\"@id\":\"https:\/\/atlasfitnes.com\/#website\"},\"datePublished\":\"2023-08-27T10:45:24+00:00\",\"dateModified\":\"2024-06-14T06:19:09+00:00\",\"description\":\"Impressum - Atlas Fitnes\",\"breadcrumb\":{\"@id\":\"https:\/\/atlasfitnes.com\/colophon\/#breadcrumb\"},\"inLanguage\":\"sv-SE\",\"potentialAction\":[{\"@type\":\"ReadAction\",\"target\":[\"https:\/\/atlasfitnes.com\/colophon\/\"]}]},{\"@type\":\"BreadcrumbList\",\"@id\":\"https:\/\/atlasfitnes.com\/colophon\/#breadcrumb\",\"itemListElement\":[{\"@type\":\"ListItem\",\"position\":1,\"name\":\"Home\",\"item\":\"https:\/\/atlasfitnes.com\/es\/\"},{\"@type\":\"ListItem\",\"position\":2,\"name\":\"Impressum\"}]},{\"@type\":\"WebSite\",\"@id\":\"https:\/\/atlasfitnes.com\/#website\",\"url\":\"https:\/\/atlasfitnes.com\/\",\"name\":\"Atlas Fitnes\",\"description\":\"atlasfitnes.com\",\"publisher\":{\"@id\":\"https:\/\/atlasfitnes.com\/#organization\"},\"potentialAction\":[{\"@type\":\"SearchAction\",\"target\":{\"@type\":\"EntryPoint\",\"urlTemplate\":\"https:\/\/atlasfitnes.com\/?s={search_term_string}\"},\"query-input\":{\"@type\":\"PropertyValueSpecification\",\"valueRequired\":true,\"valueName\":\"search_term_string\"}}],\"inLanguage\":\"sv-SE\"},{\"@type\":\"Organization\",\"@id\":\"https:\/\/atlasfitnes.com\/#organization\",\"name\":\"Atlas Fitnes\",\"url\":\"https:\/\/atlasfitnes.com\/\",\"logo\":{\"@type\":\"ImageObject\",\"inLanguage\":\"sv-SE\",\"@id\":\"https:\/\/atlasfitnes.com\/#\/schema\/logo\/image\/\",\"url\":\"https:\/\/atlasfitnes.com\/wp-content\/uploads\/2024\/07\/logo-atlasfitnes-1.png\",\"contentUrl\":\"https:\/\/atlasfitnes.com\/wp-content\/uploads\/2024\/07\/logo-atlasfitnes-1.png\",\"width\":400,\"height\":138,\"caption\":\"Atlas Fitnes\"},\"image\":{\"@id\":\"https:\/\/atlasfitnes.com\/#\/schema\/logo\/image\/\"}}]}<\/script>\n<!-- \/ Yoast SEO Premium plugin. -->","yoast_head_json":{"title":"Impressum - Atlas Fitnes","description":"Impressum - Atlas Fitnes","robots":{"index":"index","follow":"follow","max-snippet":"max-snippet:-1","max-image-preview":"max-image-preview:large","max-video-preview":"max-video-preview:-1"},"canonical":"https:\/\/atlasfitnes.com\/sv\/kolofon\/","og_locale":"sv_SE","og_type":"article","og_title":"Impressum","og_description":"Impressum - Atlas Fitnes","og_url":"https:\/\/atlasfitnes.com\/sv\/kolofon\/","og_site_name":"Atlas Fitnes","article_modified_time":"2024-06-14T06:19:09+00:00","twitter_card":"summary_large_image","twitter_misc":{"Ber\u00e4knad l\u00e4stid":"1 minut"},"schema":{"@context":"https:\/\/schema.org","@graph":[{"@type":"WebPage","@id":"https:\/\/atlasfitnes.com\/colophon\/","url":"https:\/\/atlasfitnes.com\/colophon\/","name":"Impressum - Atlas Fitnes","isPartOf":{"@id":"https:\/\/atlasfitnes.com\/#website"},"datePublished":"2023-08-27T10:45:24+00:00","dateModified":"2024-06-14T06:19:09+00:00","description":"Impressum - Atlas Fitnes","breadcrumb":{"@id":"https:\/\/atlasfitnes.com\/colophon\/#breadcrumb"},"inLanguage":"sv-SE","potentialAction":[{"@type":"ReadAction","target":["https:\/\/atlasfitnes.com\/colophon\/"]}]},{"@type":"BreadcrumbList","@id":"https:\/\/atlasfitnes.com\/colophon\/#breadcrumb","itemListElement":[{"@type":"ListItem","position":1,"name":"Home","item":"https:\/\/atlasfitnes.com\/es\/"},{"@type":"ListItem","position":2,"name":"Impressum"}]},{"@type":"WebSite","@id":"https:\/\/atlasfitnes.com\/#website","url":"https:\/\/atlasfitnes.com\/","name":"Atlas Fitnes","description":"atlasfitnes.com","publisher":{"@id":"https:\/\/atlasfitnes.com\/#organization"},"potentialAction":[{"@type":"SearchAction","target":{"@type":"EntryPoint","urlTemplate":"https:\/\/atlasfitnes.com\/?s={search_term_string}"},"query-input":{"@type":"PropertyValueSpecification","valueRequired":true,"valueName":"search_term_string"}}],"inLanguage":"sv-SE"},{"@type":"Organization","@id":"https:\/\/atlasfitnes.com\/#organization","name":"Atlas Fitnes","url":"https:\/\/atlasfitnes.com\/","logo":{"@type":"ImageObject","inLanguage":"sv-SE","@id":"https:\/\/atlasfitnes.com\/#\/schema\/logo\/image\/","url":"https:\/\/atlasfitnes.com\/wp-content\/uploads\/2024\/07\/logo-atlasfitnes-1.png","contentUrl":"https:\/\/atlasfitnes.com\/wp-content\/uploads\/2024\/07\/logo-atlasfitnes-1.png","width":400,"height":138,"caption":"Atlas Fitnes"},"image":{"@id":"https:\/\/atlasfitnes.com\/#\/schema\/logo\/image\/"}}]}},"_links":{"self":[{"href":"https:\/\/atlasfitnes.com\/sv\/wp-json\/wp\/v2\/pages\/1456"}],"collection":[{"href":"https:\/\/atlasfitnes.com\/sv\/wp-json\/wp\/v2\/pages"}],"about":[{"href":"https:\/\/atlasfitnes.com\/sv\/wp-json\/wp\/v2\/types\/page"}],"author":[{"embeddable":true,"href":"https:\/\/atlasfitnes.com\/sv\/wp-json\/wp\/v2\/users\/3"}],"replies":[{"embeddable":true,"href":"https:\/\/atlasfitnes.com\/sv\/wp-json\/wp\/v2\/comments?post=1456"}],"version-history":[{"count":0,"href":"https:\/\/atlasfitnes.com\/sv\/wp-json\/wp\/v2\/pages\/1456\/revisions"}],"wp:attachment":[{"href":"https:\/\/atlasfitnes.com\/sv\/wp-json\/wp\/v2\/media?parent=1456"}],"curies":[{"name":"wp","href":"https:\/\/api.w.org\/{rel}","templated":true}]}}