{"id":7114,"date":"2024-07-05T07:31:28","date_gmt":"2024-07-05T07:31:28","guid":{"rendered":"https:\/\/atlasfitnes.com\/?page_id=7114"},"modified":"2025-04-03T05:30:52","modified_gmt":"2025-04-03T05:30:52","slug":"contact","status":"publish","type":"page","link":"https:\/\/atlasfitnes.com\/sl\/kontaktirajte\/","title":{"rendered":"Pi\u0161ite na"},"content":{"rendered":"<div data-elementor-type=\"wp-page\" data-elementor-id=\"7114\" class=\"elementor elementor-7114\" data-elementor-post-type=\"page\">\n\t\t\t\t<div class=\"elementor-element elementor-element-4f00008e e-flex e-con-boxed e-con e-parent\" data-id=\"4f00008e\" data-element_type=\"container\">\n\t\t\t\t\t<div class=\"e-con-inner\">\n\t\t\t\t<div class=\"elementor-element elementor-element-d13a032 elementor-widget elementor-widget-text-editor\" data-id=\"d13a032\" data-element_type=\"widget\" data-widget_type=\"text-editor.default\">\n\t\t\t\t<div class=\"elementor-widget-container\">\n\t\t\t\t\t\t\t<p>Stopite v stik z nami in za\u010dnite pot do zdravega na\u010dina \u017eivljenja. Na\u0161e predano osebje je na voljo za va\u0161a vpra\u0161anja, nasvete in pomo\u010d pri doseganju ciljev na podro\u010dju telesne pripravljenosti. Ne oklevajte, da se obrnete na nas; na voljo smo vam, da vam pomagamo na vsakem koraku.<\/p>\t\t\t\t\t\t<\/div>\n\t\t\t\t<\/div>\n\t\t\t\t<div class=\"elementor-element elementor-element-524548a1 elementor-button-align-stretch elementor-widget elementor-widget-form\" data-id=\"524548a1\" data-element_type=\"widget\" data-settings=\"{&quot;step_next_label&quot;:&quot;Next&quot;,&quot;step_previous_label&quot;:&quot;Previous&quot;,&quot;button_width&quot;:&quot;100&quot;,&quot;step_type&quot;:&quot;number_text&quot;,&quot;step_icon_shape&quot;:&quot;circle&quot;}\" data-widget_type=\"form.default\">\n\t\t\t\t<div class=\"elementor-widget-container\">\n\t\t\t\t\t<form class=\"elementor-form\" method=\"post\" name=\"New Form\" action=\"\">\n\t\t\t<input type=\"hidden\" name=\"post_id\" value=\"7114\"\/>\n\t\t\t<input type=\"hidden\" name=\"form_id\" value=\"524548a1\"\/>\n\t\t\t<input type=\"hidden\" name=\"referer_title\" value=\"Atlas Fitnes\" \/>\n\n\t\t\t\n\t\t\t<div class=\"elementor-form-fields-wrapper elementor-labels-\">\n\t\t\t\t\t\t\t\t<div class=\"elementor-field-type-text elementor-field-group elementor-column elementor-field-group-name elementor-col-33\">\n\t\t\t\t\t\t\t\t\t\t\t\t<label for=\"form-field-name\" class=\"elementor-field-label elementor-screen-only\">\n\t\t\t\t\t\t\t\tIme\t\t\t\t\t\t\t<\/label>\n\t\t\t\t\t\t\t\t\t\t\t\t\t\t<input size=\"1\" type=\"text\" name=\"form_fields[name]\" id=\"form-field-name\" class=\"elementor-field elementor-size-sm  elementor-field-textual\" placeholder=\"Ime\">\n\t\t\t\t\t\t\t\t\t\t\t<\/div>\n\t\t\t\t\t\t\t\t<div class=\"elementor-field-type-tel elementor-field-group elementor-column elementor-field-group-field_c6dea1e elementor-col-30\">\n\t\t\t\t\t\t\t\t\t\t\t\t<label for=\"form-field-field_c6dea1e\" class=\"elementor-field-label elementor-screen-only\">\n\t\t\t\t\t\t\t\tTelefon\t\t\t\t\t\t\t<\/label>\n\t\t\t\t\t\t\t\t<input size=\"1\" type=\"tel\" name=\"form_fields[field_c6dea1e]\" id=\"form-field-field_c6dea1e\" class=\"elementor-field elementor-size-sm  elementor-field-textual\" placeholder=\"Telefon\" pattern=\"[0-9()#&amp;+*-=.]+\" title=\"Only numbers and phone characters (#, -, *, etc) are accepted.\">\n\n\t\t\t\t\t\t<\/div>\n\t\t\t\t\t\t\t\t<div class=\"elementor-field-type-email elementor-field-group elementor-column elementor-field-group-email elementor-col-30 elementor-field-required\">\n\t\t\t\t\t\t\t\t\t\t\t\t<label for=\"form-field-email\" class=\"elementor-field-label elementor-screen-only\">\n\t\t\t\t\t\t\t\tE-po\u0161ta\t\t\t\t\t\t\t<\/label>\n\t\t\t\t\t\t\t\t\t\t\t\t\t\t<input size=\"1\" type=\"email\" name=\"form_fields[email]\" id=\"form-field-email\" class=\"elementor-field elementor-size-sm  elementor-field-textual\" placeholder=\"E-po\u0161ta\" required=\"required\" aria-required=\"true\">\n\t\t\t\t\t\t\t\t\t\t\t<\/div>\n\t\t\t\t\t\t\t\t<div class=\"elementor-field-type-textarea elementor-field-group elementor-column elementor-field-group-message elementor-col-100\">\n\t\t\t\t\t\t\t\t\t\t\t\t<label for=\"form-field-message\" class=\"elementor-field-label elementor-screen-only\">\n\t\t\t\t\t\t\t\tSporo\u010dilo\t\t\t\t\t\t\t<\/label>\n\t\t\t\t\t\t<textarea class=\"elementor-field-textual elementor-field  elementor-size-sm\" name=\"form_fields[message]\" id=\"form-field-message\" rows=\"4\" placeholder=\"Sporo\u010dilo\"><\/textarea>\t\t\t\t<\/div>\n\t\t\t\t\t\t\t\t<div class=\"elementor-field-type-acceptance elementor-field-group elementor-column elementor-field-group-field_4747299 elementor-col-100 elementor-field-required\">\n\t\t\t\t\t\t\t<div class=\"elementor-field-subgroup\">\n\t\t\t<span class=\"elementor-field-option\">\n\t\t\t\t<input type=\"checkbox\" name=\"form_fields[field_4747299]\" id=\"form-field-field_4747299\" class=\"elementor-field elementor-size-sm  elementor-acceptance-field\" required=\"required\" aria-required=\"true\">\n\t\t\t\t<label for=\"form-field-field_4747299\"><span style=\"color: #ffffff;\">Strinjam se z <a style=\"color: #ffffff;\" href=\"https:\/\/demo2.atlasfitnes.com\/terms-conditions-atlasfitnes\/\">pogoji in dolo\u010dila<\/a> in . <a style=\"color: #ffffff;\" href=\"https:\/\/demo2.atlasfitnes.com\/privacy-notice\/\">politika zasebnosti<\/a>.<\/span><\/label>\t\t\t<\/span>\n\t\t<\/div>\n\t\t\t\t\t\t<\/div>\n\t\t\t\t\t\t\t\t<div class=\"elementor-field-group elementor-column elementor-field-type-submit elementor-col-100 e-form__buttons\">\n\t\t\t\t\t<button class=\"elementor-button elementor-size-sm\" type=\"submit\">\n\t\t\t\t\t\t<span class=\"elementor-button-content-wrapper\">\n\t\t\t\t\t\t\t\t\t\t\t\t\t\t\t\t\t\t\t\t\t\t<span class=\"elementor-button-text\">Po\u0161lji<\/span>\n\t\t\t\t\t\t\t\t\t\t\t\t\t<\/span>\n\t\t\t\t\t<\/button>\n\t\t\t\t<\/div>\n\t\t\t<\/div>\n\t\t<input type=\"hidden\" name=\"trp-form-language\" value=\"sl\"\/><\/form>\n\t\t\t\t<\/div>\n\t\t\t\t<\/div>\n\t\t\t\t\t<\/div>\n\t\t\t\t<\/div>\n\t\t\t\t<\/div>","protected":false},"excerpt":{"rendered":"<p>Stopite v stik z nami in za\u010dnite pot do zdravega na\u010dina \u017eivljenja. Na\u0161e predano osebje je na voljo za va\u0161a vpra\u0161anja, nasvete in pomo\u010d pri doseganju ciljev na podro\u010dju telesne pripravljenosti. Ne oklevajte, da se obrnete na nas; na voljo smo vam, da vam pomagamo na vsakem koraku.<\/p>","protected":false},"author":3,"featured_media":0,"parent":0,"menu_order":0,"comment_status":"closed","ping_status":"closed","template":"","meta":{"ocean_post_layout":"","ocean_both_sidebars_style":"","ocean_both_sidebars_content_width":0,"ocean_both_sidebars_sidebars_width":0,"ocean_sidebar":"","ocean_second_sidebar":"","ocean_disable_margins":"enable","ocean_add_body_class":"","ocean_shortcode_before_top_bar":"","ocean_shortcode_after_top_bar":"","ocean_shortcode_before_header":"","ocean_shortcode_after_header":"","ocean_has_shortcode":"","ocean_shortcode_after_title":"","ocean_shortcode_before_footer_widgets":"","ocean_shortcode_after_footer_widgets":"","ocean_shortcode_before_footer_bottom":"","ocean_shortcode_after_footer_bottom":"","ocean_display_top_bar":"default","ocean_display_header":"default","ocean_header_style":"","ocean_center_header_left_menu":"","ocean_custom_header_template":"","ocean_custom_logo":0,"ocean_custom_retina_logo":0,"ocean_custom_logo_max_width":0,"ocean_custom_logo_tablet_max_width":0,"ocean_custom_logo_mobile_max_width":0,"ocean_custom_logo_max_height":0,"ocean_custom_logo_tablet_max_height":0,"ocean_custom_logo_mobile_max_height":0,"ocean_header_custom_menu":"","ocean_menu_typo_font_family":"","ocean_menu_typo_font_subset":"","ocean_menu_typo_font_size":0,"ocean_menu_typo_font_size_tablet":0,"ocean_menu_typo_font_size_mobile":0,"ocean_menu_typo_font_size_unit":"px","ocean_menu_typo_font_weight":"","ocean_menu_typo_font_weight_tablet":"","ocean_menu_typo_font_weight_mobile":"","ocean_menu_typo_transform":"","ocean_menu_typo_transform_tablet":"","ocean_menu_typo_transform_mobile":"","ocean_menu_typo_line_height":0,"ocean_menu_typo_line_height_tablet":0,"ocean_menu_typo_line_height_mobile":0,"ocean_menu_typo_line_height_unit":"","ocean_menu_typo_spacing":0,"ocean_menu_typo_spacing_tablet":0,"ocean_menu_typo_spacing_mobile":0,"ocean_menu_typo_spacing_unit":"","ocean_menu_link_color":"","ocean_menu_link_color_hover":"","ocean_menu_link_color_active":"","ocean_menu_link_background":"","ocean_menu_link_hover_background":"","ocean_menu_link_active_background":"","ocean_menu_social_links_bg":"","ocean_menu_social_hover_links_bg":"","ocean_menu_social_links_color":"","ocean_menu_social_hover_links_color":"","ocean_disable_title":"default","ocean_disable_heading":"default","ocean_post_title":"","ocean_post_subheading":"","ocean_post_title_style":"","ocean_post_title_background_color":"","ocean_post_title_background":0,"ocean_post_title_bg_image_position":"","ocean_post_title_bg_image_attachment":"","ocean_post_title_bg_image_repeat":"","ocean_post_title_bg_image_size":"","ocean_post_title_height":0,"ocean_post_title_bg_overlay":0.5,"ocean_post_title_bg_overlay_color":"","ocean_disable_breadcrumbs":"default","ocean_breadcrumbs_color":"","ocean_breadcrumbs_separator_color":"","ocean_breadcrumbs_links_color":"","ocean_breadcrumbs_links_hover_color":"","ocean_display_footer_widgets":"default","ocean_display_footer_bottom":"default","ocean_custom_footer_template":"","osh_disable_topbar_sticky":"default","osh_disable_header_sticky":"default","osh_sticky_header_style":"default","osh_sticky_header_effect":"","osh_custom_sticky_logo":0,"osh_custom_retina_sticky_logo":0,"osh_custom_sticky_logo_height":0,"osh_background_color":"","osh_links_color":"","osh_links_hover_color":"","osh_links_active_color":"","osh_links_bg_color":"","osh_links_hover_bg_color":"","osh_links_active_bg_color":"","osh_menu_social_links_color":"","osh_menu_social_hover_links_color":"","footnotes":""},"yoast_head":"<!-- This site is optimized with the Yoast SEO Premium plugin v23.4 (Yoast SEO v23.4) - https:\/\/yoast.com\/wordpress\/plugins\/seo\/ -->\n<title>Contact - Atlas Fitnes<\/title>\n<meta name=\"description\" content=\"Contact - Atlas Fitnes\" \/>\n<meta name=\"robots\" content=\"index, follow, max-snippet:-1, max-image-preview:large, max-video-preview:-1\" \/>\n<link rel=\"canonical\" href=\"https:\/\/atlasfitnes.com\/sl\/kontaktirajte\/\" \/>\n<meta property=\"og:locale\" content=\"sl_SI\" \/>\n<meta property=\"og:type\" content=\"article\" \/>\n<meta property=\"og:title\" content=\"Contact\" \/>\n<meta property=\"og:description\" content=\"Contact - Atlas Fitnes\" \/>\n<meta property=\"og:url\" content=\"https:\/\/atlasfitnes.com\/sl\/kontaktirajte\/\" \/>\n<meta property=\"og:site_name\" content=\"Atlas Fitnes\" \/>\n<meta property=\"article:modified_time\" content=\"2025-04-03T05:30:52+00:00\" \/>\n<meta name=\"twitter:card\" content=\"summary_large_image\" \/>\n<meta name=\"twitter:label1\" content=\"Est. reading time\" \/>\n\t<meta name=\"twitter:data1\" content=\"1 minuta\" \/>\n<script type=\"application\/ld+json\" class=\"yoast-schema-graph\">{\"@context\":\"https:\/\/schema.org\",\"@graph\":[{\"@type\":\"WebPage\",\"@id\":\"https:\/\/atlasfitnes.com\/en_gb\/contact\/\",\"url\":\"https:\/\/atlasfitnes.com\/en_gb\/contact\/\",\"name\":\"Contact - Atlas Fitnes\",\"isPartOf\":{\"@id\":\"https:\/\/atlasfitnes.com\/#website\"},\"datePublished\":\"2024-07-05T07:31:28+00:00\",\"dateModified\":\"2025-04-03T05:30:52+00:00\",\"description\":\"Contact - Atlas Fitnes\",\"breadcrumb\":{\"@id\":\"https:\/\/atlasfitnes.com\/en_gb\/contact\/#breadcrumb\"},\"inLanguage\":\"sl-SI\",\"potentialAction\":[{\"@type\":\"ReadAction\",\"target\":[\"https:\/\/atlasfitnes.com\/en_gb\/contact\/\"]}]},{\"@type\":\"BreadcrumbList\",\"@id\":\"https:\/\/atlasfitnes.com\/en_gb\/contact\/#breadcrumb\",\"itemListElement\":[{\"@type\":\"ListItem\",\"position\":1,\"name\":\"Home\",\"item\":\"https:\/\/atlasfitnes.com\/es\/\"},{\"@type\":\"ListItem\",\"position\":2,\"name\":\"Contact\"}]},{\"@type\":\"WebSite\",\"@id\":\"https:\/\/atlasfitnes.com\/#website\",\"url\":\"https:\/\/atlasfitnes.com\/\",\"name\":\"Atlas Fitnes\",\"description\":\"atlasfitnes.com\",\"publisher\":{\"@id\":\"https:\/\/atlasfitnes.com\/#organization\"},\"potentialAction\":[{\"@type\":\"SearchAction\",\"target\":{\"@type\":\"EntryPoint\",\"urlTemplate\":\"https:\/\/atlasfitnes.com\/?s={search_term_string}\"},\"query-input\":{\"@type\":\"PropertyValueSpecification\",\"valueRequired\":true,\"valueName\":\"search_term_string\"}}],\"inLanguage\":\"sl-SI\"},{\"@type\":\"Organization\",\"@id\":\"https:\/\/atlasfitnes.com\/#organization\",\"name\":\"Atlas Fitnes\",\"url\":\"https:\/\/atlasfitnes.com\/\",\"logo\":{\"@type\":\"ImageObject\",\"inLanguage\":\"sl-SI\",\"@id\":\"https:\/\/atlasfitnes.com\/#\/schema\/logo\/image\/\",\"url\":\"https:\/\/atlasfitnes.com\/wp-content\/uploads\/2024\/07\/logo-atlasfitnes-1.png\",\"contentUrl\":\"https:\/\/atlasfitnes.com\/wp-content\/uploads\/2024\/07\/logo-atlasfitnes-1.png\",\"width\":400,\"height\":138,\"caption\":\"Atlas Fitnes\"},\"image\":{\"@id\":\"https:\/\/atlasfitnes.com\/#\/schema\/logo\/image\/\"}}]}<\/script>\n<!-- \/ Yoast SEO Premium plugin. -->","yoast_head_json":{"title":"Contact - Atlas Fitnes","description":"Contact - Atlas Fitnes","robots":{"index":"index","follow":"follow","max-snippet":"max-snippet:-1","max-image-preview":"max-image-preview:large","max-video-preview":"max-video-preview:-1"},"canonical":"https:\/\/atlasfitnes.com\/sl\/kontaktirajte\/","og_locale":"sl_SI","og_type":"article","og_title":"Contact","og_description":"Contact - Atlas Fitnes","og_url":"https:\/\/atlasfitnes.com\/sl\/kontaktirajte\/","og_site_name":"Atlas Fitnes","article_modified_time":"2025-04-03T05:30:52+00:00","twitter_card":"summary_large_image","twitter_misc":{"Est. reading time":"1 minuta"},"schema":{"@context":"https:\/\/schema.org","@graph":[{"@type":"WebPage","@id":"https:\/\/atlasfitnes.com\/en_gb\/contact\/","url":"https:\/\/atlasfitnes.com\/en_gb\/contact\/","name":"Contact - Atlas Fitnes","isPartOf":{"@id":"https:\/\/atlasfitnes.com\/#website"},"datePublished":"2024-07-05T07:31:28+00:00","dateModified":"2025-04-03T05:30:52+00:00","description":"Contact - Atlas Fitnes","breadcrumb":{"@id":"https:\/\/atlasfitnes.com\/en_gb\/contact\/#breadcrumb"},"inLanguage":"sl-SI","potentialAction":[{"@type":"ReadAction","target":["https:\/\/atlasfitnes.com\/en_gb\/contact\/"]}]},{"@type":"BreadcrumbList","@id":"https:\/\/atlasfitnes.com\/en_gb\/contact\/#breadcrumb","itemListElement":[{"@type":"ListItem","position":1,"name":"Home","item":"https:\/\/atlasfitnes.com\/es\/"},{"@type":"ListItem","position":2,"name":"Contact"}]},{"@type":"WebSite","@id":"https:\/\/atlasfitnes.com\/#website","url":"https:\/\/atlasfitnes.com\/","name":"Atlas Fitnes","description":"atlasfitnes.com","publisher":{"@id":"https:\/\/atlasfitnes.com\/#organization"},"potentialAction":[{"@type":"SearchAction","target":{"@type":"EntryPoint","urlTemplate":"https:\/\/atlasfitnes.com\/?s={search_term_string}"},"query-input":{"@type":"PropertyValueSpecification","valueRequired":true,"valueName":"search_term_string"}}],"inLanguage":"sl-SI"},{"@type":"Organization","@id":"https:\/\/atlasfitnes.com\/#organization","name":"Atlas Fitnes","url":"https:\/\/atlasfitnes.com\/","logo":{"@type":"ImageObject","inLanguage":"sl-SI","@id":"https:\/\/atlasfitnes.com\/#\/schema\/logo\/image\/","url":"https:\/\/atlasfitnes.com\/wp-content\/uploads\/2024\/07\/logo-atlasfitnes-1.png","contentUrl":"https:\/\/atlasfitnes.com\/wp-content\/uploads\/2024\/07\/logo-atlasfitnes-1.png","width":400,"height":138,"caption":"Atlas Fitnes"},"image":{"@id":"https:\/\/atlasfitnes.com\/#\/schema\/logo\/image\/"}}]}},"_links":{"self":[{"href":"https:\/\/atlasfitnes.com\/sl\/wp-json\/wp\/v2\/pages\/7114"}],"collection":[{"href":"https:\/\/atlasfitnes.com\/sl\/wp-json\/wp\/v2\/pages"}],"about":[{"href":"https:\/\/atlasfitnes.com\/sl\/wp-json\/wp\/v2\/types\/page"}],"author":[{"embeddable":true,"href":"https:\/\/atlasfitnes.com\/sl\/wp-json\/wp\/v2\/users\/3"}],"replies":[{"embeddable":true,"href":"https:\/\/atlasfitnes.com\/sl\/wp-json\/wp\/v2\/comments?post=7114"}],"version-history":[{"count":3,"href":"https:\/\/atlasfitnes.com\/sl\/wp-json\/wp\/v2\/pages\/7114\/revisions"}],"predecessor-version":[{"id":8459,"href":"https:\/\/atlasfitnes.com\/sl\/wp-json\/wp\/v2\/pages\/7114\/revisions\/8459"}],"wp:attachment":[{"href":"https:\/\/atlasfitnes.com\/sl\/wp-json\/wp\/v2\/media?parent=7114"}],"curies":[{"name":"wp","href":"https:\/\/api.w.org\/{rel}","templated":true}]}}