{"id":4114,"date":"2023-10-17T07:09:04","date_gmt":"2023-10-17T07:09:04","guid":{"rendered":"https:\/\/atlasfitnes.com\/?page_id=4114"},"modified":"2024-06-14T06:23:43","modified_gmt":"2024-06-14T06:23:43","slug":"privacy-notice","status":"publish","type":"page","link":"https:\/\/atlasfitnes.com\/sl\/obvestilo-o-zasebnosti\/","title":{"rendered":"Obvestilo o zasebnosti"},"content":{"rendered":"<div data-elementor-type=\"wp-page\" data-elementor-id=\"4114\" class=\"elementor elementor-4114\" data-elementor-post-type=\"page\">\n\t\t\t\t\t\t<section class=\"elementor-section elementor-top-section elementor-element elementor-element-5443b19b elementor-section-boxed elementor-section-height-default elementor-section-height-default\" data-id=\"5443b19b\" data-element_type=\"section\">\n\t\t\t\t\t\t<div class=\"elementor-container elementor-column-gap-default\">\n\t\t\t\t\t<div class=\"elementor-column elementor-col-100 elementor-top-column elementor-element elementor-element-37f772ab\" data-id=\"37f772ab\" data-element_type=\"column\">\n\t\t\t<div class=\"elementor-widget-wrap elementor-element-populated\">\n\t\t\t\t\t\t<div class=\"elementor-element elementor-element-69a8104b elementor-widget elementor-widget-text-editor\" data-id=\"69a8104b\" data-element_type=\"widget\" data-widget_type=\"text-editor.default\">\n\t\t\t\t<div class=\"elementor-widget-container\">\n\t\t\t\t\t\t\t<p><strong>KAJ POTREBUJEMO<\/strong><\/p><p>Na\u0161 pravilnik o zasebnosti ureja uporabo in shranjevanje osebnih podatkov. Pravilnik o zasebnosti si lahko ogledate na strani z obvestilom o zasebnosti (priponka spodaj). Dru\u017eba BOREAS d.o.o., Nazorjeva ul. 19, 3000 Celje, je upravljavec osebnih podatkov, ki jih zagotavlja (posameznik, na katerega se nana\u0161ajo osebni podatki: vi, stranka, obiskovalec itd.) Zbiramo naslednje vrste osebnih podatkov:<\/p><ul><li>Elektronski naslov;<\/li><li>Ime in priimek,<\/li><li>naslov, e-po\u0161tni naslov in telefonsko \u0161tevilko;<\/li><li>Podatki o pla\u010dilu, kot so podatki o kreditni ali debetni kartici, Paypal in drugi na\u010dini pla\u010dila;<\/li><li>kopije osebnih dokumentov, ki potrjujejo to\u010dnost osebnih podatkov;<\/li><li>Pi\u0161kotki;<\/li><li>Google Analytics ter sledenje obiska Yandex in Cloudflare;<\/li><li>Povezave do osebnih profilov v dru\u017eabnih skupinah.<\/li><\/ul><p>Vsako vrsto osebnih podatkov pridobivamo na podlagi potrebe in z lo\u010deno privolitvijo.<\/p><p><strong>ZAKAJ JIH POTREBUJEMO<\/strong><\/p><p>Va\u0161e osebne podatke potrebujemo za naslednje storitve:<\/p><ul><li>e-po\u0161tni naslov za odgovarjanje na va\u0161a e-po\u0161tna sporo\u010dila ali sporo\u010dila, poslana prek kontaktnih obrazcev;<\/li><li>e-po\u0161tni naslov za po\u0161iljanje ponudb in novic;<\/li><li>Ime, naslov, e-po\u0161tni naslov in telefonska \u0161tevilka za sprejemanje rezervacij, poizvedb in po\u0161iljanje ponudb ali v zvezi z izpolnjevanjem drugih va\u0161ih zahtev;<\/li><li>ime, naslov, e-po\u0161tni naslov in telefonsko \u0161tevilko za nakup darilnih bonov, bonov ali storitev in predmetov v povezavi z na\u0161o ponudbo;<\/li><li>podatke o pla\u010dilu in kopije identifikacijskih dokumentov za opravljanje storitev;<\/li><li>e-po\u0161tni naslov za avtomatizirano tr\u017eenje (potrditev rezervacij, zahvale za prijave itd.);<\/li><li>Pi\u0161kotki za delovanje spletnega mesta;<\/li><li>Komunikacija prek dru\u017eabnih skupin z osebnimi profili, ki potrjujejo povezavo z nami;<\/li><li>ime, naslov, e-po\u0161tni naslov in telefonsko \u0161tevilko za ob\u010dasne nagradne igre ali druge promocije z va\u0161im predhodnim dovoljenjem;<\/li><li>zdru\u017eeni podatki iz storitev Google Analytics ali Yandex Direct in Cloudflare za sledenje obiskom in notranjo analitiko za izbolj\u0161anje na\u0161e vsebine.<\/li><\/ul><p><strong>KAJ PO\u010cNEMO Z OSEBNIMI PODATKI<\/strong><\/p><p>Va\u0161e osebne podatke obdeluje dru\u017eba BOREAS d.o.o., Nazorjeva ul. 19, 3000 Celje, ki se nahaja v Sloveniji. Podatke gosti in hrani https:\/\/atlasfitnes.com, ki se nahaja v dr\u017eavah Evropske unije (Nem\u010dija).<\/p><p>Noben tretji ponudnik nima dostopa do va\u0161ih podatkov, razen \u010de to zahteva zakon.<\/p><p><strong>KAKO DOLGO GA HRANIMO.<\/strong><\/p><p>Na na\u0161em spletnem mestu uporabljamo trajne pi\u0161kotke za povezavo z dru\u017eabnimi storitvami in drugimi ponudniki deljenja ter pi\u0161kotke, ki vam pomagajo vedno znova dostopati do najbolj priljubljene vsebine na na\u0161em spletnem mestu.<\/p><p><strong>KAK\u0160NE SO VA\u0160E PRAVICE<\/strong><\/p><p>\u010ce menite, da so osebni podatki, ki jih hranimo o vas, nepravilni ali nepopolni, imate mo\u017enost vlo\u017eiti zahtevo za pregled, popravek ali izbris teh podatkov. Obrnite se na nas prek (obrazec za zahtevo za dostop do podatkov). \u010ce se \u017eelite prito\u017eiti glede tega, kako smo obdelali va\u0161e osebne podatke, se obrnite na poobla\u0161\u010deno osebo za varstvo podatkov ali kontaktno osebo za varstvo podatkov (DPC) na naslov info@atlasfitnes.com ali pisno na naslov BOREAS d.o.o., Nazorjeva ul. 19, 3000 Celje.<\/p><p>Na\u0161 DPC bo nato va\u0161o prito\u017ebo preu\u010dil in vas obvestil o re\u0161itvi zadeve. \u010ce \u0161e vedno menite, da va\u0161i osebni podatki niso bili pravilno obdelani v skladu z zakonom, se lahko obrnete na informacijskega poobla\u0161\u010denca in pri njem vlo\u017eite prito\u017ebo. Dostop do pravilnikov in dokumentov, povezanih z zasebnostjo, lahko zahtevate s posebnim obrazcem, ki ga najdete na strani z obvestilom o zasebnosti.<\/p><p>Sorodni dokumenti:<\/p><p>Pravilnik o varstvu osebnih podatkov<br \/>Pravilnik o hrambi osebnih podatkov (na zahtevo po e-po\u0161ti ali osebno)<br \/>Na\u010drt hrambe osebnih podatkov (na zahtevo po e-po\u0161ti ali osebno)<br \/>Obvestilo o zasebnosti<br \/>Splo\u0161ni pogoji in dolo\u010dila<br \/>Obrazec za soglasje<br \/>Obrazec za umik soglasja<\/p><p>Celje, 27.08.2023, Ver. dokument: 1.0<\/p>\t\t\t\t\t\t<\/div>\n\t\t\t\t<\/div>\n\t\t\t\t\t<\/div>\n\t\t<\/div>\n\t\t\t\t\t<\/div>\n\t\t<\/section>\n\t\t\t\t<\/div>","protected":false},"excerpt":{"rendered":"<p>WHAT WE NEED Our privacy policy governs the use and storage of personal data. You can view the Privacy Policy on the Privacy Notice page (attachment below). BOREAS d.o.o., Nazorjeva ul. 19, 3000 Celje is the controller of the personal data it provides (data subject: you, customer, visitor, etc.). We collect the following types of [&hellip;]<\/p>","protected":false},"author":3,"featured_media":0,"parent":0,"menu_order":0,"comment_status":"closed","ping_status":"closed","template":"","meta":{"ocean_post_layout":"","ocean_both_sidebars_style":"","ocean_both_sidebars_content_width":0,"ocean_both_sidebars_sidebars_width":0,"ocean_sidebar":"0","ocean_second_sidebar":"0","ocean_disable_margins":"enable","ocean_add_body_class":"","ocean_shortcode_before_top_bar":"","ocean_shortcode_after_top_bar":"","ocean_shortcode_before_header":"","ocean_shortcode_after_header":"","ocean_has_shortcode":"","ocean_shortcode_after_title":"","ocean_shortcode_before_footer_widgets":"","ocean_shortcode_after_footer_widgets":"","ocean_shortcode_before_footer_bottom":"","ocean_shortcode_after_footer_bottom":"","ocean_display_top_bar":"default","ocean_display_header":"default","ocean_header_style":"","ocean_center_header_left_menu":"0","ocean_custom_header_template":"0","ocean_custom_logo":0,"ocean_custom_retina_logo":0,"ocean_custom_logo_max_width":0,"ocean_custom_logo_tablet_max_width":0,"ocean_custom_logo_mobile_max_width":0,"ocean_custom_logo_max_height":0,"ocean_custom_logo_tablet_max_height":0,"ocean_custom_logo_mobile_max_height":0,"ocean_header_custom_menu":"0","ocean_menu_typo_font_family":"0","ocean_menu_typo_font_subset":"","ocean_menu_typo_font_size":0,"ocean_menu_typo_font_size_tablet":0,"ocean_menu_typo_font_size_mobile":0,"ocean_menu_typo_font_size_unit":"px","ocean_menu_typo_font_weight":"","ocean_menu_typo_font_weight_tablet":"","ocean_menu_typo_font_weight_mobile":"","ocean_menu_typo_transform":"","ocean_menu_typo_transform_tablet":"","ocean_menu_typo_transform_mobile":"","ocean_menu_typo_line_height":0,"ocean_menu_typo_line_height_tablet":0,"ocean_menu_typo_line_height_mobile":0,"ocean_menu_typo_line_height_unit":"","ocean_menu_typo_spacing":0,"ocean_menu_typo_spacing_tablet":0,"ocean_menu_typo_spacing_mobile":0,"ocean_menu_typo_spacing_unit":"","ocean_menu_link_color":"","ocean_menu_link_color_hover":"","ocean_menu_link_color_active":"","ocean_menu_link_background":"","ocean_menu_link_hover_background":"","ocean_menu_link_active_background":"","ocean_menu_social_links_bg":"","ocean_menu_social_hover_links_bg":"","ocean_menu_social_links_color":"","ocean_menu_social_hover_links_color":"","ocean_disable_title":"enable","ocean_disable_heading":"default","ocean_post_title":"","ocean_post_subheading":"","ocean_post_title_style":"","ocean_post_title_background_color":"","ocean_post_title_background":0,"ocean_post_title_bg_image_position":"","ocean_post_title_bg_image_attachment":"","ocean_post_title_bg_image_repeat":"","ocean_post_title_bg_image_size":"","ocean_post_title_height":0,"ocean_post_title_bg_overlay":0.5,"ocean_post_title_bg_overlay_color":"","ocean_disable_breadcrumbs":"default","ocean_breadcrumbs_color":"","ocean_breadcrumbs_separator_color":"","ocean_breadcrumbs_links_color":"","ocean_breadcrumbs_links_hover_color":"","ocean_display_footer_widgets":"default","ocean_display_footer_bottom":"default","ocean_custom_footer_template":"0","osh_disable_topbar_sticky":"default","osh_disable_header_sticky":"default","osh_sticky_header_style":"default","osh_sticky_header_effect":"","osh_custom_sticky_logo":0,"osh_custom_retina_sticky_logo":0,"osh_custom_sticky_logo_height":0,"osh_background_color":"","osh_links_color":"","osh_links_hover_color":"","osh_links_active_color":"","osh_links_bg_color":"","osh_links_hover_bg_color":"","osh_links_active_bg_color":"","osh_menu_social_links_color":"","osh_menu_social_hover_links_color":"","footnotes":""},"yoast_head":"<!-- This site is optimized with the Yoast SEO Premium plugin v23.4 (Yoast SEO v23.4) - https:\/\/yoast.com\/wordpress\/plugins\/seo\/ -->\n<title>Privacy Notice - Atlas Fitnes<\/title>\n<meta name=\"description\" content=\"Privacy Notice - Atlas Fitnes\" \/>\n<meta name=\"robots\" content=\"index, follow, max-snippet:-1, max-image-preview:large, max-video-preview:-1\" \/>\n<link rel=\"canonical\" href=\"https:\/\/atlasfitnes.com\/sl\/obvestilo-o-zasebnosti\/\" \/>\n<meta property=\"og:locale\" content=\"sl_SI\" \/>\n<meta property=\"og:type\" content=\"article\" \/>\n<meta property=\"og:title\" content=\"Privacy Notice\" \/>\n<meta property=\"og:description\" content=\"Privacy Notice - Atlas Fitnes\" \/>\n<meta property=\"og:url\" content=\"https:\/\/atlasfitnes.com\/sl\/obvestilo-o-zasebnosti\/\" \/>\n<meta property=\"og:site_name\" content=\"Atlas Fitnes\" \/>\n<meta property=\"article:modified_time\" content=\"2024-06-14T06:23:43+00:00\" \/>\n<meta name=\"twitter:card\" content=\"summary_large_image\" \/>\n<meta name=\"twitter:label1\" content=\"Est. reading time\" \/>\n\t<meta name=\"twitter:data1\" content=\"3 minute\" \/>\n<script type=\"application\/ld+json\" class=\"yoast-schema-graph\">{\"@context\":\"https:\/\/schema.org\",\"@graph\":[{\"@type\":\"WebPage\",\"@id\":\"https:\/\/atlasfitnes.com\/privacy-notice\/\",\"url\":\"https:\/\/atlasfitnes.com\/privacy-notice\/\",\"name\":\"Privacy Notice - Atlas Fitnes\",\"isPartOf\":{\"@id\":\"https:\/\/atlasfitnes.com\/#website\"},\"datePublished\":\"2023-10-17T07:09:04+00:00\",\"dateModified\":\"2024-06-14T06:23:43+00:00\",\"description\":\"Privacy Notice - Atlas Fitnes\",\"breadcrumb\":{\"@id\":\"https:\/\/atlasfitnes.com\/privacy-notice\/#breadcrumb\"},\"inLanguage\":\"sl-SI\",\"potentialAction\":[{\"@type\":\"ReadAction\",\"target\":[\"https:\/\/atlasfitnes.com\/privacy-notice\/\"]}]},{\"@type\":\"BreadcrumbList\",\"@id\":\"https:\/\/atlasfitnes.com\/privacy-notice\/#breadcrumb\",\"itemListElement\":[{\"@type\":\"ListItem\",\"position\":1,\"name\":\"Home\",\"item\":\"https:\/\/atlasfitnes.com\/es\/\"},{\"@type\":\"ListItem\",\"position\":2,\"name\":\"Privacy Notice\"}]},{\"@type\":\"WebSite\",\"@id\":\"https:\/\/atlasfitnes.com\/#website\",\"url\":\"https:\/\/atlasfitnes.com\/\",\"name\":\"Atlas Fitnes\",\"description\":\"atlasfitnes.com\",\"publisher\":{\"@id\":\"https:\/\/atlasfitnes.com\/#organization\"},\"potentialAction\":[{\"@type\":\"SearchAction\",\"target\":{\"@type\":\"EntryPoint\",\"urlTemplate\":\"https:\/\/atlasfitnes.com\/?s={search_term_string}\"},\"query-input\":{\"@type\":\"PropertyValueSpecification\",\"valueRequired\":true,\"valueName\":\"search_term_string\"}}],\"inLanguage\":\"sl-SI\"},{\"@type\":\"Organization\",\"@id\":\"https:\/\/atlasfitnes.com\/#organization\",\"name\":\"Atlas Fitnes\",\"url\":\"https:\/\/atlasfitnes.com\/\",\"logo\":{\"@type\":\"ImageObject\",\"inLanguage\":\"sl-SI\",\"@id\":\"https:\/\/atlasfitnes.com\/#\/schema\/logo\/image\/\",\"url\":\"https:\/\/atlasfitnes.com\/wp-content\/uploads\/2024\/07\/logo-atlasfitnes-1.png\",\"contentUrl\":\"https:\/\/atlasfitnes.com\/wp-content\/uploads\/2024\/07\/logo-atlasfitnes-1.png\",\"width\":400,\"height\":138,\"caption\":\"Atlas Fitnes\"},\"image\":{\"@id\":\"https:\/\/atlasfitnes.com\/#\/schema\/logo\/image\/\"}}]}<\/script>\n<!-- \/ Yoast SEO Premium plugin. -->","yoast_head_json":{"title":"Privacy Notice - Atlas Fitnes","description":"Privacy Notice - Atlas Fitnes","robots":{"index":"index","follow":"follow","max-snippet":"max-snippet:-1","max-image-preview":"max-image-preview:large","max-video-preview":"max-video-preview:-1"},"canonical":"https:\/\/atlasfitnes.com\/sl\/obvestilo-o-zasebnosti\/","og_locale":"sl_SI","og_type":"article","og_title":"Privacy Notice","og_description":"Privacy Notice - Atlas Fitnes","og_url":"https:\/\/atlasfitnes.com\/sl\/obvestilo-o-zasebnosti\/","og_site_name":"Atlas Fitnes","article_modified_time":"2024-06-14T06:23:43+00:00","twitter_card":"summary_large_image","twitter_misc":{"Est. reading time":"3 minute"},"schema":{"@context":"https:\/\/schema.org","@graph":[{"@type":"WebPage","@id":"https:\/\/atlasfitnes.com\/privacy-notice\/","url":"https:\/\/atlasfitnes.com\/privacy-notice\/","name":"Privacy Notice - Atlas Fitnes","isPartOf":{"@id":"https:\/\/atlasfitnes.com\/#website"},"datePublished":"2023-10-17T07:09:04+00:00","dateModified":"2024-06-14T06:23:43+00:00","description":"Privacy Notice - Atlas Fitnes","breadcrumb":{"@id":"https:\/\/atlasfitnes.com\/privacy-notice\/#breadcrumb"},"inLanguage":"sl-SI","potentialAction":[{"@type":"ReadAction","target":["https:\/\/atlasfitnes.com\/privacy-notice\/"]}]},{"@type":"BreadcrumbList","@id":"https:\/\/atlasfitnes.com\/privacy-notice\/#breadcrumb","itemListElement":[{"@type":"ListItem","position":1,"name":"Home","item":"https:\/\/atlasfitnes.com\/es\/"},{"@type":"ListItem","position":2,"name":"Privacy Notice"}]},{"@type":"WebSite","@id":"https:\/\/atlasfitnes.com\/#website","url":"https:\/\/atlasfitnes.com\/","name":"Atlas Fitnes","description":"atlasfitnes.com","publisher":{"@id":"https:\/\/atlasfitnes.com\/#organization"},"potentialAction":[{"@type":"SearchAction","target":{"@type":"EntryPoint","urlTemplate":"https:\/\/atlasfitnes.com\/?s={search_term_string}"},"query-input":{"@type":"PropertyValueSpecification","valueRequired":true,"valueName":"search_term_string"}}],"inLanguage":"sl-SI"},{"@type":"Organization","@id":"https:\/\/atlasfitnes.com\/#organization","name":"Atlas Fitnes","url":"https:\/\/atlasfitnes.com\/","logo":{"@type":"ImageObject","inLanguage":"sl-SI","@id":"https:\/\/atlasfitnes.com\/#\/schema\/logo\/image\/","url":"https:\/\/atlasfitnes.com\/wp-content\/uploads\/2024\/07\/logo-atlasfitnes-1.png","contentUrl":"https:\/\/atlasfitnes.com\/wp-content\/uploads\/2024\/07\/logo-atlasfitnes-1.png","width":400,"height":138,"caption":"Atlas Fitnes"},"image":{"@id":"https:\/\/atlasfitnes.com\/#\/schema\/logo\/image\/"}}]}},"_links":{"self":[{"href":"https:\/\/atlasfitnes.com\/sl\/wp-json\/wp\/v2\/pages\/4114"}],"collection":[{"href":"https:\/\/atlasfitnes.com\/sl\/wp-json\/wp\/v2\/pages"}],"about":[{"href":"https:\/\/atlasfitnes.com\/sl\/wp-json\/wp\/v2\/types\/page"}],"author":[{"embeddable":true,"href":"https:\/\/atlasfitnes.com\/sl\/wp-json\/wp\/v2\/users\/3"}],"replies":[{"embeddable":true,"href":"https:\/\/atlasfitnes.com\/sl\/wp-json\/wp\/v2\/comments?post=4114"}],"version-history":[{"count":0,"href":"https:\/\/atlasfitnes.com\/sl\/wp-json\/wp\/v2\/pages\/4114\/revisions"}],"wp:attachment":[{"href":"https:\/\/atlasfitnes.com\/sl\/wp-json\/wp\/v2\/media?parent=4114"}],"curies":[{"name":"wp","href":"https:\/\/api.w.org\/{rel}","templated":true}]}}