{"id":1456,"date":"2023-08-27T10:45:24","date_gmt":"2023-08-27T10:45:24","guid":{"rendered":"https:\/\/atlasfitnes.com\/?page_id=1456"},"modified":"2024-06-14T06:19:09","modified_gmt":"2024-06-14T06:19:09","slug":"colophon","status":"publish","type":"page","link":"https:\/\/atlasfitnes.com\/sk\/kolofon\/","title":{"rendered":"Impressum"},"content":{"rendered":"<p>Webov\u00e9 str\u00e1nky sme vytvorili my a n\u00e1\u0161 poskytovate\u013e webov\u00fdch slu\u017eieb.<\/p>\n<p><strong>\u00da\u010del webov\u00fdch str\u00e1nok<\/strong><\/p>\n<p>Inform\u00e1cie na webovej str\u00e1nke maj\u00fa prezenta\u010dn\u00fd charakter v oblasti hlavnej \u010dinnosti, pre ktor\u00fa sme registrovan\u00ed. Zav\u00e4zujeme sa, \u017ee inform\u00e1cie na webovej str\u00e1nke s\u00fa pravdiv\u00e9, spo\u013eahliv\u00e9 a kvalitn\u00e9.<br \/>Nezodpoved\u00e1me za tla\u010dov\u00e9 chyby a vyhradzujeme si pr\u00e1vo kedyko\u013evek a bez predch\u00e1dzaj\u00faceho upozornenia zmeni\u0165 obsah, ak nie je v s\u00falade s politikou na\u0161ej spolo\u010dnosti.<\/p>\n<p><strong>Pr\u00e1vo na pou\u017e\u00edvanie<\/strong><\/p>\n<p>Webov\u00e1 str\u00e1nka a cel\u00fd jej obsah s\u00fa chr\u00e1nen\u00e9 pr\u00e1vami priemyseln\u00e9ho a du\u0161evn\u00e9ho vlastn\u00edctva. Ak\u00e9ko\u013evek inform\u00e1cie, texty, obr\u00e1zky alebo in\u00e9 grafick\u00e9 prvky, ktor\u00e9 sa nach\u00e1dzaj\u00fa na tejto webovej lokalite, sa m\u00f4\u017eu pou\u017e\u00edva\u0165 v\u00fdlu\u010dne na osobn\u00e9, nekomer\u010dn\u00e9 pou\u017eitie a nesm\u00fa sa reprodukova\u0165, upravova\u0165, distribuova\u0165, licencova\u0165 ani vyd\u00e1va\u0165 v podobe publik\u00e1cie, vcelku ani \u010diasto\u010dne, na ak\u00fdko\u013evek in\u00fd \u00fa\u010del ako na prezeranie, bez predch\u00e1dzaj\u00faceho p\u00edsomn\u00e9ho s\u00fahlasu spr\u00e1vcu.<\/p>\n<p><strong>Zrieknutie sa zodpovednosti<\/strong><\/p>\n<p>Pri tvorbe tejto webovej str\u00e1nky sa sna\u017e\u00edme, aby boli inform\u00e1cie aktu\u00e1lne a presn\u00e9. Nezaru\u010dujeme ich presnos\u0165 ani \u00faplnos\u0165 a nenesieme \u017eiadnu zodpovednos\u0165 vypl\u00fdvaj\u00facu z ich pou\u017e\u00edvania. V\u0161etci pou\u017e\u00edvatelia pou\u017e\u00edvaj\u00fa uverejnen\u00fd obsah na vlastn\u00e9 riziko.<br \/>Vyhradzujeme si pr\u00e1vo kedyko\u013evek, ak\u00fdmko\u013evek sp\u00f4sobom, z ak\u00e9hoko\u013evek d\u00f4vodu a bez predch\u00e1dzaj\u00faceho upozornenia zmeni\u0165 obsah na\u0161ich webov\u00fdch str\u00e1nok.<\/p>\n<p><strong>Technologick\u00e1 implement\u00e1cia<\/strong><\/p>\n<p>Technologick\u00fa realiz\u00e1ciu zabezpe\u010dila program\u00e1torsk\u00e1 a dizajn\u00e9rska agent\u00fara v spolupr\u00e1ci s na\u0161ou spolo\u010dnos\u0165ou.<\/p>\n<p>N\u00e1zov spolo\u010dnosti: BOREAS d.o.o.<br \/>Adresa: Nazorjeva ul. 19, 3000 Celje<br \/>E-mail: info@atlasfitnes.com<br \/>Webov\u00e1 str\u00e1nka: https:\/\/atlasfitnes.com<\/p>\n<p>Celje, 27.08.2023<\/p>\n<p>\u00a0<\/p>","protected":false},"excerpt":{"rendered":"<p>Webov\u00e9 str\u00e1nky sme vytvorili my a n\u00e1\u0161 poskytovate\u013e webov\u00fdch slu\u017eieb. \u00da\u010del webov\u00fdch str\u00e1nok Inform\u00e1cie na webov\u00fdch str\u00e1nkach maj\u00fa prezenta\u010dn\u00fd charakter v oblasti hlavnej \u010dinnosti, pre ktor\u00fa sme registrovan\u00ed. Zav\u00e4zujeme sa, \u017ee inform\u00e1cie na webov\u00fdch str\u00e1nkach s\u00fa pravdiv\u00e9, spo\u013eahliv\u00e9 a kvalitn\u00e9. nie sme [...]<\/p>","protected":false},"author":3,"featured_media":0,"parent":0,"menu_order":0,"comment_status":"closed","ping_status":"closed","template":"","meta":{"ocean_post_layout":"","ocean_both_sidebars_style":"","ocean_both_sidebars_content_width":0,"ocean_both_sidebars_sidebars_width":0,"ocean_sidebar":"0","ocean_second_sidebar":"0","ocean_disable_margins":"enable","ocean_add_body_class":"","ocean_shortcode_before_top_bar":"","ocean_shortcode_after_top_bar":"","ocean_shortcode_before_header":"","ocean_shortcode_after_header":"","ocean_has_shortcode":"","ocean_shortcode_after_title":"","ocean_shortcode_before_footer_widgets":"","ocean_shortcode_after_footer_widgets":"","ocean_shortcode_before_footer_bottom":"","ocean_shortcode_after_footer_bottom":"","ocean_display_top_bar":"default","ocean_display_header":"default","ocean_header_style":"","ocean_center_header_left_menu":"0","ocean_custom_header_template":"0","ocean_custom_logo":0,"ocean_custom_retina_logo":0,"ocean_custom_logo_max_width":0,"ocean_custom_logo_tablet_max_width":0,"ocean_custom_logo_mobile_max_width":0,"ocean_custom_logo_max_height":0,"ocean_custom_logo_tablet_max_height":0,"ocean_custom_logo_mobile_max_height":0,"ocean_header_custom_menu":"0","ocean_menu_typo_font_family":"0","ocean_menu_typo_font_subset":"","ocean_menu_typo_font_size":0,"ocean_menu_typo_font_size_tablet":0,"ocean_menu_typo_font_size_mobile":0,"ocean_menu_typo_font_size_unit":"px","ocean_menu_typo_font_weight":"","ocean_menu_typo_font_weight_tablet":"","ocean_menu_typo_font_weight_mobile":"","ocean_menu_typo_transform":"","ocean_menu_typo_transform_tablet":"","ocean_menu_typo_transform_mobile":"","ocean_menu_typo_line_height":0,"ocean_menu_typo_line_height_tablet":0,"ocean_menu_typo_line_height_mobile":0,"ocean_menu_typo_line_height_unit":"","ocean_menu_typo_spacing":0,"ocean_menu_typo_spacing_tablet":0,"ocean_menu_typo_spacing_mobile":0,"ocean_menu_typo_spacing_unit":"","ocean_menu_link_color":"","ocean_menu_link_color_hover":"","ocean_menu_link_color_active":"","ocean_menu_link_background":"","ocean_menu_link_hover_background":"","ocean_menu_link_active_background":"","ocean_menu_social_links_bg":"","ocean_menu_social_hover_links_bg":"","ocean_menu_social_links_color":"","ocean_menu_social_hover_links_color":"","ocean_disable_title":"enable","ocean_disable_heading":"default","ocean_post_title":"","ocean_post_subheading":"","ocean_post_title_style":"","ocean_post_title_background_color":"","ocean_post_title_background":0,"ocean_post_title_bg_image_position":"","ocean_post_title_bg_image_attachment":"","ocean_post_title_bg_image_repeat":"","ocean_post_title_bg_image_size":"","ocean_post_title_height":0,"ocean_post_title_bg_overlay":0.5,"ocean_post_title_bg_overlay_color":"","ocean_disable_breadcrumbs":"default","ocean_breadcrumbs_color":"","ocean_breadcrumbs_separator_color":"","ocean_breadcrumbs_links_color":"","ocean_breadcrumbs_links_hover_color":"","ocean_display_footer_widgets":"default","ocean_display_footer_bottom":"default","ocean_custom_footer_template":"0","osh_disable_topbar_sticky":"default","osh_disable_header_sticky":"default","osh_sticky_header_style":"default","osh_sticky_header_effect":"","osh_custom_sticky_logo":0,"osh_custom_retina_sticky_logo":0,"osh_custom_sticky_logo_height":0,"osh_background_color":"","osh_links_color":"","osh_links_hover_color":"","osh_links_active_color":"","osh_links_bg_color":"","osh_links_hover_bg_color":"","osh_links_active_bg_color":"","osh_menu_social_links_color":"","osh_menu_social_hover_links_color":"","footnotes":""},"yoast_head":"<!-- This site is optimized with the Yoast SEO Premium plugin v23.4 (Yoast SEO v23.4) - https:\/\/yoast.com\/wordpress\/plugins\/seo\/ -->\n<title>Impressum - Atlas Fitnes<\/title>\n<meta name=\"description\" content=\"Impressum - Atlas Fitnes\" \/>\n<meta name=\"robots\" content=\"index, follow, max-snippet:-1, max-image-preview:large, max-video-preview:-1\" \/>\n<link rel=\"canonical\" href=\"https:\/\/atlasfitnes.com\/sk\/kolofon\/\" \/>\n<meta property=\"og:locale\" content=\"sk_SK\" \/>\n<meta property=\"og:type\" content=\"article\" \/>\n<meta property=\"og:title\" content=\"Impressum\" \/>\n<meta property=\"og:description\" content=\"Impressum - Atlas Fitnes\" \/>\n<meta property=\"og:url\" content=\"https:\/\/atlasfitnes.com\/sk\/kolofon\/\" \/>\n<meta property=\"og:site_name\" content=\"Atlas Fitnes\" \/>\n<meta property=\"article:modified_time\" content=\"2024-06-14T06:19:09+00:00\" \/>\n<meta name=\"twitter:card\" content=\"summary_large_image\" \/>\n<meta name=\"twitter:label1\" content=\"Predpokladan\u00fd \u010das \u010d\u00edtania\" \/>\n\t<meta name=\"twitter:data1\" content=\"1 min\u00fata\" \/>\n<script type=\"application\/ld+json\" class=\"yoast-schema-graph\">{\"@context\":\"https:\/\/schema.org\",\"@graph\":[{\"@type\":\"WebPage\",\"@id\":\"https:\/\/atlasfitnes.com\/colophon\/\",\"url\":\"https:\/\/atlasfitnes.com\/colophon\/\",\"name\":\"Impressum - Atlas Fitnes\",\"isPartOf\":{\"@id\":\"https:\/\/atlasfitnes.com\/#website\"},\"datePublished\":\"2023-08-27T10:45:24+00:00\",\"dateModified\":\"2024-06-14T06:19:09+00:00\",\"description\":\"Impressum - Atlas Fitnes\",\"breadcrumb\":{\"@id\":\"https:\/\/atlasfitnes.com\/colophon\/#breadcrumb\"},\"inLanguage\":\"sk-SK\",\"potentialAction\":[{\"@type\":\"ReadAction\",\"target\":[\"https:\/\/atlasfitnes.com\/colophon\/\"]}]},{\"@type\":\"BreadcrumbList\",\"@id\":\"https:\/\/atlasfitnes.com\/colophon\/#breadcrumb\",\"itemListElement\":[{\"@type\":\"ListItem\",\"position\":1,\"name\":\"Home\",\"item\":\"https:\/\/atlasfitnes.com\/es\/\"},{\"@type\":\"ListItem\",\"position\":2,\"name\":\"Impressum\"}]},{\"@type\":\"WebSite\",\"@id\":\"https:\/\/atlasfitnes.com\/#website\",\"url\":\"https:\/\/atlasfitnes.com\/\",\"name\":\"Atlas Fitnes\",\"description\":\"atlasfitnes.com\",\"publisher\":{\"@id\":\"https:\/\/atlasfitnes.com\/#organization\"},\"potentialAction\":[{\"@type\":\"SearchAction\",\"target\":{\"@type\":\"EntryPoint\",\"urlTemplate\":\"https:\/\/atlasfitnes.com\/?s={search_term_string}\"},\"query-input\":{\"@type\":\"PropertyValueSpecification\",\"valueRequired\":true,\"valueName\":\"search_term_string\"}}],\"inLanguage\":\"sk-SK\"},{\"@type\":\"Organization\",\"@id\":\"https:\/\/atlasfitnes.com\/#organization\",\"name\":\"Atlas Fitnes\",\"url\":\"https:\/\/atlasfitnes.com\/\",\"logo\":{\"@type\":\"ImageObject\",\"inLanguage\":\"sk-SK\",\"@id\":\"https:\/\/atlasfitnes.com\/#\/schema\/logo\/image\/\",\"url\":\"https:\/\/atlasfitnes.com\/wp-content\/uploads\/2024\/07\/logo-atlasfitnes-1.png\",\"contentUrl\":\"https:\/\/atlasfitnes.com\/wp-content\/uploads\/2024\/07\/logo-atlasfitnes-1.png\",\"width\":400,\"height\":138,\"caption\":\"Atlas Fitnes\"},\"image\":{\"@id\":\"https:\/\/atlasfitnes.com\/#\/schema\/logo\/image\/\"}}]}<\/script>\n<!-- \/ Yoast SEO Premium plugin. -->","yoast_head_json":{"title":"Impressum - Atlas Fitnes","description":"Impressum - Atlas Fitnes","robots":{"index":"index","follow":"follow","max-snippet":"max-snippet:-1","max-image-preview":"max-image-preview:large","max-video-preview":"max-video-preview:-1"},"canonical":"https:\/\/atlasfitnes.com\/sk\/kolofon\/","og_locale":"sk_SK","og_type":"article","og_title":"Impressum","og_description":"Impressum - Atlas Fitnes","og_url":"https:\/\/atlasfitnes.com\/sk\/kolofon\/","og_site_name":"Atlas Fitnes","article_modified_time":"2024-06-14T06:19:09+00:00","twitter_card":"summary_large_image","twitter_misc":{"Predpokladan\u00fd \u010das \u010d\u00edtania":"1 min\u00fata"},"schema":{"@context":"https:\/\/schema.org","@graph":[{"@type":"WebPage","@id":"https:\/\/atlasfitnes.com\/colophon\/","url":"https:\/\/atlasfitnes.com\/colophon\/","name":"Impressum - Atlas Fitnes","isPartOf":{"@id":"https:\/\/atlasfitnes.com\/#website"},"datePublished":"2023-08-27T10:45:24+00:00","dateModified":"2024-06-14T06:19:09+00:00","description":"Impressum - Atlas Fitnes","breadcrumb":{"@id":"https:\/\/atlasfitnes.com\/colophon\/#breadcrumb"},"inLanguage":"sk-SK","potentialAction":[{"@type":"ReadAction","target":["https:\/\/atlasfitnes.com\/colophon\/"]}]},{"@type":"BreadcrumbList","@id":"https:\/\/atlasfitnes.com\/colophon\/#breadcrumb","itemListElement":[{"@type":"ListItem","position":1,"name":"Home","item":"https:\/\/atlasfitnes.com\/es\/"},{"@type":"ListItem","position":2,"name":"Impressum"}]},{"@type":"WebSite","@id":"https:\/\/atlasfitnes.com\/#website","url":"https:\/\/atlasfitnes.com\/","name":"Atlas Fitnes","description":"atlasfitnes.com","publisher":{"@id":"https:\/\/atlasfitnes.com\/#organization"},"potentialAction":[{"@type":"SearchAction","target":{"@type":"EntryPoint","urlTemplate":"https:\/\/atlasfitnes.com\/?s={search_term_string}"},"query-input":{"@type":"PropertyValueSpecification","valueRequired":true,"valueName":"search_term_string"}}],"inLanguage":"sk-SK"},{"@type":"Organization","@id":"https:\/\/atlasfitnes.com\/#organization","name":"Atlas Fitnes","url":"https:\/\/atlasfitnes.com\/","logo":{"@type":"ImageObject","inLanguage":"sk-SK","@id":"https:\/\/atlasfitnes.com\/#\/schema\/logo\/image\/","url":"https:\/\/atlasfitnes.com\/wp-content\/uploads\/2024\/07\/logo-atlasfitnes-1.png","contentUrl":"https:\/\/atlasfitnes.com\/wp-content\/uploads\/2024\/07\/logo-atlasfitnes-1.png","width":400,"height":138,"caption":"Atlas Fitnes"},"image":{"@id":"https:\/\/atlasfitnes.com\/#\/schema\/logo\/image\/"}}]}},"_links":{"self":[{"href":"https:\/\/atlasfitnes.com\/sk\/wp-json\/wp\/v2\/pages\/1456"}],"collection":[{"href":"https:\/\/atlasfitnes.com\/sk\/wp-json\/wp\/v2\/pages"}],"about":[{"href":"https:\/\/atlasfitnes.com\/sk\/wp-json\/wp\/v2\/types\/page"}],"author":[{"embeddable":true,"href":"https:\/\/atlasfitnes.com\/sk\/wp-json\/wp\/v2\/users\/3"}],"replies":[{"embeddable":true,"href":"https:\/\/atlasfitnes.com\/sk\/wp-json\/wp\/v2\/comments?post=1456"}],"version-history":[{"count":0,"href":"https:\/\/atlasfitnes.com\/sk\/wp-json\/wp\/v2\/pages\/1456\/revisions"}],"wp:attachment":[{"href":"https:\/\/atlasfitnes.com\/sk\/wp-json\/wp\/v2\/media?parent=1456"}],"curies":[{"name":"wp","href":"https:\/\/api.w.org\/{rel}","templated":true}]}}