{"id":4114,"date":"2023-10-17T07:09:04","date_gmt":"2023-10-17T07:09:04","guid":{"rendered":"https:\/\/atlasfitnes.com\/?page_id=4114"},"modified":"2024-06-14T06:23:43","modified_gmt":"2024-06-14T06:23:43","slug":"privacy-notice","status":"publish","type":"page","link":"https:\/\/atlasfitnes.com\/pt\/aviso-de-privacidade\/","title":{"rendered":"Aviso de privacidade"},"content":{"rendered":"<div data-elementor-type=\"wp-page\" data-elementor-id=\"4114\" class=\"elementor elementor-4114\" data-elementor-post-type=\"page\">\n\t\t\t\t\t\t<section class=\"elementor-section elementor-top-section elementor-element elementor-element-5443b19b elementor-section-boxed elementor-section-height-default elementor-section-height-default\" data-id=\"5443b19b\" data-element_type=\"section\">\n\t\t\t\t\t\t<div class=\"elementor-container elementor-column-gap-default\">\n\t\t\t\t\t<div class=\"elementor-column elementor-col-100 elementor-top-column elementor-element elementor-element-37f772ab\" data-id=\"37f772ab\" data-element_type=\"column\">\n\t\t\t<div class=\"elementor-widget-wrap elementor-element-populated\">\n\t\t\t\t\t\t<div class=\"elementor-element elementor-element-69a8104b elementor-widget elementor-widget-text-editor\" data-id=\"69a8104b\" data-element_type=\"widget\" data-widget_type=\"text-editor.default\">\n\t\t\t\t<div class=\"elementor-widget-container\">\n\t\t\t\t\t\t\t<p><strong>O QUE NECESSITAMOS<\/strong><\/p><p>A nossa pol\u00edtica de privacidade rege a utiliza\u00e7\u00e3o e o armazenamento de dados pessoais. Pode consultar a Pol\u00edtica de Privacidade na p\u00e1gina Aviso de Privacidade (anexo abaixo). BOREAS d.o.o., Nazorjeva ul. 19, 3000 Celje \u00e9 o respons\u00e1vel pelo tratamento dos dados pessoais que fornece (titular dos dados: o utilizador, cliente, visitante, etc.). Recolhemos os seguintes tipos de dados pessoais:<\/p><ul><li>Endere\u00e7o de correio eletr\u00f3nico;<\/li><li>Nome e apelido,<\/li><li>Endere\u00e7o, endere\u00e7o eletr\u00f3nico e n\u00famero de telefone;<\/li><li>Dados de pagamento, tais como dados do cart\u00e3o de cr\u00e9dito ou de d\u00e9bito, Paypal e outros m\u00e9todos de pagamento;<\/li><li>C\u00f3pias de documentos pessoais que confirmem a exatid\u00e3o dos dados pessoais;<\/li><li>Cookies;<\/li><li>Google Analytics e Yandex e Cloudflare para controlo de visitas;<\/li><li>Liga\u00e7\u00f5es para perfis pessoais em grupos sociais.<\/li><\/ul><p>Obtemos cada tipo de dados pessoais com base na necessidade e com consentimento separado.<\/p><p><strong>PORQUE \u00c9 QUE PRECISAMOS DELES<\/strong><\/p><p>Precisamos dos seus dados pessoais para os seguintes servi\u00e7os:<\/p><ul><li>Endere\u00e7o de correio eletr\u00f3nico para responder \u00e0s suas mensagens de correio eletr\u00f3nico ou \u00e0s mensagens enviadas atrav\u00e9s de formul\u00e1rios de contacto;<\/li><li>Endere\u00e7o de correio eletr\u00f3nico para o envio de ofertas e boletins informativos;<\/li><li>Nome, morada, endere\u00e7o de correio eletr\u00f3nico e n\u00famero de telefone para receber reservas, pedidos de informa\u00e7\u00e3o e envio de ofertas ou para satisfazer os seus outros pedidos;<\/li><li>Nome, morada, endere\u00e7o de correio eletr\u00f3nico e n\u00famero de telefone para a compra de vales de oferta, vales ou servi\u00e7os e artigos relacionados com a nossa oferta;<\/li><li>Dados de pagamento e c\u00f3pias dos documentos de identifica\u00e7\u00e3o para a execu\u00e7\u00e3o dos Servi\u00e7os;<\/li><li>Endere\u00e7o de correio eletr\u00f3nico para marketing automatizado (confirma\u00e7\u00e3o de reservas, notas de agradecimento para inscri\u00e7\u00f5es, etc.);<\/li><li>Cookies para o funcionamento do s\u00edtio Web;<\/li><li>Comunica\u00e7\u00e3o atrav\u00e9s de grupos sociais com perfis pessoais que confirmam uma liga\u00e7\u00e3o connosco;<\/li><li>Nome, morada, endere\u00e7o de correio eletr\u00f3nico e n\u00famero de telefone para sorteios ocasionais ou outras promo\u00e7\u00f5es com a autoriza\u00e7\u00e3o pr\u00e9via do utilizador;<\/li><li>Dados agregados do Google Analytics ou do Yandex Direct e do Cloudflare para controlo de visitas e an\u00e1lise interna para melhorar o nosso conte\u00fado.<\/li><\/ul><p><strong>O QUE FAZEMOS COM OS DADOS PESSOAIS<\/strong><\/p><p>Os seus dados pessoais s\u00e3o processados na BOREAS d.o.o., Nazorjeva ul. 19, 3000 Celje, que se situa na Eslov\u00e9nia. Os dados s\u00e3o alojados e armazenados por https:\/\/atlasfitnes.com, que est\u00e1 localizado nos pa\u00edses da Uni\u00e3o Europeia (Alemanha).<\/p><p>Nenhum fornecedor terceiro tem acesso aos seus dados, exceto se tal for exigido por lei.<\/p><p><strong>DURANTE QUANTO TEMPO O GUARDAMOS<\/strong><\/p><p>Utilizamos cookies persistentes no nosso s\u00edtio Web para estabelecer liga\u00e7\u00f5es a servi\u00e7os sociais e a outros fornecedores de \"partilha\", bem como cookies para o ajudar a aceder repetidamente ao seu conte\u00fado mais popular no nosso s\u00edtio Web.<\/p><p><strong>QUAIS S\u00c3O OS SEUS DIREITOS<\/strong><\/p><p>Se considerar que as informa\u00e7\u00f5es pessoais que temos sobre si est\u00e3o incorrectas ou incompletas, tem a oportunidade de apresentar um pedido de revis\u00e3o, corre\u00e7\u00e3o ou elimina\u00e7\u00e3o dessas informa\u00e7\u00f5es. Para tal, contacte-nos atrav\u00e9s do (Formul\u00e1rio de pedido de acesso aos dados). Se desejar apresentar uma queixa sobre a forma como process\u00e1mos os seus dados pessoais, contacte o respons\u00e1vel pela prote\u00e7\u00e3o de dados ou o contacto de prote\u00e7\u00e3o de dados (DPC) em info@atlasfitnes.com ou por escrito para BOREAS d.o.o., Nazorjeva ul. 19, 3000 Celje.<\/p><p>A nossa DPC investigar\u00e1 ent\u00e3o a sua queixa e inform\u00e1-lo-\u00e1 da resolu\u00e7\u00e3o do problema. Se continuar a considerar que os seus dados pessoais n\u00e3o foram tratados corretamente, de acordo com a lei, pode contactar o Comiss\u00e1rio da Informa\u00e7\u00e3o e apresentar-lhe uma queixa. Pode solicitar o acesso a pol\u00edticas e documentos relacionados com a privacidade utilizando um formul\u00e1rio especial que pode ser encontrado na p\u00e1gina da Pol\u00edtica de Privacidade.<\/p><p>Documentos relacionados:<\/p><p>Pol\u00edtica de prote\u00e7\u00e3o de dados pessoais<br \/>Pol\u00edtica de conserva\u00e7\u00e3o de dados pessoais (a pedido, por correio eletr\u00f3nico ou pessoalmente)<br \/>Calend\u00e1rio de conserva\u00e7\u00e3o de dados pessoais (a pedido, por correio eletr\u00f3nico ou pessoalmente)<br \/>Aviso de privacidade<br \/>Termos e condi\u00e7\u00f5es gerais<br \/>Formul\u00e1rio de consentimento<br \/>Retirada do formul\u00e1rio de consentimento<\/p><p>Celje, 27.08.2023, Ver. Documento: 1.0<\/p>\t\t\t\t\t\t<\/div>\n\t\t\t\t<\/div>\n\t\t\t\t\t<\/div>\n\t\t<\/div>\n\t\t\t\t\t<\/div>\n\t\t<\/section>\n\t\t\t\t<\/div>","protected":false},"excerpt":{"rendered":"<p>O QUE PRECISAMOS A nossa pol\u00edtica de privacidade rege a utiliza\u00e7\u00e3o e o armazenamento de dados pessoais. Pode consultar a pol\u00edtica de privacidade na p\u00e1gina do aviso de privacidade (anexo abaixo). BOREAS d.o.o., Nazorjeva ul. 19, 3000 Celje \u00e9 o respons\u00e1vel pelo tratamento dos dados pessoais que fornece (titular dos dados: o utilizador, cliente, visitante, etc.). Recolhemos os seguintes tipos de [...]<\/p>","protected":false},"author":3,"featured_media":0,"parent":0,"menu_order":0,"comment_status":"closed","ping_status":"closed","template":"","meta":{"ocean_post_layout":"","ocean_both_sidebars_style":"","ocean_both_sidebars_content_width":0,"ocean_both_sidebars_sidebars_width":0,"ocean_sidebar":"0","ocean_second_sidebar":"0","ocean_disable_margins":"enable","ocean_add_body_class":"","ocean_shortcode_before_top_bar":"","ocean_shortcode_after_top_bar":"","ocean_shortcode_before_header":"","ocean_shortcode_after_header":"","ocean_has_shortcode":"","ocean_shortcode_after_title":"","ocean_shortcode_before_footer_widgets":"","ocean_shortcode_after_footer_widgets":"","ocean_shortcode_before_footer_bottom":"","ocean_shortcode_after_footer_bottom":"","ocean_display_top_bar":"default","ocean_display_header":"default","ocean_header_style":"","ocean_center_header_left_menu":"0","ocean_custom_header_template":"0","ocean_custom_logo":0,"ocean_custom_retina_logo":0,"ocean_custom_logo_max_width":0,"ocean_custom_logo_tablet_max_width":0,"ocean_custom_logo_mobile_max_width":0,"ocean_custom_logo_max_height":0,"ocean_custom_logo_tablet_max_height":0,"ocean_custom_logo_mobile_max_height":0,"ocean_header_custom_menu":"0","ocean_menu_typo_font_family":"0","ocean_menu_typo_font_subset":"","ocean_menu_typo_font_size":0,"ocean_menu_typo_font_size_tablet":0,"ocean_menu_typo_font_size_mobile":0,"ocean_menu_typo_font_size_unit":"px","ocean_menu_typo_font_weight":"","ocean_menu_typo_font_weight_tablet":"","ocean_menu_typo_font_weight_mobile":"","ocean_menu_typo_transform":"","ocean_menu_typo_transform_tablet":"","ocean_menu_typo_transform_mobile":"","ocean_menu_typo_line_height":0,"ocean_menu_typo_line_height_tablet":0,"ocean_menu_typo_line_height_mobile":0,"ocean_menu_typo_line_height_unit":"","ocean_menu_typo_spacing":0,"ocean_menu_typo_spacing_tablet":0,"ocean_menu_typo_spacing_mobile":0,"ocean_menu_typo_spacing_unit":"","ocean_menu_link_color":"","ocean_menu_link_color_hover":"","ocean_menu_link_color_active":"","ocean_menu_link_background":"","ocean_menu_link_hover_background":"","ocean_menu_link_active_background":"","ocean_menu_social_links_bg":"","ocean_menu_social_hover_links_bg":"","ocean_menu_social_links_color":"","ocean_menu_social_hover_links_color":"","ocean_disable_title":"enable","ocean_disable_heading":"default","ocean_post_title":"","ocean_post_subheading":"","ocean_post_title_style":"","ocean_post_title_background_color":"","ocean_post_title_background":0,"ocean_post_title_bg_image_position":"","ocean_post_title_bg_image_attachment":"","ocean_post_title_bg_image_repeat":"","ocean_post_title_bg_image_size":"","ocean_post_title_height":0,"ocean_post_title_bg_overlay":0.5,"ocean_post_title_bg_overlay_color":"","ocean_disable_breadcrumbs":"default","ocean_breadcrumbs_color":"","ocean_breadcrumbs_separator_color":"","ocean_breadcrumbs_links_color":"","ocean_breadcrumbs_links_hover_color":"","ocean_display_footer_widgets":"default","ocean_display_footer_bottom":"default","ocean_custom_footer_template":"0","osh_disable_topbar_sticky":"default","osh_disable_header_sticky":"default","osh_sticky_header_style":"default","osh_sticky_header_effect":"","osh_custom_sticky_logo":0,"osh_custom_retina_sticky_logo":0,"osh_custom_sticky_logo_height":0,"osh_background_color":"","osh_links_color":"","osh_links_hover_color":"","osh_links_active_color":"","osh_links_bg_color":"","osh_links_hover_bg_color":"","osh_links_active_bg_color":"","osh_menu_social_links_color":"","osh_menu_social_hover_links_color":"","footnotes":""},"yoast_head":"<!-- This site is optimized with the Yoast SEO Premium plugin v23.4 (Yoast SEO v23.4) - https:\/\/yoast.com\/wordpress\/plugins\/seo\/ -->\n<title>Privacy Notice - Atlas Fitnes<\/title>\n<meta name=\"description\" content=\"Privacy Notice - Atlas Fitnes\" \/>\n<meta name=\"robots\" content=\"index, follow, max-snippet:-1, max-image-preview:large, max-video-preview:-1\" \/>\n<link rel=\"canonical\" href=\"https:\/\/atlasfitnes.com\/pt\/aviso-de-privacidade\/\" \/>\n<meta property=\"og:locale\" content=\"pt_PT\" \/>\n<meta property=\"og:type\" content=\"article\" \/>\n<meta property=\"og:title\" content=\"Privacy Notice\" \/>\n<meta property=\"og:description\" content=\"Privacy Notice - Atlas Fitnes\" \/>\n<meta property=\"og:url\" content=\"https:\/\/atlasfitnes.com\/pt\/aviso-de-privacidade\/\" \/>\n<meta property=\"og:site_name\" content=\"Atlas Fitnes\" \/>\n<meta property=\"article:modified_time\" content=\"2024-06-14T06:23:43+00:00\" \/>\n<meta name=\"twitter:card\" content=\"summary_large_image\" \/>\n<meta name=\"twitter:label1\" content=\"Tempo estimado de leitura\" \/>\n\t<meta name=\"twitter:data1\" content=\"3 minutos\" \/>\n<script type=\"application\/ld+json\" class=\"yoast-schema-graph\">{\"@context\":\"https:\/\/schema.org\",\"@graph\":[{\"@type\":\"WebPage\",\"@id\":\"https:\/\/atlasfitnes.com\/privacy-notice\/\",\"url\":\"https:\/\/atlasfitnes.com\/privacy-notice\/\",\"name\":\"Privacy Notice - Atlas Fitnes\",\"isPartOf\":{\"@id\":\"https:\/\/atlasfitnes.com\/#website\"},\"datePublished\":\"2023-10-17T07:09:04+00:00\",\"dateModified\":\"2024-06-14T06:23:43+00:00\",\"description\":\"Privacy Notice - Atlas Fitnes\",\"breadcrumb\":{\"@id\":\"https:\/\/atlasfitnes.com\/privacy-notice\/#breadcrumb\"},\"inLanguage\":\"pt-PT\",\"potentialAction\":[{\"@type\":\"ReadAction\",\"target\":[\"https:\/\/atlasfitnes.com\/privacy-notice\/\"]}]},{\"@type\":\"BreadcrumbList\",\"@id\":\"https:\/\/atlasfitnes.com\/privacy-notice\/#breadcrumb\",\"itemListElement\":[{\"@type\":\"ListItem\",\"position\":1,\"name\":\"Home\",\"item\":\"https:\/\/atlasfitnes.com\/es\/\"},{\"@type\":\"ListItem\",\"position\":2,\"name\":\"Privacy Notice\"}]},{\"@type\":\"WebSite\",\"@id\":\"https:\/\/atlasfitnes.com\/#website\",\"url\":\"https:\/\/atlasfitnes.com\/\",\"name\":\"Atlas Fitnes\",\"description\":\"atlasfitnes.com\",\"publisher\":{\"@id\":\"https:\/\/atlasfitnes.com\/#organization\"},\"potentialAction\":[{\"@type\":\"SearchAction\",\"target\":{\"@type\":\"EntryPoint\",\"urlTemplate\":\"https:\/\/atlasfitnes.com\/?s={search_term_string}\"},\"query-input\":{\"@type\":\"PropertyValueSpecification\",\"valueRequired\":true,\"valueName\":\"search_term_string\"}}],\"inLanguage\":\"pt-PT\"},{\"@type\":\"Organization\",\"@id\":\"https:\/\/atlasfitnes.com\/#organization\",\"name\":\"Atlas Fitnes\",\"url\":\"https:\/\/atlasfitnes.com\/\",\"logo\":{\"@type\":\"ImageObject\",\"inLanguage\":\"pt-PT\",\"@id\":\"https:\/\/atlasfitnes.com\/#\/schema\/logo\/image\/\",\"url\":\"https:\/\/atlasfitnes.com\/wp-content\/uploads\/2024\/07\/logo-atlasfitnes-1.png\",\"contentUrl\":\"https:\/\/atlasfitnes.com\/wp-content\/uploads\/2024\/07\/logo-atlasfitnes-1.png\",\"width\":400,\"height\":138,\"caption\":\"Atlas Fitnes\"},\"image\":{\"@id\":\"https:\/\/atlasfitnes.com\/#\/schema\/logo\/image\/\"}}]}<\/script>\n<!-- \/ Yoast SEO Premium plugin. -->","yoast_head_json":{"title":"Privacy Notice - Atlas Fitnes","description":"Privacy Notice - Atlas Fitnes","robots":{"index":"index","follow":"follow","max-snippet":"max-snippet:-1","max-image-preview":"max-image-preview:large","max-video-preview":"max-video-preview:-1"},"canonical":"https:\/\/atlasfitnes.com\/pt\/aviso-de-privacidade\/","og_locale":"pt_PT","og_type":"article","og_title":"Privacy Notice","og_description":"Privacy Notice - Atlas Fitnes","og_url":"https:\/\/atlasfitnes.com\/pt\/aviso-de-privacidade\/","og_site_name":"Atlas Fitnes","article_modified_time":"2024-06-14T06:23:43+00:00","twitter_card":"summary_large_image","twitter_misc":{"Tempo estimado de leitura":"3 minutos"},"schema":{"@context":"https:\/\/schema.org","@graph":[{"@type":"WebPage","@id":"https:\/\/atlasfitnes.com\/privacy-notice\/","url":"https:\/\/atlasfitnes.com\/privacy-notice\/","name":"Privacy Notice - Atlas Fitnes","isPartOf":{"@id":"https:\/\/atlasfitnes.com\/#website"},"datePublished":"2023-10-17T07:09:04+00:00","dateModified":"2024-06-14T06:23:43+00:00","description":"Privacy Notice - Atlas Fitnes","breadcrumb":{"@id":"https:\/\/atlasfitnes.com\/privacy-notice\/#breadcrumb"},"inLanguage":"pt-PT","potentialAction":[{"@type":"ReadAction","target":["https:\/\/atlasfitnes.com\/privacy-notice\/"]}]},{"@type":"BreadcrumbList","@id":"https:\/\/atlasfitnes.com\/privacy-notice\/#breadcrumb","itemListElement":[{"@type":"ListItem","position":1,"name":"Home","item":"https:\/\/atlasfitnes.com\/es\/"},{"@type":"ListItem","position":2,"name":"Privacy Notice"}]},{"@type":"WebSite","@id":"https:\/\/atlasfitnes.com\/#website","url":"https:\/\/atlasfitnes.com\/","name":"Atlas Fitnes","description":"atlasfitnes.com","publisher":{"@id":"https:\/\/atlasfitnes.com\/#organization"},"potentialAction":[{"@type":"SearchAction","target":{"@type":"EntryPoint","urlTemplate":"https:\/\/atlasfitnes.com\/?s={search_term_string}"},"query-input":{"@type":"PropertyValueSpecification","valueRequired":true,"valueName":"search_term_string"}}],"inLanguage":"pt-PT"},{"@type":"Organization","@id":"https:\/\/atlasfitnes.com\/#organization","name":"Atlas Fitnes","url":"https:\/\/atlasfitnes.com\/","logo":{"@type":"ImageObject","inLanguage":"pt-PT","@id":"https:\/\/atlasfitnes.com\/#\/schema\/logo\/image\/","url":"https:\/\/atlasfitnes.com\/wp-content\/uploads\/2024\/07\/logo-atlasfitnes-1.png","contentUrl":"https:\/\/atlasfitnes.com\/wp-content\/uploads\/2024\/07\/logo-atlasfitnes-1.png","width":400,"height":138,"caption":"Atlas Fitnes"},"image":{"@id":"https:\/\/atlasfitnes.com\/#\/schema\/logo\/image\/"}}]}},"_links":{"self":[{"href":"https:\/\/atlasfitnes.com\/pt\/wp-json\/wp\/v2\/pages\/4114"}],"collection":[{"href":"https:\/\/atlasfitnes.com\/pt\/wp-json\/wp\/v2\/pages"}],"about":[{"href":"https:\/\/atlasfitnes.com\/pt\/wp-json\/wp\/v2\/types\/page"}],"author":[{"embeddable":true,"href":"https:\/\/atlasfitnes.com\/pt\/wp-json\/wp\/v2\/users\/3"}],"replies":[{"embeddable":true,"href":"https:\/\/atlasfitnes.com\/pt\/wp-json\/wp\/v2\/comments?post=4114"}],"version-history":[{"count":0,"href":"https:\/\/atlasfitnes.com\/pt\/wp-json\/wp\/v2\/pages\/4114\/revisions"}],"wp:attachment":[{"href":"https:\/\/atlasfitnes.com\/pt\/wp-json\/wp\/v2\/media?parent=4114"}],"curies":[{"name":"wp","href":"https:\/\/api.w.org\/{rel}","templated":true}]}}