{"id":1456,"date":"2023-08-27T10:45:24","date_gmt":"2023-08-27T10:45:24","guid":{"rendered":"https:\/\/atlasfitnes.com\/?page_id=1456"},"modified":"2024-06-14T06:19:09","modified_gmt":"2024-06-14T06:19:09","slug":"colophon","status":"publish","type":"page","link":"https:\/\/atlasfitnes.com\/fr\/colophon\/","title":{"rendered":"Impressum"},"content":{"rendered":"<p>Les sites web ont \u00e9t\u00e9 d\u00e9velopp\u00e9s par nous-m\u00eames et par notre fournisseur de services web.<\/p>\n<p><strong>L'objectif des sites web<\/strong><\/p>\n<p>Les informations figurant sur le site web sont de nature informative dans le domaine de l'activit\u00e9 principale pour laquelle nous sommes enregistr\u00e9s. Nous nous engageons \u00e0 ce que les informations figurant sur le site web soient v\u00e9ridiques, fiables et de qualit\u00e9.<br \/>Nous ne sommes pas responsables des \u00e9ventuelles erreurs typographiques et nous nous r\u00e9servons le droit de modifier le contenu \u00e0 tout moment et sans pr\u00e9avis s'il n'est pas conforme \u00e0 notre politique d'entreprise.<\/p>\n<p><strong>Droit d'utilisation<\/strong><\/p>\n<p>Le site web et l'ensemble de son contenu sont prot\u00e9g\u00e9s par des droits de propri\u00e9t\u00e9 industrielle et intellectuelle. Toute information, texte, image ou autre graphique figurant sur ce site web ne peut \u00eatre utilis\u00e9 qu'\u00e0 des fins personnelles et non commerciales et ne peut \u00eatre reproduit, modifi\u00e9, distribu\u00e9, conc\u00e9d\u00e9 sous licence ou publi\u00e9, en tout ou en partie, \u00e0 d'autres fins que la consultation, sans l'autorisation \u00e9crite pr\u00e9alable de l'administrateur.<\/p>\n<p><strong>Clause de non-responsabilit\u00e9<\/strong><\/p>\n<p>En concevant ce site web, nous nous effor\u00e7ons de maintenir les informations \u00e0 jour et exactes. Nous ne garantissons pas leur exactitude ou leur exhaustivit\u00e9 et n'acceptons aucune responsabilit\u00e9 d\u00e9coulant de leur utilisation. Tous les utilisateurs se servent du contenu publi\u00e9 \u00e0 leurs propres risques.<br \/>Nous nous r\u00e9servons le droit de modifier le contenu de nos sites web \u00e0 tout moment, de quelque mani\u00e8re que ce soit, pour quelque raison que ce soit et sans pr\u00e9avis.<\/p>\n<p><strong>Mise en \u0153uvre technologique<\/strong><\/p>\n<p>La mise en \u0153uvre technologique a \u00e9t\u00e9 assur\u00e9e par une agence de programmation et de conception en coop\u00e9ration avec notre entreprise.<\/p>\n<p>Nom de l'entreprise : BOREAS d.o.o.<br \/>Adresse : Nazorjeva ul. 19, 3000 Celje<br \/>Courriel : info@atlasfitnes.com<br \/>Site web : https:\/\/atlasfitnes.com<\/p>\n<p>Celje, 27.08.2023<\/p>\n<p>\u00a0<\/p>","protected":false},"excerpt":{"rendered":"<p>Les sites web ont \u00e9t\u00e9 d\u00e9velopp\u00e9s par nous-m\u00eames et par notre fournisseur de services web. L'objectif des sites web L'information sur le site web est de nature pr\u00e9sentation dans le domaine de l'activit\u00e9 principale pour laquelle nous sommes enregistr\u00e9s. Nous nous engageons \u00e0 ce que les informations contenues dans le site soient v\u00e9ridiques, fiables et de qualit\u00e9.<\/p>","protected":false},"author":3,"featured_media":0,"parent":0,"menu_order":0,"comment_status":"closed","ping_status":"closed","template":"","meta":{"ocean_post_layout":"","ocean_both_sidebars_style":"","ocean_both_sidebars_content_width":0,"ocean_both_sidebars_sidebars_width":0,"ocean_sidebar":"0","ocean_second_sidebar":"0","ocean_disable_margins":"enable","ocean_add_body_class":"","ocean_shortcode_before_top_bar":"","ocean_shortcode_after_top_bar":"","ocean_shortcode_before_header":"","ocean_shortcode_after_header":"","ocean_has_shortcode":"","ocean_shortcode_after_title":"","ocean_shortcode_before_footer_widgets":"","ocean_shortcode_after_footer_widgets":"","ocean_shortcode_before_footer_bottom":"","ocean_shortcode_after_footer_bottom":"","ocean_display_top_bar":"default","ocean_display_header":"default","ocean_header_style":"","ocean_center_header_left_menu":"0","ocean_custom_header_template":"0","ocean_custom_logo":0,"ocean_custom_retina_logo":0,"ocean_custom_logo_max_width":0,"ocean_custom_logo_tablet_max_width":0,"ocean_custom_logo_mobile_max_width":0,"ocean_custom_logo_max_height":0,"ocean_custom_logo_tablet_max_height":0,"ocean_custom_logo_mobile_max_height":0,"ocean_header_custom_menu":"0","ocean_menu_typo_font_family":"0","ocean_menu_typo_font_subset":"","ocean_menu_typo_font_size":0,"ocean_menu_typo_font_size_tablet":0,"ocean_menu_typo_font_size_mobile":0,"ocean_menu_typo_font_size_unit":"px","ocean_menu_typo_font_weight":"","ocean_menu_typo_font_weight_tablet":"","ocean_menu_typo_font_weight_mobile":"","ocean_menu_typo_transform":"","ocean_menu_typo_transform_tablet":"","ocean_menu_typo_transform_mobile":"","ocean_menu_typo_line_height":0,"ocean_menu_typo_line_height_tablet":0,"ocean_menu_typo_line_height_mobile":0,"ocean_menu_typo_line_height_unit":"","ocean_menu_typo_spacing":0,"ocean_menu_typo_spacing_tablet":0,"ocean_menu_typo_spacing_mobile":0,"ocean_menu_typo_spacing_unit":"","ocean_menu_link_color":"","ocean_menu_link_color_hover":"","ocean_menu_link_color_active":"","ocean_menu_link_background":"","ocean_menu_link_hover_background":"","ocean_menu_link_active_background":"","ocean_menu_social_links_bg":"","ocean_menu_social_hover_links_bg":"","ocean_menu_social_links_color":"","ocean_menu_social_hover_links_color":"","ocean_disable_title":"enable","ocean_disable_heading":"default","ocean_post_title":"","ocean_post_subheading":"","ocean_post_title_style":"","ocean_post_title_background_color":"","ocean_post_title_background":0,"ocean_post_title_bg_image_position":"","ocean_post_title_bg_image_attachment":"","ocean_post_title_bg_image_repeat":"","ocean_post_title_bg_image_size":"","ocean_post_title_height":0,"ocean_post_title_bg_overlay":0.5,"ocean_post_title_bg_overlay_color":"","ocean_disable_breadcrumbs":"default","ocean_breadcrumbs_color":"","ocean_breadcrumbs_separator_color":"","ocean_breadcrumbs_links_color":"","ocean_breadcrumbs_links_hover_color":"","ocean_display_footer_widgets":"default","ocean_display_footer_bottom":"default","ocean_custom_footer_template":"0","osh_disable_topbar_sticky":"default","osh_disable_header_sticky":"default","osh_sticky_header_style":"default","osh_sticky_header_effect":"","osh_custom_sticky_logo":0,"osh_custom_retina_sticky_logo":0,"osh_custom_sticky_logo_height":0,"osh_background_color":"","osh_links_color":"","osh_links_hover_color":"","osh_links_active_color":"","osh_links_bg_color":"","osh_links_hover_bg_color":"","osh_links_active_bg_color":"","osh_menu_social_links_color":"","osh_menu_social_hover_links_color":"","footnotes":""},"yoast_head":"<!-- This site is optimized with the Yoast SEO Premium plugin v23.4 (Yoast SEO v23.4) - https:\/\/yoast.com\/wordpress\/plugins\/seo\/ -->\n<title>Impressum - Atlas Fitnes<\/title>\n<meta name=\"description\" content=\"Impressum - Atlas Fitnes\" \/>\n<meta name=\"robots\" content=\"index, follow, max-snippet:-1, max-image-preview:large, max-video-preview:-1\" \/>\n<link rel=\"canonical\" href=\"https:\/\/atlasfitnes.com\/fr\/colophon\/\" \/>\n<meta property=\"og:locale\" content=\"fr_FR\" \/>\n<meta property=\"og:type\" content=\"article\" \/>\n<meta property=\"og:title\" content=\"Impressum\" \/>\n<meta property=\"og:description\" content=\"Impressum - Atlas Fitnes\" \/>\n<meta property=\"og:url\" content=\"https:\/\/atlasfitnes.com\/fr\/colophon\/\" \/>\n<meta property=\"og:site_name\" content=\"Atlas Fitnes\" \/>\n<meta property=\"article:modified_time\" content=\"2024-06-14T06:19:09+00:00\" \/>\n<meta name=\"twitter:card\" content=\"summary_large_image\" \/>\n<meta name=\"twitter:label1\" content=\"Dur\u00e9e de lecture estim\u00e9e\" \/>\n\t<meta name=\"twitter:data1\" content=\"1 minute\" \/>\n<script type=\"application\/ld+json\" class=\"yoast-schema-graph\">{\"@context\":\"https:\/\/schema.org\",\"@graph\":[{\"@type\":\"WebPage\",\"@id\":\"https:\/\/atlasfitnes.com\/colophon\/\",\"url\":\"https:\/\/atlasfitnes.com\/colophon\/\",\"name\":\"Impressum - Atlas Fitnes\",\"isPartOf\":{\"@id\":\"https:\/\/atlasfitnes.com\/#website\"},\"datePublished\":\"2023-08-27T10:45:24+00:00\",\"dateModified\":\"2024-06-14T06:19:09+00:00\",\"description\":\"Impressum - Atlas Fitnes\",\"breadcrumb\":{\"@id\":\"https:\/\/atlasfitnes.com\/colophon\/#breadcrumb\"},\"inLanguage\":\"fr-FR\",\"potentialAction\":[{\"@type\":\"ReadAction\",\"target\":[\"https:\/\/atlasfitnes.com\/colophon\/\"]}]},{\"@type\":\"BreadcrumbList\",\"@id\":\"https:\/\/atlasfitnes.com\/colophon\/#breadcrumb\",\"itemListElement\":[{\"@type\":\"ListItem\",\"position\":1,\"name\":\"Home\",\"item\":\"https:\/\/atlasfitnes.com\/es\/\"},{\"@type\":\"ListItem\",\"position\":2,\"name\":\"Impressum\"}]},{\"@type\":\"WebSite\",\"@id\":\"https:\/\/atlasfitnes.com\/#website\",\"url\":\"https:\/\/atlasfitnes.com\/\",\"name\":\"Atlas Fitnes\",\"description\":\"atlasfitnes.com\",\"publisher\":{\"@id\":\"https:\/\/atlasfitnes.com\/#organization\"},\"potentialAction\":[{\"@type\":\"SearchAction\",\"target\":{\"@type\":\"EntryPoint\",\"urlTemplate\":\"https:\/\/atlasfitnes.com\/?s={search_term_string}\"},\"query-input\":{\"@type\":\"PropertyValueSpecification\",\"valueRequired\":true,\"valueName\":\"search_term_string\"}}],\"inLanguage\":\"fr-FR\"},{\"@type\":\"Organization\",\"@id\":\"https:\/\/atlasfitnes.com\/#organization\",\"name\":\"Atlas Fitnes\",\"url\":\"https:\/\/atlasfitnes.com\/\",\"logo\":{\"@type\":\"ImageObject\",\"inLanguage\":\"fr-FR\",\"@id\":\"https:\/\/atlasfitnes.com\/#\/schema\/logo\/image\/\",\"url\":\"https:\/\/atlasfitnes.com\/wp-content\/uploads\/2024\/07\/logo-atlasfitnes-1.png\",\"contentUrl\":\"https:\/\/atlasfitnes.com\/wp-content\/uploads\/2024\/07\/logo-atlasfitnes-1.png\",\"width\":400,\"height\":138,\"caption\":\"Atlas Fitnes\"},\"image\":{\"@id\":\"https:\/\/atlasfitnes.com\/#\/schema\/logo\/image\/\"}}]}<\/script>\n<!-- \/ Yoast SEO Premium plugin. -->","yoast_head_json":{"title":"Impressum - Atlas Fitnes","description":"Impressum - Atlas Fitnes","robots":{"index":"index","follow":"follow","max-snippet":"max-snippet:-1","max-image-preview":"max-image-preview:large","max-video-preview":"max-video-preview:-1"},"canonical":"https:\/\/atlasfitnes.com\/fr\/colophon\/","og_locale":"fr_FR","og_type":"article","og_title":"Impressum","og_description":"Impressum - Atlas Fitnes","og_url":"https:\/\/atlasfitnes.com\/fr\/colophon\/","og_site_name":"Atlas Fitnes","article_modified_time":"2024-06-14T06:19:09+00:00","twitter_card":"summary_large_image","twitter_misc":{"Dur\u00e9e de lecture estim\u00e9e":"1 minute"},"schema":{"@context":"https:\/\/schema.org","@graph":[{"@type":"WebPage","@id":"https:\/\/atlasfitnes.com\/colophon\/","url":"https:\/\/atlasfitnes.com\/colophon\/","name":"Impressum - Atlas Fitnes","isPartOf":{"@id":"https:\/\/atlasfitnes.com\/#website"},"datePublished":"2023-08-27T10:45:24+00:00","dateModified":"2024-06-14T06:19:09+00:00","description":"Impressum - Atlas Fitnes","breadcrumb":{"@id":"https:\/\/atlasfitnes.com\/colophon\/#breadcrumb"},"inLanguage":"fr-FR","potentialAction":[{"@type":"ReadAction","target":["https:\/\/atlasfitnes.com\/colophon\/"]}]},{"@type":"BreadcrumbList","@id":"https:\/\/atlasfitnes.com\/colophon\/#breadcrumb","itemListElement":[{"@type":"ListItem","position":1,"name":"Home","item":"https:\/\/atlasfitnes.com\/es\/"},{"@type":"ListItem","position":2,"name":"Impressum"}]},{"@type":"WebSite","@id":"https:\/\/atlasfitnes.com\/#website","url":"https:\/\/atlasfitnes.com\/","name":"Atlas Fitnes","description":"atlasfitnes.com","publisher":{"@id":"https:\/\/atlasfitnes.com\/#organization"},"potentialAction":[{"@type":"SearchAction","target":{"@type":"EntryPoint","urlTemplate":"https:\/\/atlasfitnes.com\/?s={search_term_string}"},"query-input":{"@type":"PropertyValueSpecification","valueRequired":true,"valueName":"search_term_string"}}],"inLanguage":"fr-FR"},{"@type":"Organization","@id":"https:\/\/atlasfitnes.com\/#organization","name":"Atlas Fitnes","url":"https:\/\/atlasfitnes.com\/","logo":{"@type":"ImageObject","inLanguage":"fr-FR","@id":"https:\/\/atlasfitnes.com\/#\/schema\/logo\/image\/","url":"https:\/\/atlasfitnes.com\/wp-content\/uploads\/2024\/07\/logo-atlasfitnes-1.png","contentUrl":"https:\/\/atlasfitnes.com\/wp-content\/uploads\/2024\/07\/logo-atlasfitnes-1.png","width":400,"height":138,"caption":"Atlas Fitnes"},"image":{"@id":"https:\/\/atlasfitnes.com\/#\/schema\/logo\/image\/"}}]}},"_links":{"self":[{"href":"https:\/\/atlasfitnes.com\/fr\/wp-json\/wp\/v2\/pages\/1456"}],"collection":[{"href":"https:\/\/atlasfitnes.com\/fr\/wp-json\/wp\/v2\/pages"}],"about":[{"href":"https:\/\/atlasfitnes.com\/fr\/wp-json\/wp\/v2\/types\/page"}],"author":[{"embeddable":true,"href":"https:\/\/atlasfitnes.com\/fr\/wp-json\/wp\/v2\/users\/3"}],"replies":[{"embeddable":true,"href":"https:\/\/atlasfitnes.com\/fr\/wp-json\/wp\/v2\/comments?post=1456"}],"version-history":[{"count":0,"href":"https:\/\/atlasfitnes.com\/fr\/wp-json\/wp\/v2\/pages\/1456\/revisions"}],"wp:attachment":[{"href":"https:\/\/atlasfitnes.com\/fr\/wp-json\/wp\/v2\/media?parent=1456"}],"curies":[{"name":"wp","href":"https:\/\/api.w.org\/{rel}","templated":true}]}}