{"id":4114,"date":"2023-10-17T07:09:04","date_gmt":"2023-10-17T07:09:04","guid":{"rendered":"https:\/\/atlasfitnes.com\/?page_id=4114"},"modified":"2024-06-14T06:23:43","modified_gmt":"2024-06-14T06:23:43","slug":"privacy-notice","status":"publish","type":"page","link":"https:\/\/atlasfitnes.com\/de\/datenschutzhinweis\/","title":{"rendered":"Hinweis zum Datenschutz"},"content":{"rendered":"<div data-elementor-type=\"wp-page\" data-elementor-id=\"4114\" class=\"elementor elementor-4114\" data-elementor-post-type=\"page\">\n\t\t\t\t\t\t<section class=\"elementor-section elementor-top-section elementor-element elementor-element-5443b19b elementor-section-boxed elementor-section-height-default elementor-section-height-default\" data-id=\"5443b19b\" data-element_type=\"section\">\n\t\t\t\t\t\t<div class=\"elementor-container elementor-column-gap-default\">\n\t\t\t\t\t<div class=\"elementor-column elementor-col-100 elementor-top-column elementor-element elementor-element-37f772ab\" data-id=\"37f772ab\" data-element_type=\"column\">\n\t\t\t<div class=\"elementor-widget-wrap elementor-element-populated\">\n\t\t\t\t\t\t<div class=\"elementor-element elementor-element-69a8104b elementor-widget elementor-widget-text-editor\" data-id=\"69a8104b\" data-element_type=\"widget\" data-widget_type=\"text-editor.default\">\n\t\t\t\t<div class=\"elementor-widget-container\">\n\t\t\t\t\t\t\t<p><strong>WAS WIR BRAUCHEN<\/strong><\/p><p>Unsere Datenschutzrichtlinie regelt die Verwendung und Speicherung personenbezogener Daten. Sie k\u00f6nnen die Datenschutzrichtlinie auf der Seite Datenschutzhinweis (Anhang unten) einsehen. BOREAS d.o.o., Nazorjeva ul. 19, 3000 Celje ist der Verantwortliche f\u00fcr die von ihm zur Verf\u00fcgung gestellten personenbezogenen Daten (Datensubjekt: Sie, Kunde, Besucher, etc.). Wir sammeln die folgenden Arten von personenbezogenen Daten:<\/p><ul><li>E-Mail Adresse;<\/li><li>Vorname und Nachname,<\/li><li>Anschrift, E-Mail-Adresse und Telefonnummer;<\/li><li>Zahlungsdaten wie Kredit- oder Debitkartendaten, Paypal und andere Zahlungsarten;<\/li><li>Kopien der pers\u00f6nlichen Dokumente, die die Richtigkeit der pers\u00f6nlichen Daten best\u00e4tigen;<\/li><li>Kekse;<\/li><li>Google Analytics und Yandex und Cloudflare Besuchsverfolgung;<\/li><li>Links zu pers\u00f6nlichen Profilen in sozialen Gruppen.<\/li><\/ul><p>Wir erhalten jede Art von personenbezogenen Daten auf der Grundlage der Notwendigkeit und mit gesonderter Zustimmung.<\/p><p><strong>WARUM WIR SIE BRAUCHEN<\/strong><\/p><p>Wir ben\u00f6tigen Ihre pers\u00f6nlichen Daten f\u00fcr die folgenden Dienstleistungen:<\/p><ul><li>E-Mail-Adresse f\u00fcr die Beantwortung Ihrer E-Mail-Nachrichten oder der \u00fcber Kontaktformulare \u00fcbermittelten Nachrichten;<\/li><li>E-Mail-Adresse f\u00fcr den Versand von Angeboten und Newslettern;<\/li><li>Name, Adresse, E-Mail-Adresse und Telefonnummer f\u00fcr die Entgegennahme von Reservierungen, Anfragen und die Zusendung von Angeboten oder im Zusammenhang mit der Erf\u00fcllung Ihrer sonstigen W\u00fcnsche;<\/li><li>Name, Adresse, E-Mail-Adresse und Telefonnummer f\u00fcr den Kauf von Geschenkgutscheinen, Gutscheinen oder Dienstleistungen und Artikeln in Verbindung mit unserem Angebot;<\/li><li>Zahlungsangaben und Kopien von Ausweispapieren f\u00fcr die Erbringung der Dienstleistungen;<\/li><li>E-Mail-Adresse f\u00fcr automatisiertes Marketing (Reservierungsbest\u00e4tigung, Dankesschreiben f\u00fcr Anmeldungen usw.);<\/li><li>Cookies f\u00fcr den Betrieb der Website;<\/li><li>Kommunikation \u00fcber soziale Gruppen mit pers\u00f6nlichen Profilen, die eine Verbindung mit uns best\u00e4tigen;<\/li><li>Name, Adresse, E-Mail-Adresse und Telefonnummer f\u00fcr gelegentliche Verlosungen oder andere Werbeaktionen mit Ihrer vorherigen Zustimmung;<\/li><li>Aggregierte Daten von Google Analytics oder Yandex Direct und Cloudflare zur Besuchsverfolgung und internen Analyse zur Verbesserung unserer Inhalte.<\/li><\/ul><p><strong>WAS WIR MIT PERSONENBEZOGENEN DATEN TUN<\/strong><\/p><p>Ihre pers\u00f6nlichen Daten werden bei BOREAS d.o.o., Nazorjeva ul. 19, 3000 Celje, in Slowenien, verarbeitet. Die Daten werden von https:\/\/atlasfitnes.com gehostet und gespeichert, das sich in den L\u00e4ndern der Europ\u00e4ischen Union (Deutschland) befindet.<\/p><p>Kein Drittanbieter hat Zugang zu Ihren Daten, es sei denn, dies ist gesetzlich vorgeschrieben.<\/p><p><strong>WIE LANGE WIR ES AUFBEWAHREN<\/strong><\/p><p>Wir verwenden dauerhafte Cookies auf unserer Website, um Links zu sozialen Diensten und anderen \"Sharing\"-Anbietern herzustellen, und Cookies, damit Sie immer wieder auf Ihre beliebtesten Inhalte auf unserer Website zugreifen k\u00f6nnen.<\/p><p><strong>WELCHE RECHTE HABEN SIE?<\/strong><\/p><p>Wenn Sie der Meinung sind, dass die personenbezogenen Daten, die wir \u00fcber Sie gespeichert haben, unrichtig oder unvollst\u00e4ndig sind, haben Sie die M\u00f6glichkeit, einen Antrag auf \u00dcberpr\u00fcfung, Berichtigung oder L\u00f6schung dieser Daten zu stellen. Wenden Sie sich bitte an uns (Formular f\u00fcr den Antrag auf Datenzugang). Wenn Sie sich dar\u00fcber beschweren m\u00f6chten, wie wir Ihre personenbezogenen Daten verarbeitet haben, wenden Sie sich bitte an den Datenschutzbeauftragten oder Datenschutzkontakt (DPC) unter info@atlasfitnes.com oder schriftlich an BOREAS d.o.o., Nazorjeva ul. 19, 3000 Celje.<\/p><p>Unser Datenschutzbeauftragter wird dann Ihre Beschwerde untersuchen und Sie \u00fcber die L\u00f6sung der Angelegenheit informieren. Wenn Sie immer noch der Meinung sind, dass Ihre personenbezogenen Daten nicht ordnungsgem\u00e4\u00df und im Einklang mit dem Gesetz verarbeitet wurden, k\u00f6nnen Sie sich an den Information Commissioner wenden und bei ihm eine Beschwerde einreichen. Sie k\u00f6nnen den Zugang zu datenschutzbezogenen Ma\u00dfnahmen und Dokumenten mit einem speziellen Formular beantragen, das Sie auf der Seite Datenschutz finden.<\/p><p>Verwandte Dokumente:<\/p><p>Politik zum Schutz personenbezogener Daten<br \/>Richtlinie zur Aufbewahrung personenbezogener Daten (auf Anfrage per E-Mail oder pers\u00f6nlich)<br \/>Zeitplan f\u00fcr die Aufbewahrung personenbezogener Daten (auf Anfrage per E-Mail oder pers\u00f6nlich)<br \/>Hinweis zum Datenschutz<br \/>Allgemeine Bedingungen und Konditionen<br \/>Zustimmungsformular<br \/>Formular f\u00fcr den Widerruf der Zustimmung<\/p><p>Celje, 27.08.2023, Ver. Dokument: 1.0<\/p>\t\t\t\t\t\t<\/div>\n\t\t\t\t<\/div>\n\t\t\t\t\t<\/div>\n\t\t<\/div>\n\t\t\t\t\t<\/div>\n\t\t<\/section>\n\t\t\t\t<\/div>","protected":false},"excerpt":{"rendered":"<p>WHAT WE NEED Our privacy policy governs the use and storage of personal data. You can view the Privacy Policy on the Privacy Notice page (attachment below). BOREAS d.o.o., Nazorjeva ul. 19, 3000 Celje is the controller of the personal data it provides (data subject: you, customer, visitor, etc.). We collect the following types of [&hellip;]<\/p>","protected":false},"author":3,"featured_media":0,"parent":0,"menu_order":0,"comment_status":"closed","ping_status":"closed","template":"","meta":{"ocean_post_layout":"","ocean_both_sidebars_style":"","ocean_both_sidebars_content_width":0,"ocean_both_sidebars_sidebars_width":0,"ocean_sidebar":"0","ocean_second_sidebar":"0","ocean_disable_margins":"enable","ocean_add_body_class":"","ocean_shortcode_before_top_bar":"","ocean_shortcode_after_top_bar":"","ocean_shortcode_before_header":"","ocean_shortcode_after_header":"","ocean_has_shortcode":"","ocean_shortcode_after_title":"","ocean_shortcode_before_footer_widgets":"","ocean_shortcode_after_footer_widgets":"","ocean_shortcode_before_footer_bottom":"","ocean_shortcode_after_footer_bottom":"","ocean_display_top_bar":"default","ocean_display_header":"default","ocean_header_style":"","ocean_center_header_left_menu":"0","ocean_custom_header_template":"0","ocean_custom_logo":0,"ocean_custom_retina_logo":0,"ocean_custom_logo_max_width":0,"ocean_custom_logo_tablet_max_width":0,"ocean_custom_logo_mobile_max_width":0,"ocean_custom_logo_max_height":0,"ocean_custom_logo_tablet_max_height":0,"ocean_custom_logo_mobile_max_height":0,"ocean_header_custom_menu":"0","ocean_menu_typo_font_family":"0","ocean_menu_typo_font_subset":"","ocean_menu_typo_font_size":0,"ocean_menu_typo_font_size_tablet":0,"ocean_menu_typo_font_size_mobile":0,"ocean_menu_typo_font_size_unit":"px","ocean_menu_typo_font_weight":"","ocean_menu_typo_font_weight_tablet":"","ocean_menu_typo_font_weight_mobile":"","ocean_menu_typo_transform":"","ocean_menu_typo_transform_tablet":"","ocean_menu_typo_transform_mobile":"","ocean_menu_typo_line_height":0,"ocean_menu_typo_line_height_tablet":0,"ocean_menu_typo_line_height_mobile":0,"ocean_menu_typo_line_height_unit":"","ocean_menu_typo_spacing":0,"ocean_menu_typo_spacing_tablet":0,"ocean_menu_typo_spacing_mobile":0,"ocean_menu_typo_spacing_unit":"","ocean_menu_link_color":"","ocean_menu_link_color_hover":"","ocean_menu_link_color_active":"","ocean_menu_link_background":"","ocean_menu_link_hover_background":"","ocean_menu_link_active_background":"","ocean_menu_social_links_bg":"","ocean_menu_social_hover_links_bg":"","ocean_menu_social_links_color":"","ocean_menu_social_hover_links_color":"","ocean_disable_title":"enable","ocean_disable_heading":"default","ocean_post_title":"","ocean_post_subheading":"","ocean_post_title_style":"","ocean_post_title_background_color":"","ocean_post_title_background":0,"ocean_post_title_bg_image_position":"","ocean_post_title_bg_image_attachment":"","ocean_post_title_bg_image_repeat":"","ocean_post_title_bg_image_size":"","ocean_post_title_height":0,"ocean_post_title_bg_overlay":0.5,"ocean_post_title_bg_overlay_color":"","ocean_disable_breadcrumbs":"default","ocean_breadcrumbs_color":"","ocean_breadcrumbs_separator_color":"","ocean_breadcrumbs_links_color":"","ocean_breadcrumbs_links_hover_color":"","ocean_display_footer_widgets":"default","ocean_display_footer_bottom":"default","ocean_custom_footer_template":"0","osh_disable_topbar_sticky":"default","osh_disable_header_sticky":"default","osh_sticky_header_style":"default","osh_sticky_header_effect":"","osh_custom_sticky_logo":0,"osh_custom_retina_sticky_logo":0,"osh_custom_sticky_logo_height":0,"osh_background_color":"","osh_links_color":"","osh_links_hover_color":"","osh_links_active_color":"","osh_links_bg_color":"","osh_links_hover_bg_color":"","osh_links_active_bg_color":"","osh_menu_social_links_color":"","osh_menu_social_hover_links_color":"","footnotes":""},"yoast_head":"<!-- This site is optimized with the Yoast SEO Premium plugin v23.4 (Yoast SEO v23.4) - https:\/\/yoast.com\/wordpress\/plugins\/seo\/ -->\n<title>Privacy Notice - Atlas Fitnes<\/title>\n<meta name=\"description\" content=\"Privacy Notice - Atlas Fitnes\" \/>\n<meta name=\"robots\" content=\"index, follow, max-snippet:-1, max-image-preview:large, max-video-preview:-1\" \/>\n<link rel=\"canonical\" href=\"https:\/\/atlasfitnes.com\/de\/datenschutzhinweis\/\" \/>\n<meta property=\"og:locale\" content=\"de_DE\" \/>\n<meta property=\"og:type\" content=\"article\" \/>\n<meta property=\"og:title\" content=\"Privacy Notice\" \/>\n<meta property=\"og:description\" content=\"Privacy Notice - Atlas Fitnes\" \/>\n<meta property=\"og:url\" content=\"https:\/\/atlasfitnes.com\/de\/datenschutzhinweis\/\" \/>\n<meta property=\"og:site_name\" content=\"Atlas Fitnes\" \/>\n<meta property=\"article:modified_time\" content=\"2024-06-14T06:23:43+00:00\" \/>\n<meta name=\"twitter:card\" content=\"summary_large_image\" \/>\n<meta name=\"twitter:label1\" content=\"Gesch\u00e4tzte Lesezeit\" \/>\n\t<meta name=\"twitter:data1\" content=\"3\u00a0Minuten\" \/>\n<script type=\"application\/ld+json\" class=\"yoast-schema-graph\">{\"@context\":\"https:\/\/schema.org\",\"@graph\":[{\"@type\":\"WebPage\",\"@id\":\"https:\/\/atlasfitnes.com\/privacy-notice\/\",\"url\":\"https:\/\/atlasfitnes.com\/privacy-notice\/\",\"name\":\"Privacy Notice - Atlas Fitnes\",\"isPartOf\":{\"@id\":\"https:\/\/atlasfitnes.com\/#website\"},\"datePublished\":\"2023-10-17T07:09:04+00:00\",\"dateModified\":\"2024-06-14T06:23:43+00:00\",\"description\":\"Privacy Notice - Atlas Fitnes\",\"breadcrumb\":{\"@id\":\"https:\/\/atlasfitnes.com\/privacy-notice\/#breadcrumb\"},\"inLanguage\":\"de\",\"potentialAction\":[{\"@type\":\"ReadAction\",\"target\":[\"https:\/\/atlasfitnes.com\/privacy-notice\/\"]}]},{\"@type\":\"BreadcrumbList\",\"@id\":\"https:\/\/atlasfitnes.com\/privacy-notice\/#breadcrumb\",\"itemListElement\":[{\"@type\":\"ListItem\",\"position\":1,\"name\":\"Home\",\"item\":\"https:\/\/atlasfitnes.com\/es\/\"},{\"@type\":\"ListItem\",\"position\":2,\"name\":\"Privacy Notice\"}]},{\"@type\":\"WebSite\",\"@id\":\"https:\/\/atlasfitnes.com\/#website\",\"url\":\"https:\/\/atlasfitnes.com\/\",\"name\":\"Atlas Fitnes\",\"description\":\"atlasfitnes.com\",\"publisher\":{\"@id\":\"https:\/\/atlasfitnes.com\/#organization\"},\"potentialAction\":[{\"@type\":\"SearchAction\",\"target\":{\"@type\":\"EntryPoint\",\"urlTemplate\":\"https:\/\/atlasfitnes.com\/?s={search_term_string}\"},\"query-input\":{\"@type\":\"PropertyValueSpecification\",\"valueRequired\":true,\"valueName\":\"search_term_string\"}}],\"inLanguage\":\"de\"},{\"@type\":\"Organization\",\"@id\":\"https:\/\/atlasfitnes.com\/#organization\",\"name\":\"Atlas Fitnes\",\"url\":\"https:\/\/atlasfitnes.com\/\",\"logo\":{\"@type\":\"ImageObject\",\"inLanguage\":\"de\",\"@id\":\"https:\/\/atlasfitnes.com\/#\/schema\/logo\/image\/\",\"url\":\"https:\/\/atlasfitnes.com\/wp-content\/uploads\/2024\/07\/logo-atlasfitnes-1.png\",\"contentUrl\":\"https:\/\/atlasfitnes.com\/wp-content\/uploads\/2024\/07\/logo-atlasfitnes-1.png\",\"width\":400,\"height\":138,\"caption\":\"Atlas Fitnes\"},\"image\":{\"@id\":\"https:\/\/atlasfitnes.com\/#\/schema\/logo\/image\/\"}}]}<\/script>\n<!-- \/ Yoast SEO Premium plugin. -->","yoast_head_json":{"title":"Privacy Notice - Atlas Fitnes","description":"Privacy Notice - Atlas Fitnes","robots":{"index":"index","follow":"follow","max-snippet":"max-snippet:-1","max-image-preview":"max-image-preview:large","max-video-preview":"max-video-preview:-1"},"canonical":"https:\/\/atlasfitnes.com\/de\/datenschutzhinweis\/","og_locale":"de_DE","og_type":"article","og_title":"Privacy Notice","og_description":"Privacy Notice - Atlas Fitnes","og_url":"https:\/\/atlasfitnes.com\/de\/datenschutzhinweis\/","og_site_name":"Atlas Fitnes","article_modified_time":"2024-06-14T06:23:43+00:00","twitter_card":"summary_large_image","twitter_misc":{"Gesch\u00e4tzte Lesezeit":"3\u00a0Minuten"},"schema":{"@context":"https:\/\/schema.org","@graph":[{"@type":"WebPage","@id":"https:\/\/atlasfitnes.com\/privacy-notice\/","url":"https:\/\/atlasfitnes.com\/privacy-notice\/","name":"Privacy Notice - Atlas Fitnes","isPartOf":{"@id":"https:\/\/atlasfitnes.com\/#website"},"datePublished":"2023-10-17T07:09:04+00:00","dateModified":"2024-06-14T06:23:43+00:00","description":"Privacy Notice - Atlas Fitnes","breadcrumb":{"@id":"https:\/\/atlasfitnes.com\/privacy-notice\/#breadcrumb"},"inLanguage":"de","potentialAction":[{"@type":"ReadAction","target":["https:\/\/atlasfitnes.com\/privacy-notice\/"]}]},{"@type":"BreadcrumbList","@id":"https:\/\/atlasfitnes.com\/privacy-notice\/#breadcrumb","itemListElement":[{"@type":"ListItem","position":1,"name":"Home","item":"https:\/\/atlasfitnes.com\/es\/"},{"@type":"ListItem","position":2,"name":"Privacy Notice"}]},{"@type":"WebSite","@id":"https:\/\/atlasfitnes.com\/#website","url":"https:\/\/atlasfitnes.com\/","name":"Atlas Fitnes","description":"atlasfitnes.com","publisher":{"@id":"https:\/\/atlasfitnes.com\/#organization"},"potentialAction":[{"@type":"SearchAction","target":{"@type":"EntryPoint","urlTemplate":"https:\/\/atlasfitnes.com\/?s={search_term_string}"},"query-input":{"@type":"PropertyValueSpecification","valueRequired":true,"valueName":"search_term_string"}}],"inLanguage":"de"},{"@type":"Organization","@id":"https:\/\/atlasfitnes.com\/#organization","name":"Atlas Fitnes","url":"https:\/\/atlasfitnes.com\/","logo":{"@type":"ImageObject","inLanguage":"de","@id":"https:\/\/atlasfitnes.com\/#\/schema\/logo\/image\/","url":"https:\/\/atlasfitnes.com\/wp-content\/uploads\/2024\/07\/logo-atlasfitnes-1.png","contentUrl":"https:\/\/atlasfitnes.com\/wp-content\/uploads\/2024\/07\/logo-atlasfitnes-1.png","width":400,"height":138,"caption":"Atlas Fitnes"},"image":{"@id":"https:\/\/atlasfitnes.com\/#\/schema\/logo\/image\/"}}]}},"_links":{"self":[{"href":"https:\/\/atlasfitnes.com\/de\/wp-json\/wp\/v2\/pages\/4114"}],"collection":[{"href":"https:\/\/atlasfitnes.com\/de\/wp-json\/wp\/v2\/pages"}],"about":[{"href":"https:\/\/atlasfitnes.com\/de\/wp-json\/wp\/v2\/types\/page"}],"author":[{"embeddable":true,"href":"https:\/\/atlasfitnes.com\/de\/wp-json\/wp\/v2\/users\/3"}],"replies":[{"embeddable":true,"href":"https:\/\/atlasfitnes.com\/de\/wp-json\/wp\/v2\/comments?post=4114"}],"version-history":[{"count":0,"href":"https:\/\/atlasfitnes.com\/de\/wp-json\/wp\/v2\/pages\/4114\/revisions"}],"wp:attachment":[{"href":"https:\/\/atlasfitnes.com\/de\/wp-json\/wp\/v2\/media?parent=4114"}],"curies":[{"name":"wp","href":"https:\/\/api.w.org\/{rel}","templated":true}]}}