{"id":3874,"date":"2023-10-06T06:35:46","date_gmt":"2023-10-06T06:35:46","guid":{"rendered":"https:\/\/atlasfitnes.com\/?post_type=product&#038;p=3874"},"modified":"2024-07-11T12:29:39","modified_gmt":"2024-07-11T12:29:39","slug":"mens-advanced-programme","status":"publish","type":"product","link":"https:\/\/atlasfitnes.com\/da\/vare\/videregaende-program-for-maend-2\/","title":{"rendered":"VIDEREG\u00c5ENDE PROGRAM FOR M\u00c6ND"},"content":{"rendered":"<p><span style=\"font-weight: 400;\">ATLAS AVANCERET\u00a0<\/span><\/p>\n<p>Vores avancerede program er designet til at overvinde plateauer. Det er designet til dem, der allerede har erfaring med fitness, og som \u00f8nsker at tage deres sundhed og fysik til det n\u00e6ste niveau. Der er et avanceret program for kvinder og et for m\u00e6nd. Er du klar til 12-ugers-udfordringen? Start i dag!<\/p>\n<p>De grundl\u00e6ggende elementer i programmet:<\/p>\n<p><strong>Uddannelse<\/strong><\/p>\n<p>Programmet er en kilde til uddannelse i sundhed og fitness, regenerering og generel trivsel. Det l\u00e6rer deltagerne at foretage varige livsstils\u00e6ndringer, som kan opretholdes efter programmets afslutning.<\/p>\n<p><strong>F\u00f8devarer<\/strong><\/p>\n<p>Giver en avanceret forst\u00e5else af sund kost, ledsaget af en h\u00e5ndbog med nye, sunde og nemme opskrifter.<\/p>\n<p><strong>M\u00e5lrettede programmer<\/strong><\/p>\n<p>Designet til at optimere din vej til den fysik og det helbred, du dr\u00f8mmer om. Den er baseret p\u00e5 gennempr\u00f8vet evidens og ny viden.<\/p>\n<p><strong>Forsiden<\/strong><\/p>\n<p>Det avancerede program fungerer som et springbr\u00e6t til det n\u00e6ste niveau. Det er designet til at teste dig selv og se, hvad du er i stand til at opn\u00e5. Lad v\u00e6re med at stagnere, s\u00f8rg for at g\u00f8re fremskridt!<\/p>\n<p>&nbsp;<\/p>","protected":false},"excerpt":{"rendered":"<p>Kun 99,99 euro for en gangs skyld!<\/p>\n<p>Det avancerede program omfatter:<\/p>\n<ul>\n<li>Avanceret 12-ugers fitnessprogram<\/li>\n<li>Videoer med demonstration af \u00f8velser<\/li>\n<li>Det avancerede program \"Fundamentals of Fitness\"<\/li>\n<li>En samling af enkle, sunde og l\u00e6kre opskrifter<\/li>\n<li>Indk\u00f8bsliste<\/li>\n<\/ul>","protected":false},"featured_media":7784,"comment_status":"open","ping_status":"closed","template":"","meta":{"ocean_post_layout":"","ocean_both_sidebars_style":"","ocean_both_sidebars_content_width":0,"ocean_both_sidebars_sidebars_width":0,"ocean_sidebar":"0","ocean_second_sidebar":"0","ocean_disable_margins":"enable","ocean_add_body_class":"","ocean_shortcode_before_top_bar":"","ocean_shortcode_after_top_bar":"","ocean_shortcode_before_header":"","ocean_shortcode_after_header":"","ocean_has_shortcode":"","ocean_shortcode_after_title":"","ocean_shortcode_before_footer_widgets":"","ocean_shortcode_after_footer_widgets":"","ocean_shortcode_before_footer_bottom":"","ocean_shortcode_after_footer_bottom":"","ocean_display_top_bar":"default","ocean_display_header":"default","ocean_header_style":"","ocean_center_header_left_menu":"0","ocean_custom_header_template":"0","ocean_custom_logo":0,"ocean_custom_retina_logo":0,"ocean_custom_logo_max_width":0,"ocean_custom_logo_tablet_max_width":0,"ocean_custom_logo_mobile_max_width":0,"ocean_custom_logo_max_height":0,"ocean_custom_logo_tablet_max_height":0,"ocean_custom_logo_mobile_max_height":0,"ocean_header_custom_menu":"0","ocean_menu_typo_font_family":"0","ocean_menu_typo_font_subset":"","ocean_menu_typo_font_size":0,"ocean_menu_typo_font_size_tablet":0,"ocean_menu_typo_font_size_mobile":0,"ocean_menu_typo_font_size_unit":"px","ocean_menu_typo_font_weight":"","ocean_menu_typo_font_weight_tablet":"","ocean_menu_typo_font_weight_mobile":"","ocean_menu_typo_transform":"","ocean_menu_typo_transform_tablet":"","ocean_menu_typo_transform_mobile":"","ocean_menu_typo_line_height":0,"ocean_menu_typo_line_height_tablet":0,"ocean_menu_typo_line_height_mobile":0,"ocean_menu_typo_line_height_unit":"","ocean_menu_typo_spacing":0,"ocean_menu_typo_spacing_tablet":0,"ocean_menu_typo_spacing_mobile":0,"ocean_menu_typo_spacing_unit":"","ocean_menu_link_color":"","ocean_menu_link_color_hover":"","ocean_menu_link_color_active":"","ocean_menu_link_background":"","ocean_menu_link_hover_background":"","ocean_menu_link_active_background":"","ocean_menu_social_links_bg":"","ocean_menu_social_hover_links_bg":"","ocean_menu_social_links_color":"","ocean_menu_social_hover_links_color":"","ocean_disable_title":"default","ocean_disable_heading":"default","ocean_post_title":"","ocean_post_subheading":"","ocean_post_title_style":"","ocean_post_title_background_color":"","ocean_post_title_background":0,"ocean_post_title_bg_image_position":"","ocean_post_title_bg_image_attachment":"","ocean_post_title_bg_image_repeat":"","ocean_post_title_bg_image_size":"","ocean_post_title_height":0,"ocean_post_title_bg_overlay":0.5,"ocean_post_title_bg_overlay_color":"","ocean_disable_breadcrumbs":"default","ocean_breadcrumbs_color":"","ocean_breadcrumbs_separator_color":"","ocean_breadcrumbs_links_color":"","ocean_breadcrumbs_links_hover_color":"","ocean_display_footer_widgets":"default","ocean_display_footer_bottom":"default","ocean_custom_footer_template":"0","osh_disable_topbar_sticky":"default","osh_disable_header_sticky":"default","osh_sticky_header_style":"default","osh_sticky_header_effect":"","osh_custom_sticky_logo":0,"osh_custom_retina_sticky_logo":0,"osh_custom_sticky_logo_height":0,"osh_background_color":"","osh_links_color":"","osh_links_hover_color":"","osh_links_active_color":"","osh_links_bg_color":"","osh_links_hover_bg_color":"","osh_links_active_bg_color":"","osh_menu_social_links_color":"","osh_menu_social_hover_links_color":""},"product_cat":[43],"product_tag":[],"yoast_head":"<!-- This site is optimized with the Yoast SEO Premium plugin v23.4 (Yoast SEO v23.4) - https:\/\/yoast.com\/wordpress\/plugins\/seo\/ -->\n<title>MEN&#039;S ADVANCED PROGRAMME - Atlas Fitnes<\/title>\n<meta name=\"description\" content=\"MEN&#039;S ADVANCED PROGRAMME - Atlas Fitnes\" \/>\n<meta name=\"robots\" content=\"index, follow, max-snippet:-1, max-image-preview:large, max-video-preview:-1\" \/>\n<link rel=\"canonical\" href=\"https:\/\/atlasfitnes.com\/da\/vare\/videregaende-program-for-maend-2\/\" \/>\n<meta property=\"og:locale\" content=\"da_DK\" \/>\n<meta property=\"og:type\" content=\"article\" \/>\n<meta property=\"og:title\" content=\"MEN&#039;S ADVANCED PROGRAMME\" \/>\n<meta property=\"og:description\" content=\"MEN&#039;S ADVANCED PROGRAMME - Atlas Fitnes\" \/>\n<meta property=\"og:url\" content=\"https:\/\/atlasfitnes.com\/da\/vare\/videregaende-program-for-maend-2\/\" \/>\n<meta property=\"og:site_name\" content=\"Atlas Fitnes\" \/>\n<meta property=\"article:modified_time\" content=\"2024-07-11T12:29:39+00:00\" \/>\n<meta property=\"og:image\" content=\"https:\/\/atlasfitnes.com\/wp-content\/uploads\/2023\/10\/advanced-programe-mens.jpg\" \/>\n\t<meta property=\"og:image:width\" content=\"1080\" \/>\n\t<meta property=\"og:image:height\" content=\"1068\" \/>\n\t<meta property=\"og:image:type\" content=\"image\/jpeg\" \/>\n<meta name=\"twitter:card\" content=\"summary_large_image\" \/>\n<meta name=\"twitter:label1\" content=\"Estimeret l\u00e6setid\" \/>\n\t<meta name=\"twitter:data1\" content=\"1 minut\" \/>\n<script type=\"application\/ld+json\" class=\"yoast-schema-graph\">{\"@context\":\"https:\/\/schema.org\",\"@graph\":[{\"@type\":\"WebPage\",\"@id\":\"https:\/\/atlasfitnes.com\/product\/mens-advanced-programme\/\",\"url\":\"https:\/\/atlasfitnes.com\/product\/mens-advanced-programme\/\",\"name\":\"MEN'S ADVANCED PROGRAMME - Atlas Fitnes\",\"isPartOf\":{\"@id\":\"https:\/\/atlasfitnes.com\/#website\"},\"primaryImageOfPage\":{\"@id\":\"https:\/\/atlasfitnes.com\/product\/mens-advanced-programme\/#primaryimage\"},\"image\":{\"@id\":\"https:\/\/atlasfitnes.com\/product\/mens-advanced-programme\/#primaryimage\"},\"thumbnailUrl\":\"https:\/\/atlasfitnes.com\/wp-content\/uploads\/2023\/10\/advanced-programe-mens.jpg\",\"datePublished\":\"2023-10-06T06:35:46+00:00\",\"dateModified\":\"2024-07-11T12:29:39+00:00\",\"description\":\"MEN'S ADVANCED PROGRAMME - Atlas Fitnes\",\"breadcrumb\":{\"@id\":\"https:\/\/atlasfitnes.com\/product\/mens-advanced-programme\/#breadcrumb\"},\"inLanguage\":\"da-DK\",\"potentialAction\":[{\"@type\":\"ReadAction\",\"target\":[\"https:\/\/atlasfitnes.com\/product\/mens-advanced-programme\/\"]}]},{\"@type\":\"ImageObject\",\"inLanguage\":\"da-DK\",\"@id\":\"https:\/\/atlasfitnes.com\/product\/mens-advanced-programme\/#primaryimage\",\"url\":\"https:\/\/atlasfitnes.com\/wp-content\/uploads\/2023\/10\/advanced-programe-mens.jpg\",\"contentUrl\":\"https:\/\/atlasfitnes.com\/wp-content\/uploads\/2023\/10\/advanced-programe-mens.jpg\",\"width\":1080,\"height\":1068,\"caption\":\"Atlasfitnes -advanced programme\"},{\"@type\":\"BreadcrumbList\",\"@id\":\"https:\/\/atlasfitnes.com\/product\/mens-advanced-programme\/#breadcrumb\",\"itemListElement\":[{\"@type\":\"ListItem\",\"position\":1,\"name\":\"Home\",\"item\":\"https:\/\/atlasfitnes.com\/es\/\"},{\"@type\":\"ListItem\",\"position\":2,\"name\":\"Shop\",\"item\":\"https:\/\/atlasfitnes.com\/shop\/\"},{\"@type\":\"ListItem\",\"position\":3,\"name\":\"MEN&#8217;S ADVANCED PROGRAMME\"}]},{\"@type\":\"WebSite\",\"@id\":\"https:\/\/atlasfitnes.com\/#website\",\"url\":\"https:\/\/atlasfitnes.com\/\",\"name\":\"Atlas Fitnes\",\"description\":\"atlasfitnes.com\",\"publisher\":{\"@id\":\"https:\/\/atlasfitnes.com\/#organization\"},\"potentialAction\":[{\"@type\":\"SearchAction\",\"target\":{\"@type\":\"EntryPoint\",\"urlTemplate\":\"https:\/\/atlasfitnes.com\/?s={search_term_string}\"},\"query-input\":{\"@type\":\"PropertyValueSpecification\",\"valueRequired\":true,\"valueName\":\"search_term_string\"}}],\"inLanguage\":\"da-DK\"},{\"@type\":\"Organization\",\"@id\":\"https:\/\/atlasfitnes.com\/#organization\",\"name\":\"Atlas Fitnes\",\"url\":\"https:\/\/atlasfitnes.com\/\",\"logo\":{\"@type\":\"ImageObject\",\"inLanguage\":\"da-DK\",\"@id\":\"https:\/\/atlasfitnes.com\/#\/schema\/logo\/image\/\",\"url\":\"https:\/\/atlasfitnes.com\/wp-content\/uploads\/2024\/07\/logo-atlasfitnes-1.png\",\"contentUrl\":\"https:\/\/atlasfitnes.com\/wp-content\/uploads\/2024\/07\/logo-atlasfitnes-1.png\",\"width\":400,\"height\":138,\"caption\":\"Atlas Fitnes\"},\"image\":{\"@id\":\"https:\/\/atlasfitnes.com\/#\/schema\/logo\/image\/\"}}]}<\/script>\n<!-- \/ Yoast SEO Premium plugin. -->","yoast_head_json":{"title":"MEN'S ADVANCED PROGRAMME - Atlas Fitnes","description":"MEN'S ADVANCED PROGRAMME - Atlas Fitnes","robots":{"index":"index","follow":"follow","max-snippet":"max-snippet:-1","max-image-preview":"max-image-preview:large","max-video-preview":"max-video-preview:-1"},"canonical":"https:\/\/atlasfitnes.com\/da\/vare\/videregaende-program-for-maend-2\/","og_locale":"da_DK","og_type":"article","og_title":"MEN'S ADVANCED PROGRAMME","og_description":"MEN'S ADVANCED PROGRAMME - Atlas Fitnes","og_url":"https:\/\/atlasfitnes.com\/da\/vare\/videregaende-program-for-maend-2\/","og_site_name":"Atlas Fitnes","article_modified_time":"2024-07-11T12:29:39+00:00","og_image":[{"width":1080,"height":1068,"url":"https:\/\/atlasfitnes.com\/wp-content\/uploads\/2023\/10\/advanced-programe-mens.jpg","type":"image\/jpeg"}],"twitter_card":"summary_large_image","twitter_misc":{"Estimeret l\u00e6setid":"1 minut"},"schema":{"@context":"https:\/\/schema.org","@graph":[{"@type":"WebPage","@id":"https:\/\/atlasfitnes.com\/product\/mens-advanced-programme\/","url":"https:\/\/atlasfitnes.com\/product\/mens-advanced-programme\/","name":"MEN'S ADVANCED PROGRAMME - Atlas Fitnes","isPartOf":{"@id":"https:\/\/atlasfitnes.com\/#website"},"primaryImageOfPage":{"@id":"https:\/\/atlasfitnes.com\/product\/mens-advanced-programme\/#primaryimage"},"image":{"@id":"https:\/\/atlasfitnes.com\/product\/mens-advanced-programme\/#primaryimage"},"thumbnailUrl":"https:\/\/atlasfitnes.com\/wp-content\/uploads\/2023\/10\/advanced-programe-mens.jpg","datePublished":"2023-10-06T06:35:46+00:00","dateModified":"2024-07-11T12:29:39+00:00","description":"MEN'S ADVANCED PROGRAMME - Atlas Fitnes","breadcrumb":{"@id":"https:\/\/atlasfitnes.com\/product\/mens-advanced-programme\/#breadcrumb"},"inLanguage":"da-DK","potentialAction":[{"@type":"ReadAction","target":["https:\/\/atlasfitnes.com\/product\/mens-advanced-programme\/"]}]},{"@type":"ImageObject","inLanguage":"da-DK","@id":"https:\/\/atlasfitnes.com\/product\/mens-advanced-programme\/#primaryimage","url":"https:\/\/atlasfitnes.com\/wp-content\/uploads\/2023\/10\/advanced-programe-mens.jpg","contentUrl":"https:\/\/atlasfitnes.com\/wp-content\/uploads\/2023\/10\/advanced-programe-mens.jpg","width":1080,"height":1068,"caption":"Atlasfitnes -advanced programme"},{"@type":"BreadcrumbList","@id":"https:\/\/atlasfitnes.com\/product\/mens-advanced-programme\/#breadcrumb","itemListElement":[{"@type":"ListItem","position":1,"name":"Home","item":"https:\/\/atlasfitnes.com\/es\/"},{"@type":"ListItem","position":2,"name":"Shop","item":"https:\/\/atlasfitnes.com\/shop\/"},{"@type":"ListItem","position":3,"name":"MEN&#8217;S ADVANCED PROGRAMME"}]},{"@type":"WebSite","@id":"https:\/\/atlasfitnes.com\/#website","url":"https:\/\/atlasfitnes.com\/","name":"Atlas Fitnes","description":"atlasfitnes.com","publisher":{"@id":"https:\/\/atlasfitnes.com\/#organization"},"potentialAction":[{"@type":"SearchAction","target":{"@type":"EntryPoint","urlTemplate":"https:\/\/atlasfitnes.com\/?s={search_term_string}"},"query-input":{"@type":"PropertyValueSpecification","valueRequired":true,"valueName":"search_term_string"}}],"inLanguage":"da-DK"},{"@type":"Organization","@id":"https:\/\/atlasfitnes.com\/#organization","name":"Atlas Fitnes","url":"https:\/\/atlasfitnes.com\/","logo":{"@type":"ImageObject","inLanguage":"da-DK","@id":"https:\/\/atlasfitnes.com\/#\/schema\/logo\/image\/","url":"https:\/\/atlasfitnes.com\/wp-content\/uploads\/2024\/07\/logo-atlasfitnes-1.png","contentUrl":"https:\/\/atlasfitnes.com\/wp-content\/uploads\/2024\/07\/logo-atlasfitnes-1.png","width":400,"height":138,"caption":"Atlas Fitnes"},"image":{"@id":"https:\/\/atlasfitnes.com\/#\/schema\/logo\/image\/"}}]}},"_links":{"self":[{"href":"https:\/\/atlasfitnes.com\/da\/wp-json\/wp\/v2\/product\/3874"}],"collection":[{"href":"https:\/\/atlasfitnes.com\/da\/wp-json\/wp\/v2\/product"}],"about":[{"href":"https:\/\/atlasfitnes.com\/da\/wp-json\/wp\/v2\/types\/product"}],"replies":[{"embeddable":true,"href":"https:\/\/atlasfitnes.com\/da\/wp-json\/wp\/v2\/comments?post=3874"}],"version-history":[{"count":0,"href":"https:\/\/atlasfitnes.com\/da\/wp-json\/wp\/v2\/product\/3874\/revisions"}],"wp:featuredmedia":[{"embeddable":true,"href":"https:\/\/atlasfitnes.com\/da\/wp-json\/wp\/v2\/media\/7784"}],"wp:attachment":[{"href":"https:\/\/atlasfitnes.com\/da\/wp-json\/wp\/v2\/media?parent=3874"}],"wp:term":[{"taxonomy":"product_cat","embeddable":true,"href":"https:\/\/atlasfitnes.com\/da\/wp-json\/wp\/v2\/product_cat?post=3874"},{"taxonomy":"product_tag","embeddable":true,"href":"https:\/\/atlasfitnes.com\/da\/wp-json\/wp\/v2\/product_tag?post=3874"}],"curies":[{"name":"wp","href":"https:\/\/api.w.org\/{rel}","templated":true}]}}