{"id":4637,"date":"2023-12-27T08:15:31","date_gmt":"2023-12-27T08:15:31","guid":{"rendered":"https:\/\/atlasfitnes.com\/?post_type=product&#038;p=4637"},"modified":"2024-07-11T12:30:41","modified_gmt":"2024-07-11T12:30:41","slug":"homework-programme","status":"publish","type":"product","link":"https:\/\/atlasfitnes.com\/cs\/produkt\/program-domacich-ukolu-2\/","title":{"rendered":"PROGRAM DOM\u00c1C\u00cdCH \u00daKOL\u016e"},"content":{"rendered":"<p>DOM\u00c1C\u00cd \u00daKOLY 12T\u00ddDENN\u00cd PROGRAM<\/p>\n<ul>\n<li>12t\u00fddenn\u00ed program<\/li>\n<li>sb\u00edrka recept\u016f<\/li>\n<li>uk\u00e1zkov\u00e1 videa<\/li>\n<li>nejd\u016fle\u017eit\u011bj\u0161\u00ed fakta a tipy<\/li>\n<\/ul>\n<p>1 \u010das 39,99<\/p>","protected":false},"excerpt":{"rendered":"<p>DOM\u00c1C\u00cd \u00daKOLY 12T\u00ddDENN\u00cd PROGRAM<\/p>\n<ul>\n<li>12t\u00fddenn\u00ed program<\/li>\n<li>sb\u00edrka recept\u016f<\/li>\n<li>uk\u00e1zkov\u00e1 videa<\/li>\n<li>nejd\u016fle\u017eit\u011bj\u0161\u00ed fakta a tipy<\/li>\n<\/ul>\n<p>Cena 1 kr\u00e1t 39,99<\/p>\n<p>N\u00e1\u0161 pokro\u010dil\u00fd program je navr\u017een tak, aby umo\u017enil p\u0159ekonat plat\u00f3. Je ur\u010den v\u0161em, kte\u0159\u00ed ji\u017e maj\u00ed zku\u0161enosti s fitness a cht\u011bj\u00ed sv\u00e9 zdrav\u00ed a postavu posunout na vy\u0161\u0161\u00ed \u00farove\u0148. K dispozici jsou pokro\u010dil\u00e9 programy pro \u017eeny a mu\u017ee. Jste p\u0159ipraveni na 12t\u00fddenn\u00ed v\u00fdzvu? Za\u010dn\u011bte je\u0161t\u011b dnes!<\/p>\n<p>Z\u00e1klady programu:<\/p>\n<p><strong>Vzd\u011bl\u00e1v\u00e1n\u00ed<\/strong><\/p>\n<p>Program nab\u00edz\u00ed zdroje vzd\u011bl\u00e1v\u00e1n\u00ed v oblasti zdrav\u00ed a kondice, regenerace a celkov\u00e9 pohody. U\u010d\u00ed \u00fa\u010dastn\u00edky prov\u00e1d\u011bt trval\u00e9 zm\u011bny \u017eivotn\u00edho stylu, kter\u00e9 p\u0159etrvaj\u00ed i po skon\u010den\u00ed programu.<\/p>\n<p><strong>Potraviny<\/strong><\/p>\n<p>Nab\u00edz\u00ed pokro\u010dil\u00e9 znalosti o zdrav\u00e9m stravov\u00e1n\u00ed dopln\u011bn\u00e9 p\u0159\u00edru\u010dkou nov\u00fdch, zdrav\u00fdch a snadn\u00fdch recept\u016f.<\/p>\n<p><strong>\u0158\u00edzen\u00e9 programy<\/strong><\/p>\n<p>Je navr\u017een tak, aby optimalizoval va\u0161i cestu k vysn\u011bn\u00e9 postav\u011b a zdrav\u00ed. Vych\u00e1z\u00ed z \u010dasem ov\u011b\u0159en\u00fdch fakt\u016f a nov\u00fdch poznatk\u016f.<\/p>\n<p><strong>Progress<\/strong><\/p>\n<p>Program pro pokro\u010dil\u00e9 slou\u017e\u00ed jako odrazov\u00fd m\u016fstek k dal\u0161\u00ed \u00farovni. Je navr\u017een tak, abyste si vyzkou\u0161eli, \u010deho jste schopni dos\u00e1hnout. Nestagnujte, d\u011blejte pokroky!<\/p>","protected":false},"featured_media":7785,"comment_status":"closed","ping_status":"closed","template":"","meta":{"ocean_post_layout":"","ocean_both_sidebars_style":"","ocean_both_sidebars_content_width":0,"ocean_both_sidebars_sidebars_width":0,"ocean_sidebar":"0","ocean_second_sidebar":"0","ocean_disable_margins":"enable","ocean_add_body_class":"","ocean_shortcode_before_top_bar":"","ocean_shortcode_after_top_bar":"","ocean_shortcode_before_header":"","ocean_shortcode_after_header":"","ocean_has_shortcode":"","ocean_shortcode_after_title":"","ocean_shortcode_before_footer_widgets":"","ocean_shortcode_after_footer_widgets":"","ocean_shortcode_before_footer_bottom":"","ocean_shortcode_after_footer_bottom":"","ocean_display_top_bar":"default","ocean_display_header":"default","ocean_header_style":"","ocean_center_header_left_menu":"0","ocean_custom_header_template":"0","ocean_custom_logo":0,"ocean_custom_retina_logo":0,"ocean_custom_logo_max_width":0,"ocean_custom_logo_tablet_max_width":0,"ocean_custom_logo_mobile_max_width":0,"ocean_custom_logo_max_height":0,"ocean_custom_logo_tablet_max_height":0,"ocean_custom_logo_mobile_max_height":0,"ocean_header_custom_menu":"0","ocean_menu_typo_font_family":"0","ocean_menu_typo_font_subset":"","ocean_menu_typo_font_size":0,"ocean_menu_typo_font_size_tablet":0,"ocean_menu_typo_font_size_mobile":0,"ocean_menu_typo_font_size_unit":"px","ocean_menu_typo_font_weight":"","ocean_menu_typo_font_weight_tablet":"","ocean_menu_typo_font_weight_mobile":"","ocean_menu_typo_transform":"","ocean_menu_typo_transform_tablet":"","ocean_menu_typo_transform_mobile":"","ocean_menu_typo_line_height":0,"ocean_menu_typo_line_height_tablet":0,"ocean_menu_typo_line_height_mobile":0,"ocean_menu_typo_line_height_unit":"","ocean_menu_typo_spacing":0,"ocean_menu_typo_spacing_tablet":0,"ocean_menu_typo_spacing_mobile":0,"ocean_menu_typo_spacing_unit":"","ocean_menu_link_color":"","ocean_menu_link_color_hover":"","ocean_menu_link_color_active":"","ocean_menu_link_background":"","ocean_menu_link_hover_background":"","ocean_menu_link_active_background":"","ocean_menu_social_links_bg":"","ocean_menu_social_hover_links_bg":"","ocean_menu_social_links_color":"","ocean_menu_social_hover_links_color":"","ocean_disable_title":"default","ocean_disable_heading":"default","ocean_post_title":"","ocean_post_subheading":"","ocean_post_title_style":"","ocean_post_title_background_color":"","ocean_post_title_background":0,"ocean_post_title_bg_image_position":"","ocean_post_title_bg_image_attachment":"","ocean_post_title_bg_image_repeat":"","ocean_post_title_bg_image_size":"","ocean_post_title_height":0,"ocean_post_title_bg_overlay":0.5,"ocean_post_title_bg_overlay_color":"","ocean_disable_breadcrumbs":"default","ocean_breadcrumbs_color":"","ocean_breadcrumbs_separator_color":"","ocean_breadcrumbs_links_color":"","ocean_breadcrumbs_links_hover_color":"","ocean_display_footer_widgets":"default","ocean_display_footer_bottom":"default","ocean_custom_footer_template":"0","osh_disable_topbar_sticky":"default","osh_disable_header_sticky":"default","osh_sticky_header_style":"default","osh_sticky_header_effect":"","osh_custom_sticky_logo":0,"osh_custom_retina_sticky_logo":0,"osh_custom_sticky_logo_height":0,"osh_background_color":"","osh_links_color":"","osh_links_hover_color":"","osh_links_active_color":"","osh_links_bg_color":"","osh_links_hover_bg_color":"","osh_links_active_bg_color":"","osh_menu_social_links_color":"","osh_menu_social_hover_links_color":""},"product_cat":[43,44],"product_tag":[],"yoast_head":"<!-- This site is optimized with the Yoast SEO Premium plugin v23.4 (Yoast SEO v23.4) - https:\/\/yoast.com\/wordpress\/plugins\/seo\/ -->\n<title>HOMEWORK PROGRAMME - Atlas Fitnes<\/title>\n<meta name=\"description\" content=\"HOMEWORK PROGRAMME - Atlas Fitnes\" \/>\n<meta name=\"robots\" content=\"index, follow, max-snippet:-1, max-image-preview:large, max-video-preview:-1\" \/>\n<link rel=\"canonical\" href=\"https:\/\/atlasfitnes.com\/cs\/produkt\/program-domacich-ukolu-2\/\" \/>\n<meta property=\"og:locale\" content=\"cs_CZ\" \/>\n<meta property=\"og:type\" content=\"article\" \/>\n<meta property=\"og:title\" content=\"HOMEWORK PROGRAMME\" \/>\n<meta property=\"og:description\" content=\"HOMEWORK PROGRAMME - Atlas Fitnes\" \/>\n<meta property=\"og:url\" content=\"https:\/\/atlasfitnes.com\/cs\/produkt\/program-domacich-ukolu-2\/\" \/>\n<meta property=\"og:site_name\" content=\"Atlas Fitnes\" \/>\n<meta property=\"article:modified_time\" content=\"2024-07-11T12:30:41+00:00\" \/>\n<meta property=\"og:image\" content=\"https:\/\/atlasfitnes.com\/wp-content\/uploads\/2023\/10\/Homework-programme.jpg\" \/>\n\t<meta property=\"og:image:width\" content=\"1080\" \/>\n\t<meta property=\"og:image:height\" content=\"1068\" \/>\n\t<meta property=\"og:image:type\" content=\"image\/jpeg\" \/>\n<meta name=\"twitter:card\" content=\"summary_large_image\" \/>\n<script type=\"application\/ld+json\" class=\"yoast-schema-graph\">{\"@context\":\"https:\/\/schema.org\",\"@graph\":[{\"@type\":\"WebPage\",\"@id\":\"https:\/\/atlasfitnes.com\/product\/homework-programme\/\",\"url\":\"https:\/\/atlasfitnes.com\/product\/homework-programme\/\",\"name\":\"HOMEWORK PROGRAMME - Atlas Fitnes\",\"isPartOf\":{\"@id\":\"https:\/\/atlasfitnes.com\/#website\"},\"primaryImageOfPage\":{\"@id\":\"https:\/\/atlasfitnes.com\/product\/homework-programme\/#primaryimage\"},\"image\":{\"@id\":\"https:\/\/atlasfitnes.com\/product\/homework-programme\/#primaryimage\"},\"thumbnailUrl\":\"https:\/\/atlasfitnes.com\/wp-content\/uploads\/2023\/10\/Homework-programme.jpg\",\"datePublished\":\"2023-12-27T08:15:31+00:00\",\"dateModified\":\"2024-07-11T12:30:41+00:00\",\"description\":\"HOMEWORK PROGRAMME - Atlas Fitnes\",\"breadcrumb\":{\"@id\":\"https:\/\/atlasfitnes.com\/product\/homework-programme\/#breadcrumb\"},\"inLanguage\":\"cs\",\"potentialAction\":[{\"@type\":\"ReadAction\",\"target\":[\"https:\/\/atlasfitnes.com\/product\/homework-programme\/\"]}]},{\"@type\":\"ImageObject\",\"inLanguage\":\"cs\",\"@id\":\"https:\/\/atlasfitnes.com\/product\/homework-programme\/#primaryimage\",\"url\":\"https:\/\/atlasfitnes.com\/wp-content\/uploads\/2023\/10\/Homework-programme.jpg\",\"contentUrl\":\"https:\/\/atlasfitnes.com\/wp-content\/uploads\/2023\/10\/Homework-programme.jpg\",\"width\":1080,\"height\":1068,\"caption\":\"Atlasfitnes-homework programme\"},{\"@type\":\"BreadcrumbList\",\"@id\":\"https:\/\/atlasfitnes.com\/product\/homework-programme\/#breadcrumb\",\"itemListElement\":[{\"@type\":\"ListItem\",\"position\":1,\"name\":\"Home\",\"item\":\"https:\/\/atlasfitnes.com\/es\/\"},{\"@type\":\"ListItem\",\"position\":2,\"name\":\"Shop\",\"item\":\"https:\/\/atlasfitnes.com\/shop\/\"},{\"@type\":\"ListItem\",\"position\":3,\"name\":\"HOMEWORK PROGRAMME\"}]},{\"@type\":\"WebSite\",\"@id\":\"https:\/\/atlasfitnes.com\/#website\",\"url\":\"https:\/\/atlasfitnes.com\/\",\"name\":\"Atlas Fitnes\",\"description\":\"atlasfitnes.com\",\"publisher\":{\"@id\":\"https:\/\/atlasfitnes.com\/#organization\"},\"potentialAction\":[{\"@type\":\"SearchAction\",\"target\":{\"@type\":\"EntryPoint\",\"urlTemplate\":\"https:\/\/atlasfitnes.com\/?s={search_term_string}\"},\"query-input\":{\"@type\":\"PropertyValueSpecification\",\"valueRequired\":true,\"valueName\":\"search_term_string\"}}],\"inLanguage\":\"cs\"},{\"@type\":\"Organization\",\"@id\":\"https:\/\/atlasfitnes.com\/#organization\",\"name\":\"Atlas Fitnes\",\"url\":\"https:\/\/atlasfitnes.com\/\",\"logo\":{\"@type\":\"ImageObject\",\"inLanguage\":\"cs\",\"@id\":\"https:\/\/atlasfitnes.com\/#\/schema\/logo\/image\/\",\"url\":\"https:\/\/atlasfitnes.com\/wp-content\/uploads\/2024\/07\/logo-atlasfitnes-1.png\",\"contentUrl\":\"https:\/\/atlasfitnes.com\/wp-content\/uploads\/2024\/07\/logo-atlasfitnes-1.png\",\"width\":400,\"height\":138,\"caption\":\"Atlas Fitnes\"},\"image\":{\"@id\":\"https:\/\/atlasfitnes.com\/#\/schema\/logo\/image\/\"}}]}<\/script>\n<!-- \/ Yoast SEO Premium plugin. -->","yoast_head_json":{"title":"HOMEWORK PROGRAMME - Atlas Fitnes","description":"HOMEWORK PROGRAMME - Atlas Fitnes","robots":{"index":"index","follow":"follow","max-snippet":"max-snippet:-1","max-image-preview":"max-image-preview:large","max-video-preview":"max-video-preview:-1"},"canonical":"https:\/\/atlasfitnes.com\/cs\/produkt\/program-domacich-ukolu-2\/","og_locale":"cs_CZ","og_type":"article","og_title":"HOMEWORK PROGRAMME","og_description":"HOMEWORK PROGRAMME - Atlas Fitnes","og_url":"https:\/\/atlasfitnes.com\/cs\/produkt\/program-domacich-ukolu-2\/","og_site_name":"Atlas Fitnes","article_modified_time":"2024-07-11T12:30:41+00:00","og_image":[{"width":1080,"height":1068,"url":"https:\/\/atlasfitnes.com\/wp-content\/uploads\/2023\/10\/Homework-programme.jpg","type":"image\/jpeg"}],"twitter_card":"summary_large_image","schema":{"@context":"https:\/\/schema.org","@graph":[{"@type":"WebPage","@id":"https:\/\/atlasfitnes.com\/product\/homework-programme\/","url":"https:\/\/atlasfitnes.com\/product\/homework-programme\/","name":"HOMEWORK PROGRAMME - Atlas Fitnes","isPartOf":{"@id":"https:\/\/atlasfitnes.com\/#website"},"primaryImageOfPage":{"@id":"https:\/\/atlasfitnes.com\/product\/homework-programme\/#primaryimage"},"image":{"@id":"https:\/\/atlasfitnes.com\/product\/homework-programme\/#primaryimage"},"thumbnailUrl":"https:\/\/atlasfitnes.com\/wp-content\/uploads\/2023\/10\/Homework-programme.jpg","datePublished":"2023-12-27T08:15:31+00:00","dateModified":"2024-07-11T12:30:41+00:00","description":"HOMEWORK PROGRAMME - Atlas Fitnes","breadcrumb":{"@id":"https:\/\/atlasfitnes.com\/product\/homework-programme\/#breadcrumb"},"inLanguage":"cs","potentialAction":[{"@type":"ReadAction","target":["https:\/\/atlasfitnes.com\/product\/homework-programme\/"]}]},{"@type":"ImageObject","inLanguage":"cs","@id":"https:\/\/atlasfitnes.com\/product\/homework-programme\/#primaryimage","url":"https:\/\/atlasfitnes.com\/wp-content\/uploads\/2023\/10\/Homework-programme.jpg","contentUrl":"https:\/\/atlasfitnes.com\/wp-content\/uploads\/2023\/10\/Homework-programme.jpg","width":1080,"height":1068,"caption":"Atlasfitnes-homework programme"},{"@type":"BreadcrumbList","@id":"https:\/\/atlasfitnes.com\/product\/homework-programme\/#breadcrumb","itemListElement":[{"@type":"ListItem","position":1,"name":"Home","item":"https:\/\/atlasfitnes.com\/es\/"},{"@type":"ListItem","position":2,"name":"Shop","item":"https:\/\/atlasfitnes.com\/shop\/"},{"@type":"ListItem","position":3,"name":"HOMEWORK PROGRAMME"}]},{"@type":"WebSite","@id":"https:\/\/atlasfitnes.com\/#website","url":"https:\/\/atlasfitnes.com\/","name":"Atlas Fitnes","description":"atlasfitnes.com","publisher":{"@id":"https:\/\/atlasfitnes.com\/#organization"},"potentialAction":[{"@type":"SearchAction","target":{"@type":"EntryPoint","urlTemplate":"https:\/\/atlasfitnes.com\/?s={search_term_string}"},"query-input":{"@type":"PropertyValueSpecification","valueRequired":true,"valueName":"search_term_string"}}],"inLanguage":"cs"},{"@type":"Organization","@id":"https:\/\/atlasfitnes.com\/#organization","name":"Atlas Fitnes","url":"https:\/\/atlasfitnes.com\/","logo":{"@type":"ImageObject","inLanguage":"cs","@id":"https:\/\/atlasfitnes.com\/#\/schema\/logo\/image\/","url":"https:\/\/atlasfitnes.com\/wp-content\/uploads\/2024\/07\/logo-atlasfitnes-1.png","contentUrl":"https:\/\/atlasfitnes.com\/wp-content\/uploads\/2024\/07\/logo-atlasfitnes-1.png","width":400,"height":138,"caption":"Atlas Fitnes"},"image":{"@id":"https:\/\/atlasfitnes.com\/#\/schema\/logo\/image\/"}}]}},"_links":{"self":[{"href":"https:\/\/atlasfitnes.com\/cs\/wp-json\/wp\/v2\/product\/4637"}],"collection":[{"href":"https:\/\/atlasfitnes.com\/cs\/wp-json\/wp\/v2\/product"}],"about":[{"href":"https:\/\/atlasfitnes.com\/cs\/wp-json\/wp\/v2\/types\/product"}],"replies":[{"embeddable":true,"href":"https:\/\/atlasfitnes.com\/cs\/wp-json\/wp\/v2\/comments?post=4637"}],"version-history":[{"count":0,"href":"https:\/\/atlasfitnes.com\/cs\/wp-json\/wp\/v2\/product\/4637\/revisions"}],"wp:featuredmedia":[{"embeddable":true,"href":"https:\/\/atlasfitnes.com\/cs\/wp-json\/wp\/v2\/media\/7785"}],"wp:attachment":[{"href":"https:\/\/atlasfitnes.com\/cs\/wp-json\/wp\/v2\/media?parent=4637"}],"wp:term":[{"taxonomy":"product_cat","embeddable":true,"href":"https:\/\/atlasfitnes.com\/cs\/wp-json\/wp\/v2\/product_cat?post=4637"},{"taxonomy":"product_tag","embeddable":true,"href":"https:\/\/atlasfitnes.com\/cs\/wp-json\/wp\/v2\/product_tag?post=4637"}],"curies":[{"name":"wp","href":"https:\/\/api.w.org\/{rel}","templated":true}]}}